{"id":1047,"date":"2025-05-22T22:51:47","date_gmt":"2025-05-22T20:51:47","guid":{"rendered":"https:\/\/innovaartconceptstore.com\/?page_id=1047"},"modified":"2026-04-09T15:09:04","modified_gmt":"2026-04-09T13:09:04","slug":"le-concept-galerie-residenza","status":"publish","type":"page","link":"https:\/\/galerieresidenza.com\/index.php\/le-concept-galerie-residenza\/","title":{"rendered":"Une Galerie, un Concept"},"content":{"rendered":"\n<div class=\"wp-block-columns is-layout-flex wp-container-core-columns-is-layout-28f84493 wp-block-columns-is-layout-flex\">\n<div class=\"wp-block-column is-layout-flow wp-block-column-is-layout-flow\">\n<h2 class=\"wp-block-heading\">Residenza<br><strong>L\u00e0 o\u00f9 l\u2019art s\u2019installe<\/strong><\/h2>\n\n\n\n<p>La Galerie R\u00e9sidenza est n\u00e9e d\u2019une conviction profonde : l\u2019art n\u2019est pas un luxe, c\u2019est une n\u00e9cessit\u00e9.<\/p>\n\n\n\n<p>Fond\u00e9e par Marie-Diane Leca, collectionneuse passionn\u00e9e depuis toujours, la galerie est le prolongement naturel d\u2019un regard, d\u2019une sensibilit\u00e9, et d\u2019un engagement de longue date envers la cr\u00e9ation artistique. Tr\u00e8s t\u00f4t, l\u2019art s\u2019est impos\u00e9 comme un langage, un refuge, mais aussi comme une \u00e9vidence. Collectionner, observer, ressentir\u2026 avant m\u00eame d\u2019exposer.<\/p>\n\n\n\n<p>R\u00e9sidenza n\u2019est pas simplement un lieu d\u2019exposition, c\u2019est un espace de rencontre entre les univers, les \u00e9motions et les \u00e9nergies. Une galerie vivante, o\u00f9 se croisent artistes \u00e9mergents et signatures confirm\u00e9es, dans une approche r\u00e9solument contemporaine, ouverte et sans codes fig\u00e9s.<\/p>\n\n\n\n<p>\u00c0 travers une ligne artistique \u00e9clectique \u2014 du street art \u00e0 des expressions plus conceptuelles \u2014 la galerie d\u00e9fend des \u0153uvres qui racontent, qui bousculent, qui vibrent. Chaque artiste est s\u00e9lectionn\u00e9 pour la singularit\u00e9 de son univers et la sinc\u00e9rit\u00e9 de sa d\u00e9marche.<\/p>\n\n\n\n<p>Mais R\u00e9sidenza, c\u2019est aussi une vision : rendre l\u2019art accessible sans le d\u00e9naturer. Accompagner les collectionneurs, qu\u2019ils soient initi\u00e9s ou primo-acqu\u00e9reurs, dans une approche sensible et engag\u00e9e de l\u2019acquisition. Proposer des \u0153uvres qui trouvent leur place dans des lieux de vie, qui dialoguent avec les espaces et ceux qui les habitent.<\/p>\n\n\n\n<p>Plus qu\u2019une galerie, R\u00e9sidenza est une exp\u00e9rience.<\/p>\n\n\n\n<p>Un lieu o\u00f9 l\u2019on entre par curiosit\u00e9\u2026 et d\u2019o\u00f9 l\u2019on ressort transform\u00e9.<\/p>\n<\/div>\n\n\n\n<div class=\"wp-block-column is-layout-flow wp-block-column-is-layout-flow\">\n<figure class=\"wp-block-image size-large\"><img fetchpriority=\"high\" decoding=\"async\" width=\"683\" height=\"1024\" src=\"https:\/\/innovaartconceptstore.com\/wp-content\/uploads\/2025\/04\/projet-residenza-683x1024.jpg\" alt=\"Projet Residenza\" class=\"wp-image-515\" srcset=\"https:\/\/galerieresidenza.com\/wp-content\/uploads\/2025\/04\/projet-residenza-683x1024.jpg 683w, https:\/\/galerieresidenza.com\/wp-content\/uploads\/2025\/04\/projet-residenza-200x300.jpg 200w, https:\/\/galerieresidenza.com\/wp-content\/uploads\/2025\/04\/projet-residenza-768x1152.jpg 768w, https:\/\/galerieresidenza.com\/wp-content\/uploads\/2025\/04\/projet-residenza-600x900.jpg 600w, https:\/\/galerieresidenza.com\/wp-content\/uploads\/2025\/04\/projet-residenza.jpg 1024w\" sizes=\"(max-width: 683px) 100vw, 683px\" \/><\/figure>\n<\/div>\n<\/div>\n\n\n\n<div style=\"height:61px\" aria-hidden=\"true\" class=\"wp-block-spacer\"><\/div>\n\n\n\n<div class=\"wp-block-columns is-layout-flex wp-container-core-columns-is-layout-28f84493 wp-block-columns-is-layout-flex\">\n<div class=\"wp-block-column is-layout-flow wp-block-column-is-layout-flow\">\n<figure class=\"wp-block-image size-large\"><img decoding=\"async\" src=\"https:\/\/galerieresidenza.com\/wp-content\/uploads\/2026\/02\/IMG_20260216_111237_272-576x1024.jpg\" alt=\"\"\/><\/figure>\n<\/div>\n\n\n\n<div class=\"wp-block-column is-layout-flow wp-block-column-is-layout-flow\">\n<figure class=\"wp-block-embed is-type-video is-provider-youtube wp-block-embed-youtube wp-embed-aspect-9-16 wp-has-aspect-ratio\"><div class=\"wp-block-embed__wrapper\">\n<iframe title=\"Soir\u00e9e d&#039;inauguration de la galerie Residenza \u00e0 Bastia\" width=\"563\" height=\"1000\" src=\"https:\/\/www.youtube.com\/embed\/Gn_1hDgzbGI?feature=oembed\" frameborder=\"0\" allow=\"accelerometer; autoplay; clipboard-write; encrypted-media; gyroscope; picture-in-picture; web-share\" referrerpolicy=\"strict-origin-when-cross-origin\" allowfullscreen><\/iframe>\n<\/div><\/figure>\n\n\n\n<figure class=\"wp-block-image size-large\"><img decoding=\"async\" src=\"https:\/\/galerieresidenza.com\/wp-content\/uploads\/2026\/03\/galerie-1-1024x662.jpg\" alt=\"\"\/><\/figure>\n<\/div>\n<\/div>\n\n\n<style type=\"text\/css\">\n#foogallery-gallery-1691.fg-justified .fg-item { margin-right: 2px; margin-bottom: 2px; }\n#foogallery-gallery-1691.fg-justified .fg-image { height: 200px; }<\/style>\n\t\t\t<div class=\"foogallery foogallery-container foogallery-justified foogallery-lightbox-foobox fg-justified fg-ready fg-light fg-shadow-outline fg-loading-default fg-loaded-fade-in fg-hover-semi-zoomed fg-hover-fade fg-transparent-overlays\" id=\"foogallery-gallery-1691\" data-foogallery=\"{&quot;item&quot;:{&quot;showCaptionTitle&quot;:false,&quot;showCaptionDescription&quot;:false},&quot;lazy&quot;:true,&quot;template&quot;:{&quot;rowHeight&quot;:200,&quot;maxRowHeight&quot;:300,&quot;margins&quot;:2,&quot;align&quot;:&quot;center&quot;,&quot;lastRow&quot;:&quot;smart&quot;}}\" style=\"--fg-title-line-clamp: 1; --fg-description-line-clamp: 2;\" >\n\t<div class=\"fg-item fg-type-image fg-idle\"><figure class=\"fg-item-inner\"><a href=\"https:\/\/galerieresidenza.com\/wp-content\/uploads\/2026\/03\/galerie-10.jpg\" data-attachment-id=\"1693\" data-type=\"image\" class=\"fg-thumb\"><span class=\"fg-image-wrap\"><img decoding=\"async\" height=\"300\" width=\"442\" class=\"skip-lazy fg-image\" data-src-fg=\"https:\/\/galerieresidenza.com\/wp-content\/uploads\/cache\/2026\/03\/galerie-10\/4203418698.jpg\" src=\"data:image\/svg+xml,%3Csvg%20xmlns%3D%22http%3A%2F%2Fwww.w3.org%2F2000%2Fsvg%22%20width%3D%22442%22%20height%3D%22300%22%20viewBox%3D%220%200%20442%20300%22%3E%3C%2Fsvg%3E\" loading=\"eager\"><\/span><span class=\"fg-image-overlay\"><\/span><\/a><\/figure><div class=\"fg-loader\"><\/div><\/div><div class=\"fg-item fg-type-image fg-idle\"><figure class=\"fg-item-inner\"><a href=\"https:\/\/galerieresidenza.com\/wp-content\/uploads\/2026\/03\/galerie-4.jpg\" data-attachment-id=\"1699\" data-type=\"image\" class=\"fg-thumb\"><span class=\"fg-image-wrap\"><img decoding=\"async\" height=\"300\" width=\"414\" class=\"skip-lazy fg-image\" data-src-fg=\"https:\/\/galerieresidenza.com\/wp-content\/uploads\/cache\/2026\/03\/galerie-4\/275939403.jpg\" src=\"data:image\/svg+xml,%3Csvg%20xmlns%3D%22http%3A%2F%2Fwww.w3.org%2F2000%2Fsvg%22%20width%3D%22414%22%20height%3D%22300%22%20viewBox%3D%220%200%20414%20300%22%3E%3C%2Fsvg%3E\" loading=\"eager\"><\/span><span class=\"fg-image-overlay\"><\/span><\/a><\/figure><div class=\"fg-loader\"><\/div><\/div><div class=\"fg-item fg-type-image fg-idle\"><figure class=\"fg-item-inner\"><a href=\"https:\/\/galerieresidenza.com\/wp-content\/uploads\/2026\/03\/galerie-11.jpg\" data-attachment-id=\"1692\" data-type=\"image\" class=\"fg-thumb\"><span class=\"fg-image-wrap\"><img decoding=\"async\" height=\"300\" width=\"453\" class=\"skip-lazy fg-image\" data-src-fg=\"https:\/\/galerieresidenza.com\/wp-content\/uploads\/cache\/2026\/03\/galerie-11\/2529731223.jpg\" src=\"data:image\/svg+xml,%3Csvg%20xmlns%3D%22http%3A%2F%2Fwww.w3.org%2F2000%2Fsvg%22%20width%3D%22453%22%20height%3D%22300%22%20viewBox%3D%220%200%20453%20300%22%3E%3C%2Fsvg%3E\" loading=\"eager\"><\/span><span class=\"fg-image-overlay\"><\/span><\/a><\/figure><div class=\"fg-loader\"><\/div><\/div><div class=\"fg-item fg-type-image fg-idle\"><figure class=\"fg-item-inner\"><a href=\"https:\/\/galerieresidenza.com\/wp-content\/uploads\/2026\/03\/galerie-2.jpg\" data-attachment-id=\"1701\" data-type=\"image\" class=\"fg-thumb\"><span class=\"fg-image-wrap\"><img decoding=\"async\" height=\"300\" width=\"463\" class=\"skip-lazy fg-image\" data-src-fg=\"https:\/\/galerieresidenza.com\/wp-content\/uploads\/cache\/2026\/03\/galerie-2\/3925778888.jpg\" src=\"data:image\/svg+xml,%3Csvg%20xmlns%3D%22http%3A%2F%2Fwww.w3.org%2F2000%2Fsvg%22%20width%3D%22463%22%20height%3D%22300%22%20viewBox%3D%220%200%20463%20300%22%3E%3C%2Fsvg%3E\" loading=\"eager\"><\/span><span class=\"fg-image-overlay\"><\/span><\/a><\/figure><div class=\"fg-loader\"><\/div><\/div><div class=\"fg-item fg-type-image fg-idle\"><figure class=\"fg-item-inner\"><a href=\"https:\/\/galerieresidenza.com\/wp-content\/uploads\/2026\/03\/galerie-8.jpg\" data-attachment-id=\"1695\" data-type=\"image\" class=\"fg-thumb\"><span class=\"fg-image-wrap\"><img decoding=\"async\" height=\"300\" width=\"393\" class=\"skip-lazy fg-image\" data-src-fg=\"https:\/\/galerieresidenza.com\/wp-content\/uploads\/cache\/2026\/03\/galerie-8\/185249794.jpg\" src=\"data:image\/svg+xml,%3Csvg%20xmlns%3D%22http%3A%2F%2Fwww.w3.org%2F2000%2Fsvg%22%20width%3D%22393%22%20height%3D%22300%22%20viewBox%3D%220%200%20393%20300%22%3E%3C%2Fsvg%3E\" loading=\"eager\"><\/span><span class=\"fg-image-overlay\"><\/span><\/a><\/figure><div class=\"fg-loader\"><\/div><\/div><div class=\"fg-item fg-type-image fg-idle\"><figure class=\"fg-item-inner\"><a href=\"https:\/\/galerieresidenza.com\/wp-content\/uploads\/2026\/03\/galerie-9.jpg\" data-attachment-id=\"1694\" data-type=\"image\" class=\"fg-thumb\"><span class=\"fg-image-wrap\"><img decoding=\"async\" height=\"300\" width=\"450\" class=\"skip-lazy fg-image\" data-src-fg=\"https:\/\/galerieresidenza.com\/wp-content\/uploads\/cache\/2026\/03\/galerie-9\/620006268.jpg\" src=\"data:image\/svg+xml,%3Csvg%20xmlns%3D%22http%3A%2F%2Fwww.w3.org%2F2000%2Fsvg%22%20width%3D%22450%22%20height%3D%22300%22%20viewBox%3D%220%200%20450%20300%22%3E%3C%2Fsvg%3E\" loading=\"eager\"><\/span><span class=\"fg-image-overlay\"><\/span><\/a><\/figure><div class=\"fg-loader\"><\/div><\/div><div class=\"fg-item fg-type-image fg-idle\"><figure class=\"fg-item-inner\"><a href=\"https:\/\/galerieresidenza.com\/wp-content\/uploads\/2026\/03\/galerie-7.jpg\" data-attachment-id=\"1696\" data-type=\"image\" class=\"fg-thumb\"><span class=\"fg-image-wrap\"><img decoding=\"async\" height=\"300\" width=\"450\" class=\"skip-lazy fg-image\" data-src-fg=\"https:\/\/galerieresidenza.com\/wp-content\/uploads\/cache\/2026\/03\/galerie-7\/749201615.jpg\" src=\"data:image\/svg+xml,%3Csvg%20xmlns%3D%22http%3A%2F%2Fwww.w3.org%2F2000%2Fsvg%22%20width%3D%22450%22%20height%3D%22300%22%20viewBox%3D%220%200%20450%20300%22%3E%3C%2Fsvg%3E\" loading=\"eager\"><\/span><span class=\"fg-image-overlay\"><\/span><\/a><\/figure><div class=\"fg-loader\"><\/div><\/div><div class=\"fg-item fg-type-image fg-idle\"><figure class=\"fg-item-inner\"><a href=\"https:\/\/galerieresidenza.com\/wp-content\/uploads\/2026\/03\/galerie-5.jpg\" data-attachment-id=\"1698\" data-type=\"image\" class=\"fg-thumb\"><span class=\"fg-image-wrap\"><img decoding=\"async\" height=\"300\" width=\"373\" class=\"skip-lazy fg-image\" data-src-fg=\"https:\/\/galerieresidenza.com\/wp-content\/uploads\/cache\/2026\/03\/galerie-5\/1066187573.jpg\" src=\"data:image\/svg+xml,%3Csvg%20xmlns%3D%22http%3A%2F%2Fwww.w3.org%2F2000%2Fsvg%22%20width%3D%22373%22%20height%3D%22300%22%20viewBox%3D%220%200%20373%20300%22%3E%3C%2Fsvg%3E\" loading=\"eager\"><\/span><span class=\"fg-image-overlay\"><\/span><\/a><\/figure><div class=\"fg-loader\"><\/div><\/div><div class=\"fg-item fg-type-image fg-idle\"><figure class=\"fg-item-inner\"><a href=\"https:\/\/galerieresidenza.com\/wp-content\/uploads\/2026\/03\/galerie-3.jpg\" data-attachment-id=\"1700\" data-type=\"image\" class=\"fg-thumb\"><span class=\"fg-image-wrap\"><img decoding=\"async\" height=\"300\" width=\"458\" class=\"skip-lazy fg-image\" data-src-fg=\"https:\/\/galerieresidenza.com\/wp-content\/uploads\/cache\/2026\/03\/galerie-3\/3321928374.jpg\" src=\"data:image\/svg+xml,%3Csvg%20xmlns%3D%22http%3A%2F%2Fwww.w3.org%2F2000%2Fsvg%22%20width%3D%22458%22%20height%3D%22300%22%20viewBox%3D%220%200%20458%20300%22%3E%3C%2Fsvg%3E\" loading=\"eager\"><\/span><span class=\"fg-image-overlay\"><\/span><\/a><\/figure><div class=\"fg-loader\"><\/div><\/div><\/div>\n\n\n\n<div style=\"height:61px\" aria-hidden=\"true\" class=\"wp-block-spacer\"><\/div>\n\n\n\n<div class=\"wp-block-columns is-layout-flex wp-container-core-columns-is-layout-28f84493 wp-block-columns-is-layout-flex\">\n<div class=\"wp-block-column is-layout-flow wp-block-column-is-layout-flow\" style=\"flex-basis:66.66%\">\n<iframe src=\"https:\/\/www.google.com\/maps\/embed?pb=!1m18!1m12!1m3!1d13948.666718286746!2d9.443469127061439!3d42.6963948297754!2m3!1f0!2f0!3f0!3m2!1i1024!2i768!4f13.1!3m3!1m2!1s0x12d725af42f4d745%3A0x62a6eb79f0d4b938!2sRESIDENZA!5e0!3m2!1sfr!2sfr!4v1763473568068!5m2!1sfr!2sfr\" width=\"800\" height=\"500\" style=\"border:0;\" allowfullscreen=\"\" loading=\"lazy\" referrerpolicy=\"no-referrer-when-downgrade\"><\/iframe>\n<\/div>\n\n\n\n<div class=\"wp-block-column is-layout-flow wp-block-column-is-layout-flow\" style=\"flex-basis:33.33%\">\n<p><strong>Galerie Residenza<\/strong><br><br><a href=\"https:\/\/maps.app.goo.gl\/5bk6kWL4vvw9eNsU6\" target=\"_blank\" rel=\"noreferrer noopener\"> <i class=\"hgi hgi-stroke hgi-location-05\"><\/i> 1 rue Saint Erasme, 20200 Bastia<\/a><br><br><i class=\"hgi hgi-stroke hgi-clock-01\"><\/i> Ouverture :<br>Du mardi au samedi<br>De 14h30 \u00e0 19h<\/p>\n<\/div>\n<\/div>\n\n\n\n<div style=\"height:61px\" aria-hidden=\"true\" class=\"wp-block-spacer\"><\/div>\n","protected":false},"excerpt":{"rendered":"<p>ResidenzaL\u00e0 o\u00f9 l\u2019art s\u2019installe La Galerie R\u00e9sidenza est n\u00e9e d\u2019une conviction profonde : l\u2019art n\u2019est pas un luxe, c\u2019est une n\u00e9cessit\u00e9. Fond\u00e9e par Marie-Diane Leca, collectionneuse passionn\u00e9e depuis toujours, la galerie est le prolongement naturel d\u2019un regard, d\u2019une sensibilit\u00e9, et d\u2019un engagement de longue date envers la cr\u00e9ation artistique. Tr\u00e8s [&hellip;]<\/p>\n","protected":false},"author":1,"featured_media":0,"parent":0,"menu_order":0,"comment_status":"closed","ping_status":"closed","template":"page-templates\/template-fullwidth.php","meta":{"footnotes":""},"class_list":["post-1047","page","type-page","status-publish","hentry"],"_links":{"self":[{"href":"https:\/\/galerieresidenza.com\/index.php\/wp-json\/wp\/v2\/pages\/1047","targetHints":{"allow":["GET"]}}],"collection":[{"href":"https:\/\/galerieresidenza.com\/index.php\/wp-json\/wp\/v2\/pages"}],"about":[{"href":"https:\/\/galerieresidenza.com\/index.php\/wp-json\/wp\/v2\/types\/page"}],"author":[{"embeddable":true,"href":"https:\/\/galerieresidenza.com\/index.php\/wp-json\/wp\/v2\/users\/1"}],"replies":[{"embeddable":true,"href":"https:\/\/galerieresidenza.com\/index.php\/wp-json\/wp\/v2\/comments?post=1047"}],"version-history":[{"count":32,"href":"https:\/\/galerieresidenza.com\/index.php\/wp-json\/wp\/v2\/pages\/1047\/revisions"}],"predecessor-version":[{"id":1762,"href":"https:\/\/galerieresidenza.com\/index.php\/wp-json\/wp\/v2\/pages\/1047\/revisions\/1762"}],"wp:attachment":[{"href":"https:\/\/galerieresidenza.com\/index.php\/wp-json\/wp\/v2\/media?parent=1047"}],"curies":[{"name":"wp","href":"https:\/\/api.w.org\/{rel}","templated":true}]}}