{"id":1190,"date":"2025-10-06T19:46:12","date_gmt":"2025-10-06T17:46:12","guid":{"rendered":"https:\/\/innovaartconceptstore.com\/?page_id=1190"},"modified":"2025-11-03T19:24:22","modified_gmt":"2025-11-03T18:24:22","slug":"jerome-mesnager","status":"publish","type":"page","link":"https:\/\/galerieresidenza.com\/index.php\/jerome-mesnager\/","title":{"rendered":"J\u00e9r\u00f4me Mesnager"},"content":{"rendered":"\t\t<div data-elementor-type=\"wp-page\" data-elementor-id=\"1190\" class=\"elementor elementor-1190\">\n\t\t\t\t<div class=\"elementor-element elementor-element-b7a4316 e-grid e-con-boxed e-con e-parent\" data-id=\"b7a4316\" data-element_type=\"container\" data-e-type=\"container\">\n\t\t\t\t\t<div class=\"e-con-inner\">\n\t\t\t\t<div class=\"elementor-element elementor-element-0d50b11 elementor-widget elementor-widget-heading\" data-id=\"0d50b11\" data-element_type=\"widget\" data-e-type=\"widget\" data-widget_type=\"heading.default\">\n\t\t\t\t<div class=\"elementor-widget-container\">\n\t\t\t\t\t<h2 class=\"elementor-heading-title elementor-size-default\">J\u00e9r\u00f4me Mesnager<\/h2>\t\t\t\t<\/div>\n\t\t\t\t<\/div>\n\t\t\t\t\t<\/div>\n\t\t\t\t<\/div>\n\t\t<div class=\"elementor-element elementor-element-32aab4a e-flex e-con-boxed e-con e-parent\" data-id=\"32aab4a\" data-element_type=\"container\" data-e-type=\"container\">\n\t\t\t\t\t<div class=\"e-con-inner\">\n\t\t<div class=\"elementor-element elementor-element-6ec1ae5 e-con-full e-flex e-con e-child\" data-id=\"6ec1ae5\" data-element_type=\"container\" data-e-type=\"container\">\n\t\t\t\t<div class=\"elementor-element elementor-element-101eb3c elementor-widget elementor-widget-image\" data-id=\"101eb3c\" data-element_type=\"widget\" data-e-type=\"widget\" data-widget_type=\"image.default\">\n\t\t\t\t<div class=\"elementor-widget-container\">\n\t\t\t\t\t\t\t\t\t\t\t\t\t\t\t<img fetchpriority=\"high\" decoding=\"async\" width=\"476\" height=\"479\" src=\"https:\/\/galerieresidenza.com\/wp-content\/uploads\/2025\/10\/jerome-mesnager.jpg\" class=\"attachment-full size-full wp-image-1192\" alt=\"J\u00e9r\u00f4me Mesnager\" srcset=\"https:\/\/galerieresidenza.com\/wp-content\/uploads\/2025\/10\/jerome-mesnager.jpg 476w, https:\/\/galerieresidenza.com\/wp-content\/uploads\/2025\/10\/jerome-mesnager-298x300.jpg 298w, https:\/\/galerieresidenza.com\/wp-content\/uploads\/2025\/10\/jerome-mesnager-150x150.jpg 150w, https:\/\/galerieresidenza.com\/wp-content\/uploads\/2025\/10\/jerome-mesnager-160x160.jpg 160w\" sizes=\"(max-width: 476px) 100vw, 476px\" \/>\t\t\t\t\t\t\t\t\t\t\t\t\t\t\t<\/div>\n\t\t\t\t<\/div>\n\t\t\t\t<\/div>\n\t\t<div class=\"elementor-element elementor-element-e607526 e-con-full e-flex e-con e-child\" data-id=\"e607526\" data-element_type=\"container\" data-e-type=\"container\">\n\t\t<div class=\"elementor-element elementor-element-8889fa3 e-con-full e-flex e-con e-child\" data-id=\"8889fa3\" data-element_type=\"container\" data-e-type=\"container\">\n\t\t\t\t<div class=\"elementor-element elementor-element-16eb4b0 elementor-widget elementor-widget-text-editor\" data-id=\"16eb4b0\" data-element_type=\"widget\" data-e-type=\"widget\" data-widget_type=\"text-editor.default\">\n\t\t\t\t<div class=\"elementor-widget-container\">\n\t\t\t\t\t\t\t\t\t<p>Fils d\u2019un ing\u00e9nieur, J\u00e9r\u00f4me Mesnager est \u00e9l\u00e8ve du Lyc\u00e9e F\u00e9nelon Sainte-Marie2 avant d\u2019entrer \u00e0 l\u2019\u00e9cole Boulle en 1974 o\u00f9 il suit une formation d\u2019\u00e9b\u00e9niste et o\u00f9 il enseignera par la suite. En 1979, il suit les cours de bande dessin\u00e9e d\u2019Yves Got et de Georges Pichard, professeurs \u00e0 l\u2019\u00c9cole sup\u00e9rieure des arts appliqu\u00e9s Duperr\u00e9.<\/p><p>Il est l\u2019un des fondateurs, en 1982, de Zig-Zag, un groupe d\u2019une dizaine de tr\u00e8s jeunes artistes en \u00ab zig-zag dans la jungle des villes \u00bb qui d\u00e9cident d\u2019occuper la rue en dessinant des graffitis et, aussi, d\u2019occuper bri\u00e8vement, le temps d\u2019une performance artistique, des usines d\u00e9saffect\u00e9es.<\/p><p>Le 16 janvier 1983, il invente l\u2019Homme en blanc, \u00ab un symbole de lumi\u00e8re, de force et de paix \u00bb. Cette silhouette blanche aussi appel\u00e9e \u00ab Corps blanc \u00bb ou \u00ab l\u2019Homme blanc \u00bb, J\u00e9r\u00f4me Mesnager l\u2019a reproduite \u00e0 travers le monde entier, des murs de Paris \u00e0 la muraille de Chine.<\/p>\t\t\t\t\t\t\t\t<\/div>\n\t\t\t\t<\/div>\n\t\t\t\t<\/div>\n\t\t\t\t<\/div>\n\t\t\t\t\t<\/div>\n\t\t\t\t<\/div>\n\t\t<div class=\"elementor-element elementor-element-f2bc02c e-flex e-con-boxed e-con e-parent\" data-id=\"f2bc02c\" data-element_type=\"container\" data-e-type=\"container\">\n\t\t\t\t\t<div class=\"e-con-inner\">\n\t\t\t\t<div class=\"elementor-element elementor-element-5e21256 elementor-widget elementor-widget-text-editor\" data-id=\"5e21256\" data-element_type=\"widget\" data-e-type=\"widget\" data-widget_type=\"text-editor.default\">\n\t\t\t\t<div class=\"elementor-widget-container\">\n\t\t\t\t\t\t\t\t\t<div class=\"woocommerce columns-3 \"><ul class=\"products columns-3\">\n<li class=\"product type-product post-1297 status-publish first instock product_cat-peinture has-post-thumbnail shipping-taxable purchasable product-type-simple\">\n\t<a href=\"https:\/\/galerieresidenza.com\/index.php\/produit\/danseur-de-l-ombre-mesnager\/\" class=\"woocommerce-LoopProduct-link woocommerce-loop-product__link\"><img decoding=\"async\" width=\"230\" height=\"350\" src=\"https:\/\/galerieresidenza.com\/wp-content\/uploads\/2025\/11\/mesnager-1-230x350.jpg\" class=\"attachment-woocommerce_thumbnail size-woocommerce_thumbnail\" alt=\"Danseur de l\u2019ombre\" srcset=\"https:\/\/galerieresidenza.com\/wp-content\/uploads\/2025\/11\/mesnager-1-230x350.jpg 230w, https:\/\/galerieresidenza.com\/wp-content\/uploads\/2025\/11\/mesnager-1-460x700.jpg 460w\" sizes=\"(max-width: 230px) 100vw, 230px\" \/><h2 class=\"woocommerce-loop-product__title\">Danseur de l\u2019ombre<\/h2>\n\t<span class=\"price\"><span class=\"woocommerce-Price-amount amount\"><bdi>550,00&nbsp;<span class=\"woocommerce-Price-currencySymbol\">&euro;<\/span><\/bdi><\/span><\/span>\n<\/a><a href=\"\/index.php\/wp-json\/wp\/v2\/pages\/1190?add-to-cart=1297\" aria-describedby=\"woocommerce_loop_add_to_cart_link_describedby_1297\" data-quantity=\"1\" class=\"button product_type_simple add_to_cart_button ajax_add_to_cart\" data-product_id=\"1297\" data-product_sku=\"\" aria-label=\"Ajouter au panier\u00a0: &ldquo;Danseur de l\u2019ombre&rdquo;\" rel=\"nofollow\" data-success_message=\"\u00ab\u00a0Danseur de l\u2019ombre\u00a0\u00bb a \u00e9t\u00e9 ajout\u00e9 \u00e0 votre panier\" role=\"button\">Ajouter au panier<\/a>\t<span id=\"woocommerce_loop_add_to_cart_link_describedby_1297\" class=\"screen-reader-text\">\n\t\t\t<\/span>\n<\/li>\n<li class=\"product type-product post-1301 status-publish instock product_cat-peinture has-post-thumbnail featured shipping-taxable purchasable product-type-simple\">\n\t<a href=\"https:\/\/galerieresidenza.com\/index.php\/produit\/elevation-mesnager\/\" class=\"woocommerce-LoopProduct-link woocommerce-loop-product__link\"><img decoding=\"async\" width=\"230\" height=\"350\" src=\"https:\/\/galerieresidenza.com\/wp-content\/uploads\/2025\/11\/mesnager-3-230x350.jpg\" class=\"attachment-woocommerce_thumbnail size-woocommerce_thumbnail\" alt=\"\u00c9l\u00e9vation\" srcset=\"https:\/\/galerieresidenza.com\/wp-content\/uploads\/2025\/11\/mesnager-3-230x350.jpg 230w, https:\/\/galerieresidenza.com\/wp-content\/uploads\/2025\/11\/mesnager-3-460x700.jpg 460w\" sizes=\"(max-width: 230px) 100vw, 230px\" \/><h2 class=\"woocommerce-loop-product__title\">\u00c9l\u00e9vation<\/h2>\n\t<span class=\"price\"><span class=\"woocommerce-Price-amount amount\"><bdi>550,00&nbsp;<span class=\"woocommerce-Price-currencySymbol\">&euro;<\/span><\/bdi><\/span><\/span>\n<\/a><a href=\"\/index.php\/wp-json\/wp\/v2\/pages\/1190?add-to-cart=1301\" aria-describedby=\"woocommerce_loop_add_to_cart_link_describedby_1301\" data-quantity=\"1\" class=\"button product_type_simple add_to_cart_button ajax_add_to_cart\" data-product_id=\"1301\" data-product_sku=\"\" aria-label=\"Ajouter au panier\u00a0: &ldquo;\u00c9l\u00e9vation&rdquo;\" rel=\"nofollow\" data-success_message=\"\u00ab\u00a0\u00c9l\u00e9vation\u00a0\u00bb a \u00e9t\u00e9 ajout\u00e9 \u00e0 votre panier\" role=\"button\">Ajouter au panier<\/a>\t<span id=\"woocommerce_loop_add_to_cart_link_describedby_1301\" class=\"screen-reader-text\">\n\t\t\t<\/span>\n<\/li>\n<li class=\"product type-product post-1299 status-publish last instock product_cat-peinture has-post-thumbnail shipping-taxable purchasable product-type-simple\">\n\t<a href=\"https:\/\/galerieresidenza.com\/index.php\/produit\/etreinte-celeste-mesnager\/\" class=\"woocommerce-LoopProduct-link woocommerce-loop-product__link\"><img loading=\"lazy\" decoding=\"async\" width=\"230\" height=\"350\" src=\"https:\/\/galerieresidenza.com\/wp-content\/uploads\/2025\/11\/mesnager-2-230x350.jpg\" class=\"attachment-woocommerce_thumbnail size-woocommerce_thumbnail\" alt=\"\u00c9treinte c\u00e9leste\" srcset=\"https:\/\/galerieresidenza.com\/wp-content\/uploads\/2025\/11\/mesnager-2-230x350.jpg 230w, https:\/\/galerieresidenza.com\/wp-content\/uploads\/2025\/11\/mesnager-2-460x700.jpg 460w\" sizes=\"(max-width: 230px) 100vw, 230px\" \/><h2 class=\"woocommerce-loop-product__title\">\u00c9treinte c\u00e9leste<\/h2>\n\t<span class=\"price\"><span class=\"woocommerce-Price-amount amount\"><bdi>550,00&nbsp;<span class=\"woocommerce-Price-currencySymbol\">&euro;<\/span><\/bdi><\/span><\/span>\n<\/a><a href=\"\/index.php\/wp-json\/wp\/v2\/pages\/1190?add-to-cart=1299\" aria-describedby=\"woocommerce_loop_add_to_cart_link_describedby_1299\" data-quantity=\"1\" class=\"button product_type_simple add_to_cart_button ajax_add_to_cart\" data-product_id=\"1299\" data-product_sku=\"\" aria-label=\"Ajouter au panier\u00a0: &ldquo;\u00c9treinte c\u00e9leste&rdquo;\" rel=\"nofollow\" data-success_message=\"\u00ab\u00a0\u00c9treinte c\u00e9leste\u00a0\u00bb a \u00e9t\u00e9 ajout\u00e9 \u00e0 votre panier\" role=\"button\">Ajouter au panier<\/a>\t<span id=\"woocommerce_loop_add_to_cart_link_describedby_1299\" class=\"screen-reader-text\">\n\t\t\t<\/span>\n<\/li>\n<\/ul>\n<\/div>\t\t\t\t\t\t\t\t<\/div>\n\t\t\t\t<\/div>\n\t\t\t\t\t<\/div>\n\t\t\t\t<\/div>\n\t\t\t\t<\/div>\n\t\t","protected":false},"excerpt":{"rendered":"<p>J\u00e9r\u00f4me Mesnager Fils d\u2019un ing\u00e9nieur, J\u00e9r\u00f4me Mesnager est \u00e9l\u00e8ve du Lyc\u00e9e F\u00e9nelon Sainte-Marie2 avant d\u2019entrer \u00e0 l\u2019\u00e9cole Boulle en 1974 o\u00f9 il suit une formation d\u2019\u00e9b\u00e9niste et o\u00f9 il enseignera par la suite. En 1979, il suit les cours de bande dessin\u00e9e d\u2019Yves Got et de Georges Pichard, professeurs \u00e0 [&hellip;]<\/p>\n","protected":false},"author":1,"featured_media":0,"parent":0,"menu_order":0,"comment_status":"closed","ping_status":"closed","template":"page-templates\/template-pagebuilder-full-width.php","meta":{"footnotes":""},"class_list":["post-1190","page","type-page","status-publish","hentry"],"_links":{"self":[{"href":"https:\/\/galerieresidenza.com\/index.php\/wp-json\/wp\/v2\/pages\/1190","targetHints":{"allow":["GET"]}}],"collection":[{"href":"https:\/\/galerieresidenza.com\/index.php\/wp-json\/wp\/v2\/pages"}],"about":[{"href":"https:\/\/galerieresidenza.com\/index.php\/wp-json\/wp\/v2\/types\/page"}],"author":[{"embeddable":true,"href":"https:\/\/galerieresidenza.com\/index.php\/wp-json\/wp\/v2\/users\/1"}],"replies":[{"embeddable":true,"href":"https:\/\/galerieresidenza.com\/index.php\/wp-json\/wp\/v2\/comments?post=1190"}],"version-history":[{"count":7,"href":"https:\/\/galerieresidenza.com\/index.php\/wp-json\/wp\/v2\/pages\/1190\/revisions"}],"predecessor-version":[{"id":1305,"href":"https:\/\/galerieresidenza.com\/index.php\/wp-json\/wp\/v2\/pages\/1190\/revisions\/1305"}],"wp:attachment":[{"href":"https:\/\/galerieresidenza.com\/index.php\/wp-json\/wp\/v2\/media?parent=1190"}],"curies":[{"name":"wp","href":"https:\/\/api.w.org\/{rel}","templated":true}]}}