{"id":1263,"date":"2025-10-22T15:45:25","date_gmt":"2025-10-22T13:45:25","guid":{"rendered":"https:\/\/innovaartconceptstore.com\/?page_id=1263"},"modified":"2025-11-10T16:20:23","modified_gmt":"2025-11-10T15:20:23","slug":"alain-somma","status":"publish","type":"page","link":"https:\/\/galerieresidenza.com\/index.php\/alain-somma\/","title":{"rendered":"Alain Somma"},"content":{"rendered":"\n<div class=\"wp-block-columns is-layout-flex wp-container-core-columns-is-layout-28f84493 wp-block-columns-is-layout-flex\">\n<div class=\"wp-block-column is-layout-flow wp-block-column-is-layout-flow\">\n<p style=\"font-size:18px\">Alain Somma est un artiste peintre Corse n\u00e9 en 1993.<\/p>\n\n\n\n<p>l\u2019artiste d\u00e9couvre la peinture \u00e0 l\u2019\u00e2ge de vingt cinq ans .<\/p>\n\n\n\n<p>La peinture s\u2019est r\u00e9v\u00e9l\u00e9e \u00e0 lui sur la C\u00f4te d\u2019Azur o\u00f9 il a r\u00e9alis\u00e9 sa premi\u00e8re toile guid\u00e9 par l\u2019artiste peintre International Jos\u00e9 Curti.<\/p>\n\n\n\n<p>Le style de l\u2019artiste est abstrait et laisse cours \u00e0 ses sentiments les plus profonds. Il projette son monde int\u00e9rieur toile apr\u00e8s toile et son imagination est sans limite dans la cr\u00e9ation de ses \u0153uvres.<\/p>\n\n\n\n<p>La peinture abstraite est un v\u00e9ritable vecteur d\u2019expression selon lui.<\/p>\n\n\n\n<p>Ses \u0153uvres obtiennent tr\u00e8s vite un grand succ\u00e8s, sa premi\u00e8re toile est vendue aux Pays bas.<\/p>\n\n\n\n<p>L\u2019artiste est tr\u00e8s attach\u00e9 aux associations caritatives et n\u2019h\u00e9site pas \u00e0 manifester son soutien.<\/p>\n\n\n\n<p>Il participe \u00e0 des concours d\u2019art internationaux et a diverses expositions.<\/p>\n\n\n\n<p style=\"font-size:18px\">\u00ab La vie c\u2019est comme une toile, il suffit d\u2019y mettre des couleurs et du c\u0153ur pour en faire une explosion de bonheur. \u00bb Alain Somma<\/p>\n\n\n\n<div style=\"height:50px\" aria-hidden=\"true\" class=\"wp-block-spacer\"><\/div>\n<\/div>\n\n\n\n<div class=\"wp-block-column is-layout-flow wp-block-column-is-layout-flow\">\n<figure class=\"wp-block-image size-full\"><img fetchpriority=\"high\" decoding=\"async\" width=\"450\" height=\"562\" src=\"https:\/\/innovaartconceptstore.com\/wp-content\/uploads\/2025\/10\/alain-somma-1.jpg\" alt=\"\" class=\"wp-image-1264\" srcset=\"https:\/\/galerieresidenza.com\/wp-content\/uploads\/2025\/10\/alain-somma-1.jpg 450w, https:\/\/galerieresidenza.com\/wp-content\/uploads\/2025\/10\/alain-somma-1-240x300.jpg 240w\" sizes=\"(max-width: 450px) 100vw, 450px\" \/><\/figure>\n<\/div>\n<\/div>\n\n\n<div class=\"woocommerce columns-4 \"><ul class=\"products columns-4\">\n<li class=\"product type-product post-1346 status-publish first instock product_cat-peinture has-post-thumbnail shipping-taxable purchasable product-type-simple\">\n\t<a href=\"https:\/\/galerieresidenza.com\/index.php\/produit\/alain-somma-harmonie-douce\/\" class=\"woocommerce-LoopProduct-link woocommerce-loop-product__link\"><img decoding=\"async\" width=\"230\" height=\"350\" src=\"https:\/\/galerieresidenza.com\/wp-content\/uploads\/2025\/11\/somma-1-230x350.jpg\" class=\"attachment-woocommerce_thumbnail size-woocommerce_thumbnail\" alt=\"Harmonie douce\" srcset=\"https:\/\/galerieresidenza.com\/wp-content\/uploads\/2025\/11\/somma-1-230x350.jpg 230w, https:\/\/galerieresidenza.com\/wp-content\/uploads\/2025\/11\/somma-1-460x700.jpg 460w\" sizes=\"(max-width: 230px) 100vw, 230px\" \/><h2 class=\"woocommerce-loop-product__title\">Harmonie douce<\/h2>\n\t<span class=\"price\"><span class=\"woocommerce-Price-amount amount\"><bdi>550,00&nbsp;<span class=\"woocommerce-Price-currencySymbol\">&euro;<\/span><\/bdi><\/span><\/span>\n<\/a><a href=\"\/index.php\/wp-json\/wp\/v2\/pages\/1263?add-to-cart=1346\" aria-describedby=\"woocommerce_loop_add_to_cart_link_describedby_1346\" data-quantity=\"1\" class=\"button product_type_simple add_to_cart_button ajax_add_to_cart\" data-product_id=\"1346\" data-product_sku=\"\" aria-label=\"Ajouter au panier\u00a0: &ldquo;Harmonie douce&rdquo;\" rel=\"nofollow\" data-success_message=\"\u00ab\u00a0Harmonie douce\u00a0\u00bb a \u00e9t\u00e9 ajout\u00e9 \u00e0 votre panier\" role=\"button\">Ajouter au panier<\/a>\t<span id=\"woocommerce_loop_add_to_cart_link_describedby_1346\" class=\"screen-reader-text\">\n\t\t\t<\/span>\n<\/li>\n<li class=\"product type-product post-1350 status-publish outofstock product_cat-peinture has-post-thumbnail shipping-taxable purchasable product-type-simple\">\n\t<a href=\"https:\/\/galerieresidenza.com\/index.php\/produit\/interaction-alain-somma\/\" class=\"woocommerce-LoopProduct-link woocommerce-loop-product__link\"><img decoding=\"async\" width=\"230\" height=\"350\" src=\"https:\/\/galerieresidenza.com\/wp-content\/uploads\/2025\/05\/somma-3-230x350.jpg\" class=\"attachment-woocommerce_thumbnail size-woocommerce_thumbnail\" alt=\"Interaction\" srcset=\"https:\/\/galerieresidenza.com\/wp-content\/uploads\/2025\/05\/somma-3-230x350.jpg 230w, https:\/\/galerieresidenza.com\/wp-content\/uploads\/2025\/05\/somma-3-460x700.jpg 460w\" sizes=\"(max-width: 230px) 100vw, 230px\" \/><h2 class=\"woocommerce-loop-product__title\">Interaction<\/h2>\n\t<span class=\"price\"><span class=\"woocommerce-Price-amount amount\"><bdi>1800,00&nbsp;<span class=\"woocommerce-Price-currencySymbol\">&euro;<\/span><\/bdi><\/span><\/span>\n<\/a><a href=\"https:\/\/galerieresidenza.com\/index.php\/produit\/interaction-alain-somma\/\" aria-describedby=\"woocommerce_loop_add_to_cart_link_describedby_1350\" data-quantity=\"1\" class=\"button product_type_simple\" data-product_id=\"1350\" data-product_sku=\"\" aria-label=\"En savoir plus sur &ldquo;Interaction&rdquo;\" rel=\"nofollow\" data-success_message=\"\">Lire la suite<\/a>\t<span id=\"woocommerce_loop_add_to_cart_link_describedby_1350\" class=\"screen-reader-text\">\n\t\t\t<\/span>\n<\/li>\n<li class=\"product type-product post-1366 status-publish instock product_cat-peinture has-post-thumbnail featured shipping-taxable purchasable product-type-simple\">\n\t<a href=\"https:\/\/galerieresidenza.com\/index.php\/produit\/alain-somma-aube-des-emotions\/\" class=\"woocommerce-LoopProduct-link woocommerce-loop-product__link\"><img loading=\"lazy\" decoding=\"async\" width=\"230\" height=\"350\" src=\"https:\/\/galerieresidenza.com\/wp-content\/uploads\/2025\/11\/image00000011-230x350.jpg\" class=\"attachment-woocommerce_thumbnail size-woocommerce_thumbnail\" alt=\"L&#039;Aube des \u00e9motions\" srcset=\"https:\/\/galerieresidenza.com\/wp-content\/uploads\/2025\/11\/image00000011-230x350.jpg 230w, https:\/\/galerieresidenza.com\/wp-content\/uploads\/2025\/11\/image00000011-460x700.jpg 460w\" sizes=\"(max-width: 230px) 100vw, 230px\" \/><h2 class=\"woocommerce-loop-product__title\">L&rsquo;Aube des \u00e9motions<\/h2>\n\t<span class=\"price\"><span class=\"woocommerce-Price-amount amount\"><bdi>950,00&nbsp;<span class=\"woocommerce-Price-currencySymbol\">&euro;<\/span><\/bdi><\/span><\/span>\n<\/a><a href=\"\/index.php\/wp-json\/wp\/v2\/pages\/1263?add-to-cart=1366\" aria-describedby=\"woocommerce_loop_add_to_cart_link_describedby_1366\" data-quantity=\"1\" class=\"button product_type_simple add_to_cart_button ajax_add_to_cart\" data-product_id=\"1366\" data-product_sku=\"\" aria-label=\"Ajouter au panier\u00a0: &ldquo;L&#039;Aube des \u00e9motions&rdquo;\" rel=\"nofollow\" data-success_message=\"\u00ab\u00a0L&#039;Aube des \u00e9motions\u00a0\u00bb a \u00e9t\u00e9 ajout\u00e9 \u00e0 votre panier\" role=\"button\">Ajouter au panier<\/a>\t<span id=\"woocommerce_loop_add_to_cart_link_describedby_1366\" class=\"screen-reader-text\">\n\t\t\t<\/span>\n<\/li>\n<li class=\"product type-product post-1352 status-publish last instock product_cat-peinture has-post-thumbnail shipping-taxable purchasable product-type-simple\">\n\t<a href=\"https:\/\/galerieresidenza.com\/index.php\/produit\/alain-somma-patience\/\" class=\"woocommerce-LoopProduct-link woocommerce-loop-product__link\"><img loading=\"lazy\" decoding=\"async\" width=\"230\" height=\"350\" src=\"https:\/\/galerieresidenza.com\/wp-content\/uploads\/2025\/11\/somma-2-230x350.jpg\" class=\"attachment-woocommerce_thumbnail size-woocommerce_thumbnail\" alt=\"Patience\" srcset=\"https:\/\/galerieresidenza.com\/wp-content\/uploads\/2025\/11\/somma-2-230x350.jpg 230w, https:\/\/galerieresidenza.com\/wp-content\/uploads\/2025\/11\/somma-2-460x700.jpg 460w\" sizes=\"(max-width: 230px) 100vw, 230px\" \/><h2 class=\"woocommerce-loop-product__title\">Patience<\/h2>\n\t<span class=\"price\"><span class=\"woocommerce-Price-amount amount\"><bdi>1800,00&nbsp;<span class=\"woocommerce-Price-currencySymbol\">&euro;<\/span><\/bdi><\/span><\/span>\n<\/a><a href=\"\/index.php\/wp-json\/wp\/v2\/pages\/1263?add-to-cart=1352\" aria-describedby=\"woocommerce_loop_add_to_cart_link_describedby_1352\" data-quantity=\"1\" class=\"button product_type_simple add_to_cart_button ajax_add_to_cart\" data-product_id=\"1352\" data-product_sku=\"\" aria-label=\"Ajouter au panier\u00a0: &ldquo;Patience&rdquo;\" rel=\"nofollow\" data-success_message=\"\u00ab\u00a0Patience\u00a0\u00bb a \u00e9t\u00e9 ajout\u00e9 \u00e0 votre panier\" role=\"button\">Ajouter au panier<\/a>\t<span id=\"woocommerce_loop_add_to_cart_link_describedby_1352\" class=\"screen-reader-text\">\n\t\t\t<\/span>\n<\/li>\n<\/ul>\n<\/div>\n\n\n\n<hr class=\"wp-block-separator has-alpha-channel-opacity is-style-default\" style=\"margin-top:var(--wp--preset--spacing--70);margin-bottom:var(--wp--preset--spacing--70)\"\/>\n","protected":false},"excerpt":{"rendered":"<p>Alain Somma est un artiste peintre Corse n\u00e9 en 1993. l\u2019artiste d\u00e9couvre la peinture \u00e0 l\u2019\u00e2ge de vingt cinq ans . La peinture s\u2019est r\u00e9v\u00e9l\u00e9e \u00e0 lui sur la C\u00f4te d\u2019Azur o\u00f9 il a r\u00e9alis\u00e9 sa premi\u00e8re toile guid\u00e9 par l\u2019artiste peintre International Jos\u00e9 Curti. Le style de l\u2019artiste est [&hellip;]<\/p>\n","protected":false},"author":1,"featured_media":0,"parent":0,"menu_order":0,"comment_status":"closed","ping_status":"closed","template":"page-templates\/template-fullwidth.php","meta":{"footnotes":""},"class_list":["post-1263","page","type-page","status-publish","hentry"],"_links":{"self":[{"href":"https:\/\/galerieresidenza.com\/index.php\/wp-json\/wp\/v2\/pages\/1263","targetHints":{"allow":["GET"]}}],"collection":[{"href":"https:\/\/galerieresidenza.com\/index.php\/wp-json\/wp\/v2\/pages"}],"about":[{"href":"https:\/\/galerieresidenza.com\/index.php\/wp-json\/wp\/v2\/types\/page"}],"author":[{"embeddable":true,"href":"https:\/\/galerieresidenza.com\/index.php\/wp-json\/wp\/v2\/users\/1"}],"replies":[{"embeddable":true,"href":"https:\/\/galerieresidenza.com\/index.php\/wp-json\/wp\/v2\/comments?post=1263"}],"version-history":[{"count":3,"href":"https:\/\/galerieresidenza.com\/index.php\/wp-json\/wp\/v2\/pages\/1263\/revisions"}],"predecessor-version":[{"id":1369,"href":"https:\/\/galerieresidenza.com\/index.php\/wp-json\/wp\/v2\/pages\/1263\/revisions\/1369"}],"wp:attachment":[{"href":"https:\/\/galerieresidenza.com\/index.php\/wp-json\/wp\/v2\/media?parent=1263"}],"curies":[{"name":"wp","href":"https:\/\/api.w.org\/{rel}","templated":true}]}}