{"id":1371,"date":"2025-11-10T16:31:30","date_gmt":"2025-11-10T15:31:30","guid":{"rendered":"https:\/\/innovaartconceptstore.com\/?page_id=1371"},"modified":"2025-11-10T16:35:06","modified_gmt":"2025-11-10T15:35:06","slug":"artmj","status":"publish","type":"page","link":"https:\/\/galerieresidenza.com\/index.php\/artmj\/","title":{"rendered":"ARTMJ"},"content":{"rendered":"\n<div class=\"wp-block-columns is-layout-flex wp-container-core-columns-is-layout-28f84493 wp-block-columns-is-layout-flex\">\n<div class=\"wp-block-column is-layout-flow wp-block-column-is-layout-flow\">\n<p style=\"font-size:18px\">Photographe plasticienne, n\u00e9e entre mer et montagne, dans l\u2019intensit\u00e9 vibrante de la Corse, ARTMJ est travers\u00e9e depuis l\u2019enfance par un \u00e9lan instinctif : celui de capter le monde avant m\u00eame de le comprendre.<br>Tr\u00e8s t\u00f4t, l\u2019appareil photo devient l\u2019extension naturelle de son regard, un outil pour saisir l\u2019indicible, le fragile, l\u2019instant suspendu.<br>Son \u0153uvre s\u2019inscrit dans une qu\u00eate de r\u00e9sonance esth\u00e9tique et \u00e9motionnelle \u2014 l\u00e0 o\u00f9 l\u2019image ne d\u00e9crit pas, mais r\u00e9veille, touche, interroge.<br>Elle s\u2019adresse \u00e0 l\u2019esprit contemplatif, \u00e0 celles et ceux qui savent encore \u00e9couter le silence entre les formes, ou la lumi\u00e8re entre les ombres.<br>Expos\u00e9e en Corse comme \u00e0 l\u2019\u00e9tranger, ARTMJ se distingue par une signature visuelle \u00e0 la fois brute et onirique, capable de susciter une \u00e9motion profonde dans les choses les plus immobiles.<br>Elle ne photographie pas le monde : elle dialogue avec lui, comme avec un \u00eatre vivant.<\/p>\n\n\n\n<div style=\"height:50px\" aria-hidden=\"true\" class=\"wp-block-spacer\"><\/div>\n<\/div>\n\n\n\n<div class=\"wp-block-column is-layout-flow wp-block-column-is-layout-flow\">\n<figure class=\"wp-block-image size-full\"><img fetchpriority=\"high\" decoding=\"async\" width=\"815\" height=\"1203\" src=\"https:\/\/innovaartconceptstore.com\/wp-content\/uploads\/2025\/11\/Screenshot_20251108_195416_Photos.jpg\" alt=\"\" class=\"wp-image-1372\" srcset=\"https:\/\/galerieresidenza.com\/wp-content\/uploads\/2025\/11\/Screenshot_20251108_195416_Photos.jpg 815w, https:\/\/galerieresidenza.com\/wp-content\/uploads\/2025\/11\/Screenshot_20251108_195416_Photos-203x300.jpg 203w, https:\/\/galerieresidenza.com\/wp-content\/uploads\/2025\/11\/Screenshot_20251108_195416_Photos-694x1024.jpg 694w, https:\/\/galerieresidenza.com\/wp-content\/uploads\/2025\/11\/Screenshot_20251108_195416_Photos-768x1134.jpg 768w, https:\/\/galerieresidenza.com\/wp-content\/uploads\/2025\/11\/Screenshot_20251108_195416_Photos-600x886.jpg 600w\" sizes=\"(max-width: 815px) 100vw, 815px\" \/><\/figure>\n<\/div>\n<\/div>\n\n\n<div class=\"woocommerce columns-3 \"><ul class=\"products columns-3\">\n<li class=\"product type-product post-1364 status-publish first instock product_cat-photo has-post-thumbnail shipping-taxable purchasable product-type-simple\">\n\t<a href=\"https:\/\/galerieresidenza.com\/index.php\/produit\/artmj-conformity-or-unicity\/\" class=\"woocommerce-LoopProduct-link woocommerce-loop-product__link\"><img decoding=\"async\" width=\"230\" height=\"350\" src=\"https:\/\/galerieresidenza.com\/wp-content\/uploads\/2025\/11\/IMG-20251109-WA0017-230x350.jpg\" class=\"attachment-woocommerce_thumbnail size-woocommerce_thumbnail\" alt=\"Conformity or Unicity\" \/><h2 class=\"woocommerce-loop-product__title\">Conformity or Unicity<\/h2>\n\t<span class=\"price\"><span class=\"woocommerce-Price-amount amount\"><bdi>480,00&nbsp;<span class=\"woocommerce-Price-currencySymbol\">&euro;<\/span><\/bdi><\/span><\/span>\n<\/a><a href=\"\/index.php\/wp-json\/wp\/v2\/pages\/1371?add-to-cart=1364\" aria-describedby=\"woocommerce_loop_add_to_cart_link_describedby_1364\" data-quantity=\"1\" class=\"button product_type_simple add_to_cart_button ajax_add_to_cart\" data-product_id=\"1364\" data-product_sku=\"\" aria-label=\"Ajouter au panier\u00a0: &ldquo;Conformity or Unicity&rdquo;\" rel=\"nofollow\" data-success_message=\"\u00ab\u00a0Conformity or Unicity\u00a0\u00bb a \u00e9t\u00e9 ajout\u00e9 \u00e0 votre panier\" role=\"button\">Ajouter au panier<\/a>\t<span id=\"woocommerce_loop_add_to_cart_link_describedby_1364\" class=\"screen-reader-text\">\n\t\t\t<\/span>\n<\/li>\n<li class=\"product type-product post-1359 status-publish instock product_cat-photo has-post-thumbnail shipping-taxable purchasable product-type-simple\">\n\t<a href=\"https:\/\/galerieresidenza.com\/index.php\/produit\/artmj-dichotomie\/\" class=\"woocommerce-LoopProduct-link woocommerce-loop-product__link\"><img decoding=\"async\" width=\"230\" height=\"350\" src=\"https:\/\/galerieresidenza.com\/wp-content\/uploads\/2025\/11\/IMG-20251109-WA0020-230x350.jpg\" class=\"attachment-woocommerce_thumbnail size-woocommerce_thumbnail\" alt=\"Dichotomie\" srcset=\"https:\/\/galerieresidenza.com\/wp-content\/uploads\/2025\/11\/IMG-20251109-WA0020-230x350.jpg 230w, https:\/\/galerieresidenza.com\/wp-content\/uploads\/2025\/11\/IMG-20251109-WA0020-460x700.jpg 460w\" sizes=\"(max-width: 230px) 100vw, 230px\" \/><h2 class=\"woocommerce-loop-product__title\">Dichotomie<\/h2>\n\t<span class=\"price\"><span class=\"woocommerce-Price-amount amount\"><bdi>480,00&nbsp;<span class=\"woocommerce-Price-currencySymbol\">&euro;<\/span><\/bdi><\/span><\/span>\n<\/a><a href=\"\/index.php\/wp-json\/wp\/v2\/pages\/1371?add-to-cart=1359\" aria-describedby=\"woocommerce_loop_add_to_cart_link_describedby_1359\" data-quantity=\"1\" class=\"button product_type_simple add_to_cart_button ajax_add_to_cart\" data-product_id=\"1359\" data-product_sku=\"\" aria-label=\"Ajouter au panier\u00a0: &ldquo;Dichotomie&rdquo;\" rel=\"nofollow\" data-success_message=\"\u00ab\u00a0Dichotomie\u00a0\u00bb a \u00e9t\u00e9 ajout\u00e9 \u00e0 votre panier\" role=\"button\">Ajouter au panier<\/a>\t<span id=\"woocommerce_loop_add_to_cart_link_describedby_1359\" class=\"screen-reader-text\">\n\t\t\t<\/span>\n<\/li>\n<li class=\"product type-product post-1354 status-publish last instock product_cat-photo has-post-thumbnail featured shipping-taxable purchasable product-type-simple\">\n\t<a href=\"https:\/\/galerieresidenza.com\/index.php\/produit\/artmj-inner-liberation\/\" class=\"woocommerce-LoopProduct-link woocommerce-loop-product__link\"><img loading=\"lazy\" decoding=\"async\" width=\"230\" height=\"350\" src=\"https:\/\/galerieresidenza.com\/wp-content\/uploads\/2025\/11\/IMG-20251109-WA0021-230x350.jpg\" class=\"attachment-woocommerce_thumbnail size-woocommerce_thumbnail\" alt=\"Inner Liberation\" srcset=\"https:\/\/galerieresidenza.com\/wp-content\/uploads\/2025\/11\/IMG-20251109-WA0021-230x350.jpg 230w, https:\/\/galerieresidenza.com\/wp-content\/uploads\/2025\/11\/IMG-20251109-WA0021-460x700.jpg 460w\" sizes=\"(max-width: 230px) 100vw, 230px\" \/><h2 class=\"woocommerce-loop-product__title\">Inner Liberation<\/h2>\n\t<span class=\"price\"><span class=\"woocommerce-Price-amount amount\"><bdi>350,00&nbsp;<span class=\"woocommerce-Price-currencySymbol\">&euro;<\/span><\/bdi><\/span><\/span>\n<\/a><a href=\"\/index.php\/wp-json\/wp\/v2\/pages\/1371?add-to-cart=1354\" aria-describedby=\"woocommerce_loop_add_to_cart_link_describedby_1354\" data-quantity=\"1\" class=\"button product_type_simple add_to_cart_button ajax_add_to_cart\" data-product_id=\"1354\" data-product_sku=\"\" aria-label=\"Ajouter au panier\u00a0: &ldquo;Inner Liberation&rdquo;\" rel=\"nofollow\" data-success_message=\"\u00ab\u00a0Inner Liberation\u00a0\u00bb a \u00e9t\u00e9 ajout\u00e9 \u00e0 votre panier\" role=\"button\">Ajouter au panier<\/a>\t<span id=\"woocommerce_loop_add_to_cart_link_describedby_1354\" class=\"screen-reader-text\">\n\t\t\t<\/span>\n<\/li>\n<li class=\"product type-product post-1361 status-publish first instock product_cat-photo has-post-thumbnail shipping-taxable purchasable product-type-simple\">\n\t<a href=\"https:\/\/galerieresidenza.com\/index.php\/produit\/artmj-miroir-naturel\/\" class=\"woocommerce-LoopProduct-link woocommerce-loop-product__link\"><img loading=\"lazy\" decoding=\"async\" width=\"230\" height=\"350\" src=\"https:\/\/galerieresidenza.com\/wp-content\/uploads\/2025\/11\/IMG-20251109-WA0018-230x350.jpg\" class=\"attachment-woocommerce_thumbnail size-woocommerce_thumbnail\" alt=\"Miroir Naturel\" srcset=\"https:\/\/galerieresidenza.com\/wp-content\/uploads\/2025\/11\/IMG-20251109-WA0018-230x350.jpg 230w, https:\/\/galerieresidenza.com\/wp-content\/uploads\/2025\/11\/IMG-20251109-WA0018-460x700.jpg 460w\" sizes=\"(max-width: 230px) 100vw, 230px\" \/><h2 class=\"woocommerce-loop-product__title\">Miroir Naturel<\/h2>\n\t<span class=\"price\"><span class=\"woocommerce-Price-amount amount\"><bdi>480,00&nbsp;<span class=\"woocommerce-Price-currencySymbol\">&euro;<\/span><\/bdi><\/span><\/span>\n<\/a><a href=\"\/index.php\/wp-json\/wp\/v2\/pages\/1371?add-to-cart=1361\" aria-describedby=\"woocommerce_loop_add_to_cart_link_describedby_1361\" data-quantity=\"1\" class=\"button product_type_simple add_to_cart_button ajax_add_to_cart\" data-product_id=\"1361\" data-product_sku=\"\" aria-label=\"Ajouter au panier\u00a0: &ldquo;Miroir Naturel&rdquo;\" rel=\"nofollow\" data-success_message=\"\u00ab\u00a0Miroir Naturel\u00a0\u00bb a \u00e9t\u00e9 ajout\u00e9 \u00e0 votre panier\" role=\"button\">Ajouter au panier<\/a>\t<span id=\"woocommerce_loop_add_to_cart_link_describedby_1361\" class=\"screen-reader-text\">\n\t\t\t<\/span>\n<\/li>\n<li class=\"product type-product post-1362 status-publish instock product_cat-photo has-post-thumbnail shipping-taxable purchasable product-type-simple\">\n\t<a href=\"https:\/\/galerieresidenza.com\/index.php\/produit\/artmj-pierced-shadows\/\" class=\"woocommerce-LoopProduct-link woocommerce-loop-product__link\"><img loading=\"lazy\" decoding=\"async\" width=\"230\" height=\"350\" src=\"https:\/\/galerieresidenza.com\/wp-content\/uploads\/2025\/11\/IMG-20251109-WA0016-230x350.jpg\" class=\"attachment-woocommerce_thumbnail size-woocommerce_thumbnail\" alt=\"Pierced Shadows\" \/><h2 class=\"woocommerce-loop-product__title\">Pierced Shadows<\/h2>\n\t<span class=\"price\"><span class=\"woocommerce-Price-amount amount\"><bdi>480,00&nbsp;<span class=\"woocommerce-Price-currencySymbol\">&euro;<\/span><\/bdi><\/span><\/span>\n<\/a><a href=\"\/index.php\/wp-json\/wp\/v2\/pages\/1371?add-to-cart=1362\" aria-describedby=\"woocommerce_loop_add_to_cart_link_describedby_1362\" data-quantity=\"1\" class=\"button product_type_simple add_to_cart_button ajax_add_to_cart\" data-product_id=\"1362\" data-product_sku=\"\" aria-label=\"Ajouter au panier\u00a0: &ldquo;Pierced Shadows&rdquo;\" rel=\"nofollow\" data-success_message=\"\u00ab\u00a0Pierced Shadows\u00a0\u00bb a \u00e9t\u00e9 ajout\u00e9 \u00e0 votre panier\" role=\"button\">Ajouter au panier<\/a>\t<span id=\"woocommerce_loop_add_to_cart_link_describedby_1362\" class=\"screen-reader-text\">\n\t\t\t<\/span>\n<\/li>\n<li class=\"product type-product post-1360 status-publish last instock product_cat-photo has-post-thumbnail shipping-taxable purchasable product-type-simple\">\n\t<a href=\"https:\/\/galerieresidenza.com\/index.php\/produit\/artmj-wounded-soul\/\" class=\"woocommerce-LoopProduct-link woocommerce-loop-product__link\"><img loading=\"lazy\" decoding=\"async\" width=\"230\" height=\"350\" src=\"https:\/\/galerieresidenza.com\/wp-content\/uploads\/2025\/11\/IMG-20251109-WA0022-230x350.jpg\" class=\"attachment-woocommerce_thumbnail size-woocommerce_thumbnail\" alt=\"Wounded Soul\" srcset=\"https:\/\/galerieresidenza.com\/wp-content\/uploads\/2025\/11\/IMG-20251109-WA0022-230x350.jpg 230w, https:\/\/galerieresidenza.com\/wp-content\/uploads\/2025\/11\/IMG-20251109-WA0022-460x700.jpg 460w\" sizes=\"(max-width: 230px) 100vw, 230px\" \/><h2 class=\"woocommerce-loop-product__title\">Wounded Soul<\/h2>\n\t<span class=\"price\"><span class=\"woocommerce-Price-amount amount\"><bdi>480,00&nbsp;<span class=\"woocommerce-Price-currencySymbol\">&euro;<\/span><\/bdi><\/span><\/span>\n<\/a><a href=\"\/index.php\/wp-json\/wp\/v2\/pages\/1371?add-to-cart=1360\" aria-describedby=\"woocommerce_loop_add_to_cart_link_describedby_1360\" data-quantity=\"1\" class=\"button product_type_simple add_to_cart_button ajax_add_to_cart\" data-product_id=\"1360\" data-product_sku=\"\" aria-label=\"Ajouter au panier\u00a0: &ldquo;Wounded Soul&rdquo;\" rel=\"nofollow\" data-success_message=\"\u00ab\u00a0Wounded Soul\u00a0\u00bb a \u00e9t\u00e9 ajout\u00e9 \u00e0 votre panier\" role=\"button\">Ajouter au panier<\/a>\t<span id=\"woocommerce_loop_add_to_cart_link_describedby_1360\" class=\"screen-reader-text\">\n\t\t\t<\/span>\n<\/li>\n<\/ul>\n<\/div>\n\n\n\n<hr class=\"wp-block-separator has-alpha-channel-opacity is-style-default\" style=\"margin-top:var(--wp--preset--spacing--70);margin-bottom:var(--wp--preset--spacing--70)\"\/>\n","protected":false},"excerpt":{"rendered":"<p>Photographe plasticienne, n\u00e9e entre mer et montagne, dans l\u2019intensit\u00e9 vibrante de la Corse, ARTMJ est travers\u00e9e depuis l\u2019enfance par un \u00e9lan instinctif : celui de capter le monde avant m\u00eame de le comprendre.Tr\u00e8s t\u00f4t, l\u2019appareil photo devient l\u2019extension naturelle de son regard, un outil pour saisir l\u2019indicible, le fragile, l\u2019instant [&hellip;]<\/p>\n","protected":false},"author":1,"featured_media":0,"parent":0,"menu_order":0,"comment_status":"closed","ping_status":"closed","template":"page-templates\/template-fullwidth.php","meta":{"footnotes":""},"class_list":["post-1371","page","type-page","status-publish","hentry"],"_links":{"self":[{"href":"https:\/\/galerieresidenza.com\/index.php\/wp-json\/wp\/v2\/pages\/1371","targetHints":{"allow":["GET"]}}],"collection":[{"href":"https:\/\/galerieresidenza.com\/index.php\/wp-json\/wp\/v2\/pages"}],"about":[{"href":"https:\/\/galerieresidenza.com\/index.php\/wp-json\/wp\/v2\/types\/page"}],"author":[{"embeddable":true,"href":"https:\/\/galerieresidenza.com\/index.php\/wp-json\/wp\/v2\/users\/1"}],"replies":[{"embeddable":true,"href":"https:\/\/galerieresidenza.com\/index.php\/wp-json\/wp\/v2\/comments?post=1371"}],"version-history":[{"count":2,"href":"https:\/\/galerieresidenza.com\/index.php\/wp-json\/wp\/v2\/pages\/1371\/revisions"}],"predecessor-version":[{"id":1377,"href":"https:\/\/galerieresidenza.com\/index.php\/wp-json\/wp\/v2\/pages\/1371\/revisions\/1377"}],"wp:attachment":[{"href":"https:\/\/galerieresidenza.com\/index.php\/wp-json\/wp\/v2\/media?parent=1371"}],"curies":[{"name":"wp","href":"https:\/\/api.w.org\/{rel}","templated":true}]}}