{"id":1430,"date":"2025-11-19T19:12:13","date_gmt":"2025-11-19T18:12:13","guid":{"rendered":"https:\/\/innovaartconceptstore.com\/?page_id=1430"},"modified":"2025-12-04T14:48:49","modified_gmt":"2025-12-04T13:48:49","slug":"bm-abstrait","status":"publish","type":"page","link":"https:\/\/galerieresidenza.com\/index.php\/bm-abstrait\/","title":{"rendered":"BM Abstrait"},"content":{"rendered":"\n<div class=\"wp-block-columns is-layout-flex wp-container-core-columns-is-layout-28f84493 wp-block-columns-is-layout-flex\">\n<div class=\"wp-block-column is-layout-flow wp-block-column-is-layout-flow\">\n<p>Marion Bonavita, artiste peintre n\u00e9e en 1988 \u00e0 Pertuis, a grandi au c\u0153ur de la Loz\u00e8re. \u00c0 l\u2019\u00e2ge adulte, elle choisit de revenir en Corse.<\/p>\n\n\n\n<p>C\u2019est en 2013 qu\u2019elle se r\u00e9v\u00e8le une passion spontan\u00e9e pour l\u2019art abstrait. Autodidacte, Marion explore la peinture avec libert\u00e9, laissant son intuition guider chacun de ses gestes. Impr\u00e9gn\u00e9e par l\u2019environnement qui l\u2019entoure et port\u00e9e par l\u2019intensit\u00e9 de ses \u00e9motions, elle cr\u00e9e des \u0153uvres sensorielles, vibrantes, o\u00f9 couleurs et textures deviennent les reflets de son univers int\u00e9rieur.<\/p>\n\n\n\n<p>\u00a0\u00bb Lorsque j&rsquo;ai entrepris la cr\u00e9ation d&rsquo;Interstellar, ma premi\u00e8re pens\u00e9e fut de me lib\u00e9rer de toute contrainte, de ne pas juger mon travail et de laisser mes gestes s&rsquo;exprimer librement. J&rsquo;ai cr\u00e9\u00e9 une atmosph\u00e8re propice \u00e0 la cr\u00e9ation en diffusant ma musique favorite, du m\u00e9tal alternatif, et en allumant un encens et une bougie, comme \u00e0 mon habitude. J&rsquo;ai ensuite enfil\u00e9 ma blouse d\u00e9j\u00e0 macul\u00e9e de peinture. J&rsquo;ai choisi le premier tube qui m&rsquo;a interpell\u00e9e, du bleu, une couleur que j&rsquo;utilise fr\u00e9quemment, et j&rsquo;ai commenc\u00e9 \u00e0 enduire la toile \u00e9tendue au sol avec mes mains. \u00c0 partir de ce moment, seule la toile existait face \u00e0 moi. Comme \u00e0 chaque fois, je suis prise d&rsquo;une fr\u00e9n\u00e9sie cr\u00e9ative et je ne m&rsquo;arr\u00eate que lorsque le sentiment d&rsquo;accomplissement m&rsquo;envahit. \u00ab\u00a0<\/p>\n\n\n\n<p>\u00a0\u00bb Monde int\u00e9rieur repr\u00e9sente pour moi le reflet de notre propre int\u00e9riorit\u00e9. Il s&rsquo;agit de la part d&rsquo;ombre qui r\u00e9side en chacun de nous. Cependant, chaque \u0153uvre de cette s\u00e9rie est impr\u00e9gn\u00e9e de lumi\u00e8re, transmettant le message que, quelle que soit l&rsquo;obscurit\u00e9, la lumi\u00e8re est toujours pr\u00e9sente quelque part. Sur les toiles, des insectes sont d\u00e9lib\u00e9r\u00e9ment esquiss\u00e9s, symbolisant \u00e0 la fois la vie en nous mais de fa\u00e7on intrins\u00e8que aussi la mort. \u00ab\u00a0<\/p>\n\n\n\n<div style=\"height:50px\" aria-hidden=\"true\" class=\"wp-block-spacer\"><\/div>\n<\/div>\n\n\n\n<div class=\"wp-block-column is-layout-flow wp-block-column-is-layout-flow\">\n<figure class=\"wp-block-image size-full\"><img fetchpriority=\"high\" decoding=\"async\" width=\"1200\" height=\"1249\" src=\"https:\/\/innovaartconceptstore.com\/wp-content\/uploads\/2025\/11\/MB-abstrait.jpg\" alt=\"\" class=\"wp-image-1431\" srcset=\"https:\/\/galerieresidenza.com\/wp-content\/uploads\/2025\/11\/MB-abstrait.jpg 1200w, https:\/\/galerieresidenza.com\/wp-content\/uploads\/2025\/11\/MB-abstrait-288x300.jpg 288w, https:\/\/galerieresidenza.com\/wp-content\/uploads\/2025\/11\/MB-abstrait-984x1024.jpg 984w, https:\/\/galerieresidenza.com\/wp-content\/uploads\/2025\/11\/MB-abstrait-768x799.jpg 768w, https:\/\/galerieresidenza.com\/wp-content\/uploads\/2025\/11\/MB-abstrait-600x625.jpg 600w\" sizes=\"(max-width: 1200px) 100vw, 1200px\" \/><\/figure>\n<\/div>\n<\/div>\n\n\n\n<hr class=\"wp-block-separator has-alpha-channel-opacity is-style-default\" style=\"margin-top:var(--wp--preset--spacing--70);margin-bottom:var(--wp--preset--spacing--70)\"\/>\n\n\n<div class=\"woocommerce columns-3 \"><ul class=\"products columns-3\">\n<li class=\"product type-product post-1437 status-publish first instock product_cat-peinture has-post-thumbnail featured shipping-taxable purchasable product-type-simple\">\n\t<a href=\"https:\/\/galerieresidenza.com\/index.php\/produit\/mbabstrait-interstellar\/\" class=\"woocommerce-LoopProduct-link woocommerce-loop-product__link\"><img decoding=\"async\" width=\"230\" height=\"350\" src=\"https:\/\/galerieresidenza.com\/wp-content\/uploads\/2025\/11\/20251118_153022-230x350.jpg\" class=\"attachment-woocommerce_thumbnail size-woocommerce_thumbnail\" alt=\"Interstellar\" srcset=\"https:\/\/galerieresidenza.com\/wp-content\/uploads\/2025\/11\/20251118_153022-230x350.jpg 230w, https:\/\/galerieresidenza.com\/wp-content\/uploads\/2025\/11\/20251118_153022-460x700.jpg 460w\" sizes=\"(max-width: 230px) 100vw, 230px\" \/><h2 class=\"woocommerce-loop-product__title\">Interstellar<\/h2>\n\t<span class=\"price\"><span class=\"woocommerce-Price-amount amount\"><bdi>1500,00&nbsp;<span class=\"woocommerce-Price-currencySymbol\">&euro;<\/span><\/bdi><\/span><\/span>\n<\/a><a href=\"\/index.php\/wp-json\/wp\/v2\/pages\/1430?add-to-cart=1437\" aria-describedby=\"woocommerce_loop_add_to_cart_link_describedby_1437\" data-quantity=\"1\" class=\"button product_type_simple add_to_cart_button ajax_add_to_cart\" data-product_id=\"1437\" data-product_sku=\"\" aria-label=\"Ajouter au panier\u00a0: &ldquo;Interstellar&rdquo;\" rel=\"nofollow\" data-success_message=\"\u00ab\u00a0Interstellar\u00a0\u00bb a \u00e9t\u00e9 ajout\u00e9 \u00e0 votre panier\" role=\"button\">Ajouter au panier<\/a>\t<span id=\"woocommerce_loop_add_to_cart_link_describedby_1437\" class=\"screen-reader-text\">\n\t\t\t<\/span>\n<\/li>\n<li class=\"product type-product post-1439 status-publish instock product_cat-peinture has-post-thumbnail shipping-taxable purchasable product-type-simple\">\n\t<a href=\"https:\/\/galerieresidenza.com\/index.php\/produit\/mb-abstrait-monde-interieur-1\/\" class=\"woocommerce-LoopProduct-link woocommerce-loop-product__link\"><img decoding=\"async\" width=\"230\" height=\"350\" src=\"https:\/\/galerieresidenza.com\/wp-content\/uploads\/2025\/11\/Monde-interieur-1-230x350.jpg\" class=\"attachment-woocommerce_thumbnail size-woocommerce_thumbnail\" alt=\"Monde int\u00e9rieur 1\" srcset=\"https:\/\/galerieresidenza.com\/wp-content\/uploads\/2025\/11\/Monde-interieur-1-230x350.jpg 230w, https:\/\/galerieresidenza.com\/wp-content\/uploads\/2025\/11\/Monde-interieur-1-460x700.jpg 460w\" sizes=\"(max-width: 230px) 100vw, 230px\" \/><h2 class=\"woocommerce-loop-product__title\">Monde int\u00e9rieur 1<\/h2>\n\t<span class=\"price\"><span class=\"woocommerce-Price-amount amount\"><bdi>150,00&nbsp;<span class=\"woocommerce-Price-currencySymbol\">&euro;<\/span><\/bdi><\/span><\/span>\n<\/a><a href=\"\/index.php\/wp-json\/wp\/v2\/pages\/1430?add-to-cart=1439\" aria-describedby=\"woocommerce_loop_add_to_cart_link_describedby_1439\" data-quantity=\"1\" class=\"button product_type_simple add_to_cart_button ajax_add_to_cart\" data-product_id=\"1439\" data-product_sku=\"\" aria-label=\"Ajouter au panier\u00a0: &ldquo;Monde int\u00e9rieur 1&rdquo;\" rel=\"nofollow\" data-success_message=\"\u00ab\u00a0Monde int\u00e9rieur 1\u00a0\u00bb a \u00e9t\u00e9 ajout\u00e9 \u00e0 votre panier\" role=\"button\">Ajouter au panier<\/a>\t<span id=\"woocommerce_loop_add_to_cart_link_describedby_1439\" class=\"screen-reader-text\">\n\t\t\t<\/span>\n<\/li>\n<li class=\"product type-product post-1441 status-publish last instock product_cat-peinture has-post-thumbnail shipping-taxable purchasable product-type-simple\">\n\t<a href=\"https:\/\/galerieresidenza.com\/index.php\/produit\/mb-abstrait-monde-interieur-2\/\" class=\"woocommerce-LoopProduct-link woocommerce-loop-product__link\"><img loading=\"lazy\" decoding=\"async\" width=\"230\" height=\"350\" src=\"https:\/\/galerieresidenza.com\/wp-content\/uploads\/2025\/11\/Monde-interieur-2-230x350.jpg\" class=\"attachment-woocommerce_thumbnail size-woocommerce_thumbnail\" alt=\"Monde int\u00e9rieur 2\" srcset=\"https:\/\/galerieresidenza.com\/wp-content\/uploads\/2025\/11\/Monde-interieur-2-230x350.jpg 230w, https:\/\/galerieresidenza.com\/wp-content\/uploads\/2025\/11\/Monde-interieur-2-460x700.jpg 460w\" sizes=\"(max-width: 230px) 100vw, 230px\" \/><h2 class=\"woocommerce-loop-product__title\">Monde int\u00e9rieur 2<\/h2>\n\t<span class=\"price\"><span class=\"woocommerce-Price-amount amount\"><bdi>150,00&nbsp;<span class=\"woocommerce-Price-currencySymbol\">&euro;<\/span><\/bdi><\/span><\/span>\n<\/a><a href=\"\/index.php\/wp-json\/wp\/v2\/pages\/1430?add-to-cart=1441\" aria-describedby=\"woocommerce_loop_add_to_cart_link_describedby_1441\" data-quantity=\"1\" class=\"button product_type_simple add_to_cart_button ajax_add_to_cart\" data-product_id=\"1441\" data-product_sku=\"\" aria-label=\"Ajouter au panier\u00a0: &ldquo;Monde int\u00e9rieur 2&rdquo;\" rel=\"nofollow\" data-success_message=\"\u00ab\u00a0Monde int\u00e9rieur 2\u00a0\u00bb a \u00e9t\u00e9 ajout\u00e9 \u00e0 votre panier\" role=\"button\">Ajouter au panier<\/a>\t<span id=\"woocommerce_loop_add_to_cart_link_describedby_1441\" class=\"screen-reader-text\">\n\t\t\t<\/span>\n<\/li>\n<li class=\"product type-product post-1443 status-publish first instock product_cat-peinture has-post-thumbnail featured shipping-taxable purchasable product-type-simple\">\n\t<a href=\"https:\/\/galerieresidenza.com\/index.php\/produit\/mb-abstrait-monde-interieur-3\/\" class=\"woocommerce-LoopProduct-link woocommerce-loop-product__link\"><img loading=\"lazy\" decoding=\"async\" width=\"230\" height=\"350\" src=\"https:\/\/galerieresidenza.com\/wp-content\/uploads\/2025\/11\/Monde-interieur-3-230x350.jpg\" class=\"attachment-woocommerce_thumbnail size-woocommerce_thumbnail\" alt=\"Monde int\u00e9rieur 3\" srcset=\"https:\/\/galerieresidenza.com\/wp-content\/uploads\/2025\/11\/Monde-interieur-3-230x350.jpg 230w, https:\/\/galerieresidenza.com\/wp-content\/uploads\/2025\/11\/Monde-interieur-3-460x700.jpg 460w\" sizes=\"(max-width: 230px) 100vw, 230px\" \/><h2 class=\"woocommerce-loop-product__title\">Monde int\u00e9rieur 3<\/h2>\n\t<span class=\"price\"><span class=\"woocommerce-Price-amount amount\"><bdi>150,00&nbsp;<span class=\"woocommerce-Price-currencySymbol\">&euro;<\/span><\/bdi><\/span><\/span>\n<\/a><a href=\"\/index.php\/wp-json\/wp\/v2\/pages\/1430?add-to-cart=1443\" aria-describedby=\"woocommerce_loop_add_to_cart_link_describedby_1443\" data-quantity=\"1\" class=\"button product_type_simple add_to_cart_button ajax_add_to_cart\" data-product_id=\"1443\" data-product_sku=\"\" aria-label=\"Ajouter au panier\u00a0: &ldquo;Monde int\u00e9rieur 3&rdquo;\" rel=\"nofollow\" data-success_message=\"\u00ab\u00a0Monde int\u00e9rieur 3\u00a0\u00bb a \u00e9t\u00e9 ajout\u00e9 \u00e0 votre panier\" role=\"button\">Ajouter au panier<\/a>\t<span id=\"woocommerce_loop_add_to_cart_link_describedby_1443\" class=\"screen-reader-text\">\n\t\t\t<\/span>\n<\/li>\n<li class=\"product type-product post-1445 status-publish instock product_cat-peinture has-post-thumbnail shipping-taxable purchasable product-type-simple\">\n\t<a href=\"https:\/\/galerieresidenza.com\/index.php\/produit\/mb-abstrait-monde-interieur-4\/\" class=\"woocommerce-LoopProduct-link woocommerce-loop-product__link\"><img loading=\"lazy\" decoding=\"async\" width=\"230\" height=\"350\" src=\"https:\/\/galerieresidenza.com\/wp-content\/uploads\/2025\/11\/Monde-interieur-4-230x350.jpg\" class=\"attachment-woocommerce_thumbnail size-woocommerce_thumbnail\" alt=\"Monde int\u00e9rieur 4\" srcset=\"https:\/\/galerieresidenza.com\/wp-content\/uploads\/2025\/11\/Monde-interieur-4-230x350.jpg 230w, https:\/\/galerieresidenza.com\/wp-content\/uploads\/2025\/11\/Monde-interieur-4-460x700.jpg 460w\" sizes=\"(max-width: 230px) 100vw, 230px\" \/><h2 class=\"woocommerce-loop-product__title\">Monde int\u00e9rieur 4<\/h2>\n\t<span class=\"price\"><span class=\"woocommerce-Price-amount amount\"><bdi>150,00&nbsp;<span class=\"woocommerce-Price-currencySymbol\">&euro;<\/span><\/bdi><\/span><\/span>\n<\/a><a href=\"\/index.php\/wp-json\/wp\/v2\/pages\/1430?add-to-cart=1445\" aria-describedby=\"woocommerce_loop_add_to_cart_link_describedby_1445\" data-quantity=\"1\" class=\"button product_type_simple add_to_cart_button ajax_add_to_cart\" data-product_id=\"1445\" data-product_sku=\"\" aria-label=\"Ajouter au panier\u00a0: &ldquo;Monde int\u00e9rieur 4&rdquo;\" rel=\"nofollow\" data-success_message=\"\u00ab\u00a0Monde int\u00e9rieur 4\u00a0\u00bb a \u00e9t\u00e9 ajout\u00e9 \u00e0 votre panier\" role=\"button\">Ajouter au panier<\/a>\t<span id=\"woocommerce_loop_add_to_cart_link_describedby_1445\" class=\"screen-reader-text\">\n\t\t\t<\/span>\n<\/li>\n<\/ul>\n<\/div>\n\n\n\n<p><\/p>\n","protected":false},"excerpt":{"rendered":"<p>Marion Bonavita, artiste peintre n\u00e9e en 1988 \u00e0 Pertuis, a grandi au c\u0153ur de la Loz\u00e8re. \u00c0 l\u2019\u00e2ge adulte, elle choisit de revenir en Corse. C\u2019est en 2013 qu\u2019elle se r\u00e9v\u00e8le une passion spontan\u00e9e pour l\u2019art abstrait. Autodidacte, Marion explore la peinture avec libert\u00e9, laissant son intuition guider chacun de [&hellip;]<\/p>\n","protected":false},"author":1,"featured_media":0,"parent":0,"menu_order":0,"comment_status":"closed","ping_status":"closed","template":"page-templates\/template-fullwidth.php","meta":{"footnotes":""},"class_list":["post-1430","page","type-page","status-publish","hentry"],"_links":{"self":[{"href":"https:\/\/galerieresidenza.com\/index.php\/wp-json\/wp\/v2\/pages\/1430","targetHints":{"allow":["GET"]}}],"collection":[{"href":"https:\/\/galerieresidenza.com\/index.php\/wp-json\/wp\/v2\/pages"}],"about":[{"href":"https:\/\/galerieresidenza.com\/index.php\/wp-json\/wp\/v2\/types\/page"}],"author":[{"embeddable":true,"href":"https:\/\/galerieresidenza.com\/index.php\/wp-json\/wp\/v2\/users\/1"}],"replies":[{"embeddable":true,"href":"https:\/\/galerieresidenza.com\/index.php\/wp-json\/wp\/v2\/comments?post=1430"}],"version-history":[{"count":5,"href":"https:\/\/galerieresidenza.com\/index.php\/wp-json\/wp\/v2\/pages\/1430\/revisions"}],"predecessor-version":[{"id":1531,"href":"https:\/\/galerieresidenza.com\/index.php\/wp-json\/wp\/v2\/pages\/1430\/revisions\/1531"}],"wp:attachment":[{"href":"https:\/\/galerieresidenza.com\/index.php\/wp-json\/wp\/v2\/media?parent=1430"}],"curies":[{"name":"wp","href":"https:\/\/api.w.org\/{rel}","templated":true}]}}