{"id":1485,"date":"2025-11-25T11:26:45","date_gmt":"2025-11-25T10:26:45","guid":{"rendered":"https:\/\/innovaartconceptstore.com\/?page_id=1485"},"modified":"2025-11-25T11:26:47","modified_gmt":"2025-11-25T10:26:47","slug":"orel","status":"publish","type":"page","link":"https:\/\/galerieresidenza.com\/index.php\/orel\/","title":{"rendered":"Orel"},"content":{"rendered":"\n<div class=\"wp-block-columns is-layout-flex wp-container-core-columns-is-layout-28f84493 wp-block-columns-is-layout-flex\">\n<div class=\"wp-block-column is-layout-flow wp-block-column-is-layout-flow\">\n<p style=\"font-size:16px\">Bas\u00e9 sur l\u2019\u00eele de La R\u00e9union,\u00a0Micelli capture la rencontre entre les mots, la musique et l\u2019image.<\/p>\n\n\n\n<p style=\"font-size:16px\">Ses clich\u00e9s traduisent une sensibilit\u00e9 brute, port\u00e9e par la curiosit\u00e9, le voyage et la r\u00e9flexion.<\/p>\n\n\n\n<div style=\"height:50px\" aria-hidden=\"true\" class=\"wp-block-spacer\"><\/div>\n<\/div>\n\n\n\n<div class=\"wp-block-column is-layout-flow wp-block-column-is-layout-flow\">\n<figure class=\"wp-block-image size-full\"><img fetchpriority=\"high\" decoding=\"async\" width=\"259\" height=\"194\" src=\"https:\/\/innovaartconceptstore.com\/wp-content\/uploads\/2025\/11\/469069113_903131951923523_1613086570875715545_n.jpg\" alt=\"\" class=\"wp-image-1486\"\/><\/figure>\n<\/div>\n<\/div>\n\n\n\n<hr class=\"wp-block-separator has-alpha-channel-opacity is-style-default\" style=\"margin-top:var(--wp--preset--spacing--70);margin-bottom:var(--wp--preset--spacing--70)\"\/>\n\n\n<div class=\"woocommerce columns-3 \"><ul class=\"products columns-3\">\n<li class=\"product type-product post-1276 status-publish first instock product_cat-photo has-post-thumbnail shipping-taxable purchasable product-type-simple\">\n\t<a href=\"https:\/\/galerieresidenza.com\/index.php\/produit\/citadelle-aurel\/\" class=\"woocommerce-LoopProduct-link woocommerce-loop-product__link\"><img decoding=\"async\" width=\"230\" height=\"350\" src=\"https:\/\/galerieresidenza.com\/wp-content\/uploads\/2025\/10\/citadelle-230x350.jpg\" class=\"attachment-woocommerce_thumbnail size-woocommerce_thumbnail\" alt=\"Citadelle\" \/><h2 class=\"woocommerce-loop-product__title\">Citadelle<\/h2>\n\t<span class=\"price\"><span class=\"woocommerce-Price-amount amount\"><bdi>450,00&nbsp;<span class=\"woocommerce-Price-currencySymbol\">&euro;<\/span><\/bdi><\/span><\/span>\n<\/a><a href=\"\/index.php\/wp-json\/wp\/v2\/pages\/1485?add-to-cart=1276\" aria-describedby=\"woocommerce_loop_add_to_cart_link_describedby_1276\" data-quantity=\"1\" class=\"button product_type_simple add_to_cart_button ajax_add_to_cart\" data-product_id=\"1276\" data-product_sku=\"\" aria-label=\"Ajouter au panier\u00a0: &ldquo;Citadelle&rdquo;\" rel=\"nofollow\" data-success_message=\"\u00ab\u00a0Citadelle\u00a0\u00bb a \u00e9t\u00e9 ajout\u00e9 \u00e0 votre panier\" role=\"button\">Ajouter au panier<\/a>\t<span id=\"woocommerce_loop_add_to_cart_link_describedby_1276\" class=\"screen-reader-text\">\n\t\t\t<\/span>\n<\/li>\n<li class=\"product type-product post-1280 status-publish instock product_cat-photo has-post-thumbnail shipping-taxable purchasable product-type-simple\">\n\t<a href=\"https:\/\/galerieresidenza.com\/index.php\/produit\/madame-guitare-aurel\/\" class=\"woocommerce-LoopProduct-link woocommerce-loop-product__link\"><img decoding=\"async\" width=\"230\" height=\"350\" src=\"https:\/\/galerieresidenza.com\/wp-content\/uploads\/2025\/10\/madame-guitare-230x350.jpg\" class=\"attachment-woocommerce_thumbnail size-woocommerce_thumbnail\" alt=\"Madame Guitare\" srcset=\"https:\/\/galerieresidenza.com\/wp-content\/uploads\/2025\/10\/madame-guitare-230x350.jpg 230w, https:\/\/galerieresidenza.com\/wp-content\/uploads\/2025\/10\/madame-guitare-460x700.jpg 460w\" sizes=\"(max-width: 230px) 100vw, 230px\" \/><h2 class=\"woocommerce-loop-product__title\">Madame Guitare<\/h2>\n\t<span class=\"price\"><span class=\"woocommerce-Price-amount amount\"><bdi>450,00&nbsp;<span class=\"woocommerce-Price-currencySymbol\">&euro;<\/span><\/bdi><\/span><\/span>\n<\/a><a href=\"\/index.php\/wp-json\/wp\/v2\/pages\/1485?add-to-cart=1280\" aria-describedby=\"woocommerce_loop_add_to_cart_link_describedby_1280\" data-quantity=\"1\" class=\"button product_type_simple add_to_cart_button ajax_add_to_cart\" data-product_id=\"1280\" data-product_sku=\"\" aria-label=\"Ajouter au panier\u00a0: &ldquo;Madame Guitare&rdquo;\" rel=\"nofollow\" data-success_message=\"\u00ab\u00a0Madame Guitare\u00a0\u00bb a \u00e9t\u00e9 ajout\u00e9 \u00e0 votre panier\" role=\"button\">Ajouter au panier<\/a>\t<span id=\"woocommerce_loop_add_to_cart_link_describedby_1280\" class=\"screen-reader-text\">\n\t\t\t<\/span>\n<\/li>\n<li class=\"product type-product post-1282 status-publish last instock product_cat-photo has-post-thumbnail shipping-taxable purchasable product-type-simple\">\n\t<a href=\"https:\/\/galerieresidenza.com\/index.php\/produit\/monsieur-accordeon-aurel\/\" class=\"woocommerce-LoopProduct-link woocommerce-loop-product__link\"><img loading=\"lazy\" decoding=\"async\" width=\"230\" height=\"350\" src=\"https:\/\/galerieresidenza.com\/wp-content\/uploads\/2025\/10\/monsieur-accordeon-230x350.jpg\" class=\"attachment-woocommerce_thumbnail size-woocommerce_thumbnail\" alt=\"Monsieur Accord\u00e9on\" srcset=\"https:\/\/galerieresidenza.com\/wp-content\/uploads\/2025\/10\/monsieur-accordeon-230x350.jpg 230w, https:\/\/galerieresidenza.com\/wp-content\/uploads\/2025\/10\/monsieur-accordeon-460x700.jpg 460w\" sizes=\"(max-width: 230px) 100vw, 230px\" \/><h2 class=\"woocommerce-loop-product__title\">Monsieur Accord\u00e9on<\/h2>\n\t<span class=\"price\"><span class=\"woocommerce-Price-amount amount\"><bdi>450,00&nbsp;<span class=\"woocommerce-Price-currencySymbol\">&euro;<\/span><\/bdi><\/span><\/span>\n<\/a><a href=\"\/index.php\/wp-json\/wp\/v2\/pages\/1485?add-to-cart=1282\" aria-describedby=\"woocommerce_loop_add_to_cart_link_describedby_1282\" data-quantity=\"1\" class=\"button product_type_simple add_to_cart_button ajax_add_to_cart\" data-product_id=\"1282\" data-product_sku=\"\" aria-label=\"Ajouter au panier\u00a0: &ldquo;Monsieur Accord\u00e9on&rdquo;\" rel=\"nofollow\" data-success_message=\"\u00ab\u00a0Monsieur Accord\u00e9on\u00a0\u00bb a \u00e9t\u00e9 ajout\u00e9 \u00e0 votre panier\" role=\"button\">Ajouter au panier<\/a>\t<span id=\"woocommerce_loop_add_to_cart_link_describedby_1282\" class=\"screen-reader-text\">\n\t\t\t<\/span>\n<\/li>\n<li class=\"product type-product post-1274 status-publish first instock product_cat-photo has-post-thumbnail featured shipping-taxable purchasable product-type-simple\">\n\t<a href=\"https:\/\/galerieresidenza.com\/index.php\/produit\/red-felix-aurel\/\" class=\"woocommerce-LoopProduct-link woocommerce-loop-product__link\"><img loading=\"lazy\" decoding=\"async\" width=\"230\" height=\"350\" src=\"https:\/\/galerieresidenza.com\/wp-content\/uploads\/2025\/10\/red-felix-230x350.jpg\" class=\"attachment-woocommerce_thumbnail size-woocommerce_thumbnail\" alt=\"Red Felix\" srcset=\"https:\/\/galerieresidenza.com\/wp-content\/uploads\/2025\/10\/red-felix-230x350.jpg 230w, https:\/\/galerieresidenza.com\/wp-content\/uploads\/2025\/10\/red-felix-460x700.jpg 460w\" sizes=\"(max-width: 230px) 100vw, 230px\" \/><h2 class=\"woocommerce-loop-product__title\">Red Felix<\/h2>\n\t<span class=\"price\"><span class=\"woocommerce-Price-amount amount\"><bdi>450,00&nbsp;<span class=\"woocommerce-Price-currencySymbol\">&euro;<\/span><\/bdi><\/span><\/span>\n<\/a><a href=\"\/index.php\/wp-json\/wp\/v2\/pages\/1485?add-to-cart=1274\" aria-describedby=\"woocommerce_loop_add_to_cart_link_describedby_1274\" data-quantity=\"1\" class=\"button product_type_simple add_to_cart_button ajax_add_to_cart\" data-product_id=\"1274\" data-product_sku=\"\" aria-label=\"Ajouter au panier\u00a0: &ldquo;Red Felix&rdquo;\" rel=\"nofollow\" data-success_message=\"\u00ab\u00a0Red Felix\u00a0\u00bb a \u00e9t\u00e9 ajout\u00e9 \u00e0 votre panier\" role=\"button\">Ajouter au panier<\/a>\t<span id=\"woocommerce_loop_add_to_cart_link_describedby_1274\" class=\"screen-reader-text\">\n\t\t\t<\/span>\n<\/li>\n<li class=\"product type-product post-1278 status-publish instock product_cat-photo has-post-thumbnail shipping-taxable purchasable product-type-simple\">\n\t<a href=\"https:\/\/galerieresidenza.com\/index.php\/produit\/vatican-aurel\/\" class=\"woocommerce-LoopProduct-link woocommerce-loop-product__link\"><img loading=\"lazy\" decoding=\"async\" width=\"230\" height=\"350\" src=\"https:\/\/galerieresidenza.com\/wp-content\/uploads\/2025\/10\/VATICAN-60-230x350.jpg\" class=\"attachment-woocommerce_thumbnail size-woocommerce_thumbnail\" alt=\"Vatican\" \/><h2 class=\"woocommerce-loop-product__title\">Vatican<\/h2>\n\t<span class=\"price\"><span class=\"woocommerce-Price-amount amount\"><bdi>450,00&nbsp;<span class=\"woocommerce-Price-currencySymbol\">&euro;<\/span><\/bdi><\/span><\/span>\n<\/a><a href=\"\/index.php\/wp-json\/wp\/v2\/pages\/1485?add-to-cart=1278\" aria-describedby=\"woocommerce_loop_add_to_cart_link_describedby_1278\" data-quantity=\"1\" class=\"button product_type_simple add_to_cart_button ajax_add_to_cart\" data-product_id=\"1278\" data-product_sku=\"\" aria-label=\"Ajouter au panier\u00a0: &ldquo;Vatican&rdquo;\" rel=\"nofollow\" data-success_message=\"\u00ab\u00a0Vatican\u00a0\u00bb a \u00e9t\u00e9 ajout\u00e9 \u00e0 votre panier\" role=\"button\">Ajouter au panier<\/a>\t<span id=\"woocommerce_loop_add_to_cart_link_describedby_1278\" class=\"screen-reader-text\">\n\t\t\t<\/span>\n<\/li>\n<\/ul>\n<\/div>\n","protected":false},"excerpt":{"rendered":"<p>Bas\u00e9 sur l\u2019\u00eele de La R\u00e9union,\u00a0Micelli capture la rencontre entre les mots, la musique et l\u2019image. Ses clich\u00e9s traduisent une sensibilit\u00e9 brute, port\u00e9e par la curiosit\u00e9, le voyage et la r\u00e9flexion.<\/p>\n","protected":false},"author":1,"featured_media":0,"parent":0,"menu_order":0,"comment_status":"closed","ping_status":"closed","template":"page-templates\/template-fullwidth.php","meta":{"footnotes":""},"class_list":["post-1485","page","type-page","status-publish","hentry"],"_links":{"self":[{"href":"https:\/\/galerieresidenza.com\/index.php\/wp-json\/wp\/v2\/pages\/1485","targetHints":{"allow":["GET"]}}],"collection":[{"href":"https:\/\/galerieresidenza.com\/index.php\/wp-json\/wp\/v2\/pages"}],"about":[{"href":"https:\/\/galerieresidenza.com\/index.php\/wp-json\/wp\/v2\/types\/page"}],"author":[{"embeddable":true,"href":"https:\/\/galerieresidenza.com\/index.php\/wp-json\/wp\/v2\/users\/1"}],"replies":[{"embeddable":true,"href":"https:\/\/galerieresidenza.com\/index.php\/wp-json\/wp\/v2\/comments?post=1485"}],"version-history":[{"count":1,"href":"https:\/\/galerieresidenza.com\/index.php\/wp-json\/wp\/v2\/pages\/1485\/revisions"}],"predecessor-version":[{"id":1487,"href":"https:\/\/galerieresidenza.com\/index.php\/wp-json\/wp\/v2\/pages\/1485\/revisions\/1487"}],"wp:attachment":[{"href":"https:\/\/galerieresidenza.com\/index.php\/wp-json\/wp\/v2\/media?parent=1485"}],"curies":[{"name":"wp","href":"https:\/\/api.w.org\/{rel}","templated":true}]}}