{"id":1500,"date":"2025-11-25T15:21:42","date_gmt":"2025-11-25T14:21:42","guid":{"rendered":"https:\/\/innovaartconceptstore.com\/?page_id=1500"},"modified":"2025-11-25T15:24:13","modified_gmt":"2025-11-25T14:24:13","slug":"bamba","status":"publish","type":"page","link":"https:\/\/galerieresidenza.com\/index.php\/bamba\/","title":{"rendered":"Bamba"},"content":{"rendered":"\n<div class=\"wp-block-columns is-layout-flex wp-container-core-columns-is-layout-28f84493 wp-block-columns-is-layout-flex\">\n<div class=\"wp-block-column is-layout-flow wp-block-column-is-layout-flow\">\n<p style=\"font-size:18px\">L\u00e9on Garel, artiste franco-mystique, issu du cin\u00e9ma d&rsquo;auteur, \u00e0 cr\u00e9\u00e9 Bamba comme on fait naitre un double, un \u00e9clat, une force douce.<\/p>\n\n\n\n<p>Apr\u00e8s un parcours sur les plateaux, dans les rues, les dojos et les \u00e9toiles, il a laiss\u00e9 place \u00e0 cette pr\u00e9sence qui murmure l&rsquo;unicit\u00e9 de chacun.<\/p>\n\n\n\n<p>Bamba est une individualit\u00e9 incarn\u00e9e.<\/p>\n\n\n\n<p>Parfois pos\u00e9e sur un mur, parfois dans un salle de boxe, parfois dans un  r\u00eave : il vient rappeler que vous \u00eates d\u00e9j\u00e0 complet.<\/p>\n\n\n\n<figure class=\"wp-block-image size-full\"><img fetchpriority=\"high\" decoding=\"async\" width=\"800\" height=\"370\" src=\"https:\/\/innovaartconceptstore.com\/wp-content\/uploads\/2025\/11\/bamba-2-1.jpg\" alt=\"\" class=\"wp-image-1505\" srcset=\"https:\/\/galerieresidenza.com\/wp-content\/uploads\/2025\/11\/bamba-2-1.jpg 800w, https:\/\/galerieresidenza.com\/wp-content\/uploads\/2025\/11\/bamba-2-1-300x139.jpg 300w, https:\/\/galerieresidenza.com\/wp-content\/uploads\/2025\/11\/bamba-2-1-768x355.jpg 768w, https:\/\/galerieresidenza.com\/wp-content\/uploads\/2025\/11\/bamba-2-1-600x278.jpg 600w\" sizes=\"(max-width: 800px) 100vw, 800px\" \/><\/figure>\n\n\n\n<div style=\"height:50px\" aria-hidden=\"true\" class=\"wp-block-spacer\"><\/div>\n<\/div>\n\n\n\n<div class=\"wp-block-column is-layout-flow wp-block-column-is-layout-flow\">\n<figure class=\"wp-block-image size-full\"><img decoding=\"async\" width=\"800\" height=\"1266\" src=\"https:\/\/innovaartconceptstore.com\/wp-content\/uploads\/2025\/11\/Bamba.jpg\" alt=\"\" class=\"wp-image-1501\" srcset=\"https:\/\/galerieresidenza.com\/wp-content\/uploads\/2025\/11\/Bamba.jpg 800w, https:\/\/galerieresidenza.com\/wp-content\/uploads\/2025\/11\/Bamba-190x300.jpg 190w, https:\/\/galerieresidenza.com\/wp-content\/uploads\/2025\/11\/Bamba-647x1024.jpg 647w, https:\/\/galerieresidenza.com\/wp-content\/uploads\/2025\/11\/Bamba-768x1215.jpg 768w, https:\/\/galerieresidenza.com\/wp-content\/uploads\/2025\/11\/Bamba-600x950.jpg 600w\" sizes=\"(max-width: 800px) 100vw, 800px\" \/><\/figure>\n<\/div>\n<\/div>\n\n\n<div class=\"woocommerce columns-4 \"><ul class=\"products columns-4\">\n<li class=\"product type-product post-1498 status-publish first instock product_cat-peinture has-post-thumbnail shipping-taxable purchasable product-type-simple\">\n\t<a href=\"https:\/\/galerieresidenza.com\/index.php\/produit\/bamba-lyvion-arcane\/\" class=\"woocommerce-LoopProduct-link woocommerce-loop-product__link\"><img decoding=\"async\" width=\"230\" height=\"350\" src=\"https:\/\/galerieresidenza.com\/wp-content\/uploads\/2025\/11\/bamba-3-230x350.jpg\" class=\"attachment-woocommerce_thumbnail size-woocommerce_thumbnail\" alt=\"Lyvion Arcane\" srcset=\"https:\/\/galerieresidenza.com\/wp-content\/uploads\/2025\/11\/bamba-3-230x350.jpg 230w, https:\/\/galerieresidenza.com\/wp-content\/uploads\/2025\/11\/bamba-3-460x700.jpg 460w\" sizes=\"(max-width: 230px) 100vw, 230px\" \/><h2 class=\"woocommerce-loop-product__title\">Lyvion Arcane<\/h2>\n\t<span class=\"price\"><span class=\"woocommerce-Price-amount amount\"><bdi>260,00&nbsp;<span class=\"woocommerce-Price-currencySymbol\">&euro;<\/span><\/bdi><\/span><\/span>\n<\/a><a href=\"\/index.php\/wp-json\/wp\/v2\/pages\/1500?add-to-cart=1498\" aria-describedby=\"woocommerce_loop_add_to_cart_link_describedby_1498\" data-quantity=\"1\" class=\"button product_type_simple add_to_cart_button ajax_add_to_cart\" data-product_id=\"1498\" data-product_sku=\"\" aria-label=\"Ajouter au panier\u00a0: &ldquo;Lyvion Arcane&rdquo;\" rel=\"nofollow\" data-success_message=\"\u00ab\u00a0Lyvion Arcane\u00a0\u00bb a \u00e9t\u00e9 ajout\u00e9 \u00e0 votre panier\" role=\"button\">Ajouter au panier<\/a>\t<span id=\"woocommerce_loop_add_to_cart_link_describedby_1498\" class=\"screen-reader-text\">\n\t\t\t<\/span>\n<\/li>\n<li class=\"product type-product post-1489 status-publish instock product_cat-peinture has-post-thumbnail featured shipping-taxable purchasable product-type-simple\">\n\t<a href=\"https:\/\/galerieresidenza.com\/index.php\/produit\/bamba-maeryn-halo\/\" class=\"woocommerce-LoopProduct-link woocommerce-loop-product__link\"><img loading=\"lazy\" decoding=\"async\" width=\"230\" height=\"350\" src=\"https:\/\/galerieresidenza.com\/wp-content\/uploads\/2025\/11\/bamba-11-230x350.jpg\" class=\"attachment-woocommerce_thumbnail size-woocommerce_thumbnail\" alt=\"Maeryn Halo\" srcset=\"https:\/\/galerieresidenza.com\/wp-content\/uploads\/2025\/11\/bamba-11-230x350.jpg 230w, https:\/\/galerieresidenza.com\/wp-content\/uploads\/2025\/11\/bamba-11-460x700.jpg 460w\" sizes=\"(max-width: 230px) 100vw, 230px\" \/><h2 class=\"woocommerce-loop-product__title\">Maeryn Halo<\/h2>\n\t<span class=\"price\"><span class=\"woocommerce-Price-amount amount\"><bdi>260,00&nbsp;<span class=\"woocommerce-Price-currencySymbol\">&euro;<\/span><\/bdi><\/span><\/span>\n<\/a><a href=\"\/index.php\/wp-json\/wp\/v2\/pages\/1500?add-to-cart=1489\" aria-describedby=\"woocommerce_loop_add_to_cart_link_describedby_1489\" data-quantity=\"1\" class=\"button product_type_simple add_to_cart_button ajax_add_to_cart\" data-product_id=\"1489\" data-product_sku=\"\" aria-label=\"Ajouter au panier\u00a0: &ldquo;Maeryn Halo&rdquo;\" rel=\"nofollow\" data-success_message=\"\u00ab\u00a0Maeryn Halo\u00a0\u00bb a \u00e9t\u00e9 ajout\u00e9 \u00e0 votre panier\" role=\"button\">Ajouter au panier<\/a>\t<span id=\"woocommerce_loop_add_to_cart_link_describedby_1489\" class=\"screen-reader-text\">\n\t\t\t<\/span>\n<\/li>\n<li class=\"product type-product post-1496 status-publish instock product_cat-peinture has-post-thumbnail shipping-taxable purchasable product-type-simple\">\n\t<a href=\"https:\/\/galerieresidenza.com\/index.php\/produit\/bamba-serenya-cosma\/\" class=\"woocommerce-LoopProduct-link woocommerce-loop-product__link\"><img loading=\"lazy\" decoding=\"async\" width=\"230\" height=\"350\" src=\"https:\/\/galerieresidenza.com\/wp-content\/uploads\/2025\/11\/bamba-2-230x350.jpg\" class=\"attachment-woocommerce_thumbnail size-woocommerce_thumbnail\" alt=\"Serenya Cosma\" srcset=\"https:\/\/galerieresidenza.com\/wp-content\/uploads\/2025\/11\/bamba-2-230x350.jpg 230w, https:\/\/galerieresidenza.com\/wp-content\/uploads\/2025\/11\/bamba-2-460x700.jpg 460w\" sizes=\"(max-width: 230px) 100vw, 230px\" \/><h2 class=\"woocommerce-loop-product__title\">Serenya Cosma<\/h2>\n\t<span class=\"price\"><span class=\"woocommerce-Price-amount amount\"><bdi>260,00&nbsp;<span class=\"woocommerce-Price-currencySymbol\">&euro;<\/span><\/bdi><\/span><\/span>\n<\/a><a href=\"\/index.php\/wp-json\/wp\/v2\/pages\/1500?add-to-cart=1496\" aria-describedby=\"woocommerce_loop_add_to_cart_link_describedby_1496\" data-quantity=\"1\" class=\"button product_type_simple add_to_cart_button ajax_add_to_cart\" data-product_id=\"1496\" data-product_sku=\"\" aria-label=\"Ajouter au panier\u00a0: &ldquo;Serenya Cosma&rdquo;\" rel=\"nofollow\" data-success_message=\"\u00ab\u00a0Serenya Cosma\u00a0\u00bb a \u00e9t\u00e9 ajout\u00e9 \u00e0 votre panier\" role=\"button\">Ajouter au panier<\/a>\t<span id=\"woocommerce_loop_add_to_cart_link_describedby_1496\" class=\"screen-reader-text\">\n\t\t\t<\/span>\n<\/li>\n<li class=\"product type-product post-1492 status-publish last instock product_cat-peinture has-post-thumbnail shipping-taxable purchasable product-type-simple\">\n\t<a href=\"https:\/\/galerieresidenza.com\/index.php\/produit\/bamba-xyrion-polaris\/\" class=\"woocommerce-LoopProduct-link woocommerce-loop-product__link\"><img loading=\"lazy\" decoding=\"async\" width=\"230\" height=\"350\" src=\"https:\/\/galerieresidenza.com\/wp-content\/uploads\/2025\/11\/xyrion-polaris-1-230x350.jpg\" class=\"attachment-woocommerce_thumbnail size-woocommerce_thumbnail\" alt=\"Xyrion polaris\" srcset=\"https:\/\/galerieresidenza.com\/wp-content\/uploads\/2025\/11\/xyrion-polaris-1-230x350.jpg 230w, https:\/\/galerieresidenza.com\/wp-content\/uploads\/2025\/11\/xyrion-polaris-1-460x700.jpg 460w\" sizes=\"(max-width: 230px) 100vw, 230px\" \/><h2 class=\"woocommerce-loop-product__title\">Xyrion polaris<\/h2>\n\t<span class=\"price\"><span class=\"woocommerce-Price-amount amount\"><bdi>260,00&nbsp;<span class=\"woocommerce-Price-currencySymbol\">&euro;<\/span><\/bdi><\/span><\/span>\n<\/a><a href=\"\/index.php\/wp-json\/wp\/v2\/pages\/1500?add-to-cart=1492\" aria-describedby=\"woocommerce_loop_add_to_cart_link_describedby_1492\" data-quantity=\"1\" class=\"button product_type_simple add_to_cart_button ajax_add_to_cart\" data-product_id=\"1492\" data-product_sku=\"\" aria-label=\"Ajouter au panier\u00a0: &ldquo;Xyrion polaris&rdquo;\" rel=\"nofollow\" data-success_message=\"\u00ab\u00a0Xyrion polaris\u00a0\u00bb a \u00e9t\u00e9 ajout\u00e9 \u00e0 votre panier\" role=\"button\">Ajouter au panier<\/a>\t<span id=\"woocommerce_loop_add_to_cart_link_describedby_1492\" class=\"screen-reader-text\">\n\t\t\t<\/span>\n<\/li>\n<\/ul>\n<\/div>\n\n\n\n<hr class=\"wp-block-separator has-alpha-channel-opacity is-style-default\" style=\"margin-top:var(--wp--preset--spacing--70);margin-bottom:var(--wp--preset--spacing--70)\"\/>\n","protected":false},"excerpt":{"rendered":"<p>L\u00e9on Garel, artiste franco-mystique, issu du cin\u00e9ma d&rsquo;auteur, \u00e0 cr\u00e9\u00e9 Bamba comme on fait naitre un double, un \u00e9clat, une force douce. Apr\u00e8s un parcours sur les plateaux, dans les rues, les dojos et les \u00e9toiles, il a laiss\u00e9 place \u00e0 cette pr\u00e9sence qui murmure l&rsquo;unicit\u00e9 de chacun. Bamba est [&hellip;]<\/p>\n","protected":false},"author":1,"featured_media":0,"parent":0,"menu_order":0,"comment_status":"closed","ping_status":"closed","template":"page-templates\/template-fullwidth.php","meta":{"footnotes":""},"class_list":["post-1500","page","type-page","status-publish","hentry"],"_links":{"self":[{"href":"https:\/\/galerieresidenza.com\/index.php\/wp-json\/wp\/v2\/pages\/1500","targetHints":{"allow":["GET"]}}],"collection":[{"href":"https:\/\/galerieresidenza.com\/index.php\/wp-json\/wp\/v2\/pages"}],"about":[{"href":"https:\/\/galerieresidenza.com\/index.php\/wp-json\/wp\/v2\/types\/page"}],"author":[{"embeddable":true,"href":"https:\/\/galerieresidenza.com\/index.php\/wp-json\/wp\/v2\/users\/1"}],"replies":[{"embeddable":true,"href":"https:\/\/galerieresidenza.com\/index.php\/wp-json\/wp\/v2\/comments?post=1500"}],"version-history":[{"count":2,"href":"https:\/\/galerieresidenza.com\/index.php\/wp-json\/wp\/v2\/pages\/1500\/revisions"}],"predecessor-version":[{"id":1506,"href":"https:\/\/galerieresidenza.com\/index.php\/wp-json\/wp\/v2\/pages\/1500\/revisions\/1506"}],"wp:attachment":[{"href":"https:\/\/galerieresidenza.com\/index.php\/wp-json\/wp\/v2\/media?parent=1500"}],"curies":[{"name":"wp","href":"https:\/\/api.w.org\/{rel}","templated":true}]}}