{"id":1511,"date":"2025-12-03T16:19:34","date_gmt":"2025-12-03T15:19:34","guid":{"rendered":"https:\/\/innovaartconceptstore.com\/?page_id=1511"},"modified":"2025-12-03T16:36:22","modified_gmt":"2025-12-03T15:36:22","slug":"philippe-para","status":"publish","type":"page","link":"https:\/\/galerieresidenza.com\/index.php\/philippe-para\/","title":{"rendered":"Philippe Para"},"content":{"rendered":"\n<div class=\"wp-block-columns is-layout-flex wp-container-core-columns-is-layout-28f84493 wp-block-columns-is-layout-flex\">\n<div class=\"wp-block-column is-layout-flow wp-block-column-is-layout-flow\">\n<p style=\"font-size:18px\">Apr\u00e8s avoir \u00e9tudi\u00e9 7ans \u00e0 l&rsquo;\u00e9cole des Arts appliqu\u00e9s et des M\u00e9tiers d&rsquo;Art, j&rsquo;ai d\u00e9but\u00e9 ma carri\u00e8re dans le cin\u00e9ma publicitaire, puis les d\u00e9cors de vitrine, architecture commerciale, \u00e9diteur d&rsquo;art, galeriste, Antiquaire d&rsquo;objets de marine et de voyage, Expert \u00e0 Drouot en vente publique, Responsable d&rsquo;une agence \u00e9v\u00e9nementielle, Photographe, et designer sur Sph\u00e8res, passionn\u00e9 du monde de l&rsquo;automobile.<\/p>\n\n\n\n<p style=\"font-size:18px\">Mon parcours est rest\u00e9 concentr\u00e9 dans l&rsquo;univers artistique et cr\u00e9atif.<\/p>\n\n\n\n<p><strong>Chaque pi\u00e8ce est unique<\/strong>. Je travaille sur des sph\u00e8res r\u00e9alis\u00e9e sur mesure au sein des <strong>\u00c9maux de Longwi<\/strong>, l\u2019une des plus anciennes fabriques de c\u00e9ramique fran\u00e7aises, fond\u00e9e \u00e0 la fin du XVIII\u1d49 si\u00e8cle (vers 1780).<br>Leur savoir-faire repose sur des techniques d\u2019\u00e9maillage traditionnel tr\u00e8s sp\u00e9cifiques, ce qui conf\u00e8re \u00e0 la sph\u00e8re une valeur artistique et patrimoniale particuli\u00e8re.<br>Leur savoir-faire, transmis de g\u00e9n\u00e9ration en g\u00e9n\u00e9ration, repose sur des techniques d\u2019\u00e9maillage traditionnelles particuli\u00e8rement rares, m\u00ealant pr\u00e9cision artisanale et ma\u00eetrise des hautes temp\u00e9ratures.<\/p>\n\n\n\n<p>Chaque cr\u00e9ation issue de l\u2019atelier porte la signature de cette excellence s\u00e9culaire : un travail de mati\u00e8re subtil, des couleurs profondes, et un rendu unique impossible \u00e0 reproduire industriellement.<br>Collaborer avec les \u00c9maux de Longuevie, c\u2019est ancrer une \u0153uvre dans un patrimoine artisanal d\u2019exception, o\u00f9 tradition et cr\u00e9ation contemporaine dialoguent avec finesse.<\/p>\n\n\n\n<div style=\"height:50px\" aria-hidden=\"true\" class=\"wp-block-spacer\"><\/div>\n<\/div>\n\n\n\n<div class=\"wp-block-column is-layout-flow wp-block-column-is-layout-flow\">\n<figure class=\"wp-block-image size-full\"><img fetchpriority=\"high\" decoding=\"async\" width=\"1705\" height=\"2048\" src=\"https:\/\/innovaartconceptstore.com\/wp-content\/uploads\/2025\/12\/P-Para.jpg\" alt=\"\" class=\"wp-image-1512\" srcset=\"https:\/\/galerieresidenza.com\/wp-content\/uploads\/2025\/12\/P-Para.jpg 1705w, https:\/\/galerieresidenza.com\/wp-content\/uploads\/2025\/12\/P-Para-250x300.jpg 250w, https:\/\/galerieresidenza.com\/wp-content\/uploads\/2025\/12\/P-Para-853x1024.jpg 853w, https:\/\/galerieresidenza.com\/wp-content\/uploads\/2025\/12\/P-Para-768x923.jpg 768w, https:\/\/galerieresidenza.com\/wp-content\/uploads\/2025\/12\/P-Para-1279x1536.jpg 1279w, https:\/\/galerieresidenza.com\/wp-content\/uploads\/2025\/12\/P-Para-600x721.jpg 600w\" sizes=\"(max-width: 1705px) 100vw, 1705px\" \/><\/figure>\n<\/div>\n<\/div>\n\n\n<div class=\"woocommerce columns-3 \"><ul class=\"products columns-3\">\n<li class=\"product type-product post-1513 status-publish first instock product_cat-design product_cat-peinture has-post-thumbnail featured shipping-taxable purchasable product-type-simple\">\n\t<a href=\"https:\/\/galerieresidenza.com\/index.php\/produit\/philippe-para-midnight-flight\/\" class=\"woocommerce-LoopProduct-link woocommerce-loop-product__link\"><img decoding=\"async\" width=\"230\" height=\"350\" src=\"https:\/\/galerieresidenza.com\/wp-content\/uploads\/2025\/12\/P-Para-1-230x350.jpg\" class=\"attachment-woocommerce_thumbnail size-woocommerce_thumbnail\" alt=\"Midnight Flight\" srcset=\"https:\/\/galerieresidenza.com\/wp-content\/uploads\/2025\/12\/P-Para-1-230x350.jpg 230w, https:\/\/galerieresidenza.com\/wp-content\/uploads\/2025\/12\/P-Para-1-460x700.jpg 460w\" sizes=\"(max-width: 230px) 100vw, 230px\" \/><h2 class=\"woocommerce-loop-product__title\">Midnight Flight<\/h2>\n\t<span class=\"price\"><span class=\"woocommerce-Price-amount amount\"><bdi>7500,00&nbsp;<span class=\"woocommerce-Price-currencySymbol\">&euro;<\/span><\/bdi><\/span><\/span>\n<\/a><a href=\"\/index.php\/wp-json\/wp\/v2\/pages\/1511?add-to-cart=1513\" aria-describedby=\"woocommerce_loop_add_to_cart_link_describedby_1513\" data-quantity=\"1\" class=\"button product_type_simple add_to_cart_button ajax_add_to_cart\" data-product_id=\"1513\" data-product_sku=\"\" aria-label=\"Ajouter au panier\u00a0: &ldquo;Midnight Flight&rdquo;\" rel=\"nofollow\" data-success_message=\"\u00ab\u00a0Midnight Flight\u00a0\u00bb a \u00e9t\u00e9 ajout\u00e9 \u00e0 votre panier\" role=\"button\">Ajouter au panier<\/a>\t<span id=\"woocommerce_loop_add_to_cart_link_describedby_1513\" class=\"screen-reader-text\">\n\t\t\t<\/span>\n<\/li>\n<\/ul>\n<\/div>\n\n\n\n<hr class=\"wp-block-separator has-alpha-channel-opacity is-style-default\" style=\"margin-top:var(--wp--preset--spacing--70);margin-bottom:var(--wp--preset--spacing--70)\"\/>\n","protected":false},"excerpt":{"rendered":"<p>Apr\u00e8s avoir \u00e9tudi\u00e9 7ans \u00e0 l&rsquo;\u00e9cole des Arts appliqu\u00e9s et des M\u00e9tiers d&rsquo;Art, j&rsquo;ai d\u00e9but\u00e9 ma carri\u00e8re dans le cin\u00e9ma publicitaire, puis les d\u00e9cors de vitrine, architecture commerciale, \u00e9diteur d&rsquo;art, galeriste, Antiquaire d&rsquo;objets de marine et de voyage, Expert \u00e0 Drouot en vente publique, Responsable d&rsquo;une agence \u00e9v\u00e9nementielle, Photographe, et [&hellip;]<\/p>\n","protected":false},"author":1,"featured_media":0,"parent":0,"menu_order":0,"comment_status":"closed","ping_status":"closed","template":"page-templates\/template-fullwidth.php","meta":{"footnotes":""},"class_list":["post-1511","page","type-page","status-publish","hentry"],"_links":{"self":[{"href":"https:\/\/galerieresidenza.com\/index.php\/wp-json\/wp\/v2\/pages\/1511","targetHints":{"allow":["GET"]}}],"collection":[{"href":"https:\/\/galerieresidenza.com\/index.php\/wp-json\/wp\/v2\/pages"}],"about":[{"href":"https:\/\/galerieresidenza.com\/index.php\/wp-json\/wp\/v2\/types\/page"}],"author":[{"embeddable":true,"href":"https:\/\/galerieresidenza.com\/index.php\/wp-json\/wp\/v2\/users\/1"}],"replies":[{"embeddable":true,"href":"https:\/\/galerieresidenza.com\/index.php\/wp-json\/wp\/v2\/comments?post=1511"}],"version-history":[{"count":2,"href":"https:\/\/galerieresidenza.com\/index.php\/wp-json\/wp\/v2\/pages\/1511\/revisions"}],"predecessor-version":[{"id":1518,"href":"https:\/\/galerieresidenza.com\/index.php\/wp-json\/wp\/v2\/pages\/1511\/revisions\/1518"}],"wp:attachment":[{"href":"https:\/\/galerieresidenza.com\/index.php\/wp-json\/wp\/v2\/media?parent=1511"}],"curies":[{"name":"wp","href":"https:\/\/api.w.org\/{rel}","templated":true}]}}