{"id":1520,"date":"2025-12-04T10:22:22","date_gmt":"2025-12-04T09:22:22","guid":{"rendered":"https:\/\/innovaartconceptstore.com\/?page_id=1520"},"modified":"2025-12-05T16:14:45","modified_gmt":"2025-12-05T15:14:45","slug":"zroc","status":"publish","type":"page","link":"https:\/\/galerieresidenza.com\/index.php\/zroc\/","title":{"rendered":"Z&rsquo;ROC"},"content":{"rendered":"\n<div class=\"wp-block-columns is-layout-flex wp-container-core-columns-is-layout-28f84493 wp-block-columns-is-layout-flex\">\n<div class=\"wp-block-column is-layout-flow wp-block-column-is-layout-flow\">\n<p style=\"font-size:18px\">Un artiste inattendu appara\u00eet sur la sc\u00e8ne Bastiaise.<\/p>\n\n\n\n<p>Z\u2019ROC est un peintre inclassable tant par son \u00e9criture que par les supports qu\u2019il utilise.&nbsp;<\/p>\n\n\n\n<p>Il ne travaille que sur des morceaux de carrosserie de voitures anciennes.&nbsp;<\/p>\n\n\n\n<p>Toutes les t\u00f4les qu\u2019il utilise sont issues de r\u00e9cup\u00e9ration dans des endroits insolites, le maquis ou les anciens garages de professionnels du monde automobile Corse.<\/p>\n\n\n\n<p>La peinture de Z\u2019Roc donne une seconde vie \u00e0 un patrimoine automobile comme la 2CV, la 4CV, la DS, la Coccinelle &#8230;&nbsp;<\/p>\n\n\n\n<p>Il travaille aussi sur des capots de Porsche.&nbsp;<\/p>\n\n\n\n<p>Ses t\u00f4les sont d\u2019un autre temps mais c\u2019est loin d\u2019\u00eatre le cas pour son inspiration.&nbsp;<\/p>\n\n\n\n<p>Ses r\u00e9alisations sortent d\u2019une imagination bouillonnante qui prend racine dans la pop culture et la vie de tous les jours, avec des clins d\u2019\u0153il appuy\u00e9s sur une part nostalgique de notre enfance.&nbsp;<\/p>\n\n\n\n<p>En r\u00e9cup\u00e9rant des t\u00f4les de carrosserie vou\u00e9es \u00e0 la destruction, il est pleinement dans son temps.&nbsp;<\/p>\n\n\n\n<p>Pour une grande partie de ses \u0153uvres, il conserve volontairement la patine du temps et la rouille.<\/p>\n\n\n\n<p>Ainsi, Z&rsquo;ROC nous am\u00e8ne vers un nouveau concept artistique, le RAT&rsquo;Style Concept, d\u00e9j\u00e0 bien implant\u00e9 outre Atlantique \u2026<\/p>\n\n\n\n<div style=\"height:50px\" aria-hidden=\"true\" class=\"wp-block-spacer\"><\/div>\n<\/div>\n\n\n\n<div class=\"wp-block-column is-layout-flow wp-block-column-is-layout-flow\">\n<figure class=\"wp-block-image size-full\"><img fetchpriority=\"high\" decoding=\"async\" width=\"1080\" height=\"1084\" src=\"https:\/\/innovaartconceptstore.com\/wp-content\/uploads\/2025\/12\/Screenshot_20251202_221120_Facebook.jpg\" alt=\"\" class=\"wp-image-1521\" srcset=\"https:\/\/galerieresidenza.com\/wp-content\/uploads\/2025\/12\/Screenshot_20251202_221120_Facebook.jpg 1080w, https:\/\/galerieresidenza.com\/wp-content\/uploads\/2025\/12\/Screenshot_20251202_221120_Facebook-300x300.jpg 300w, https:\/\/galerieresidenza.com\/wp-content\/uploads\/2025\/12\/Screenshot_20251202_221120_Facebook-1020x1024.jpg 1020w, https:\/\/galerieresidenza.com\/wp-content\/uploads\/2025\/12\/Screenshot_20251202_221120_Facebook-150x150.jpg 150w, https:\/\/galerieresidenza.com\/wp-content\/uploads\/2025\/12\/Screenshot_20251202_221120_Facebook-768x771.jpg 768w, https:\/\/galerieresidenza.com\/wp-content\/uploads\/2025\/12\/Screenshot_20251202_221120_Facebook-600x602.jpg 600w, https:\/\/galerieresidenza.com\/wp-content\/uploads\/2025\/12\/Screenshot_20251202_221120_Facebook-160x160.jpg 160w\" sizes=\"(max-width: 1080px) 100vw, 1080px\" \/><\/figure>\n<\/div>\n<\/div>\n\n\n<div class=\"woocommerce columns-3 \"><ul class=\"products columns-3\">\n<li class=\"product type-product post-1538 status-publish first instock product_cat-peinture product_cat-sculpture has-post-thumbnail shipping-taxable purchasable product-type-simple\">\n\t<a href=\"https:\/\/galerieresidenza.com\/index.php\/produit\/zroc-aile-2cv\/\" class=\"woocommerce-LoopProduct-link woocommerce-loop-product__link\"><img decoding=\"async\" width=\"230\" height=\"350\" src=\"https:\/\/galerieresidenza.com\/wp-content\/uploads\/2025\/12\/aile-2cv-230x350.jpg\" class=\"attachment-woocommerce_thumbnail size-woocommerce_thumbnail\" alt=\"Aile 2CV\" srcset=\"https:\/\/galerieresidenza.com\/wp-content\/uploads\/2025\/12\/aile-2cv-230x350.jpg 230w, https:\/\/galerieresidenza.com\/wp-content\/uploads\/2025\/12\/aile-2cv-460x700.jpg 460w\" sizes=\"(max-width: 230px) 100vw, 230px\" \/><h2 class=\"woocommerce-loop-product__title\">Aile 2CV<\/h2>\n\t<span class=\"price\"><span class=\"woocommerce-Price-amount amount\"><bdi>1000,00&nbsp;<span class=\"woocommerce-Price-currencySymbol\">&euro;<\/span><\/bdi><\/span><\/span>\n<\/a><a href=\"\/index.php\/wp-json\/wp\/v2\/pages\/1520?add-to-cart=1538\" aria-describedby=\"woocommerce_loop_add_to_cart_link_describedby_1538\" data-quantity=\"1\" class=\"button product_type_simple add_to_cart_button ajax_add_to_cart\" data-product_id=\"1538\" data-product_sku=\"\" aria-label=\"Ajouter au panier\u00a0: &ldquo;Aile 2CV&rdquo;\" rel=\"nofollow\" data-success_message=\"\u00ab\u00a0Aile 2CV\u00a0\u00bb a \u00e9t\u00e9 ajout\u00e9 \u00e0 votre panier\" role=\"button\">Ajouter au panier<\/a>\t<span id=\"woocommerce_loop_add_to_cart_link_describedby_1538\" class=\"screen-reader-text\">\n\t\t\t<\/span>\n<\/li>\n<li class=\"product type-product post-1528 status-publish instock product_cat-peinture product_cat-sculpture has-post-thumbnail shipping-taxable purchasable product-type-simple\">\n\t<a href=\"https:\/\/galerieresidenza.com\/index.php\/produit\/z-roc-bidon\/\" class=\"woocommerce-LoopProduct-link woocommerce-loop-product__link\"><img decoding=\"async\" width=\"230\" height=\"350\" src=\"https:\/\/galerieresidenza.com\/wp-content\/uploads\/2025\/12\/bidon-230x350.jpg\" class=\"attachment-woocommerce_thumbnail size-woocommerce_thumbnail\" alt=\"Bidon\" srcset=\"https:\/\/galerieresidenza.com\/wp-content\/uploads\/2025\/12\/bidon-230x350.jpg 230w, https:\/\/galerieresidenza.com\/wp-content\/uploads\/2025\/12\/bidon-460x700.jpg 460w\" sizes=\"(max-width: 230px) 100vw, 230px\" \/><h2 class=\"woocommerce-loop-product__title\">Bidon<\/h2>\n\t<span class=\"price\"><span class=\"woocommerce-Price-amount amount\"><bdi>400,00&nbsp;<span class=\"woocommerce-Price-currencySymbol\">&euro;<\/span><\/bdi><\/span><\/span>\n<\/a><a href=\"\/index.php\/wp-json\/wp\/v2\/pages\/1520?add-to-cart=1528\" aria-describedby=\"woocommerce_loop_add_to_cart_link_describedby_1528\" data-quantity=\"1\" class=\"button product_type_simple add_to_cart_button ajax_add_to_cart\" data-product_id=\"1528\" data-product_sku=\"\" aria-label=\"Ajouter au panier\u00a0: &ldquo;Bidon&rdquo;\" rel=\"nofollow\" data-success_message=\"\u00ab\u00a0Bidon\u00a0\u00bb a \u00e9t\u00e9 ajout\u00e9 \u00e0 votre panier\" role=\"button\">Ajouter au panier<\/a>\t<span id=\"woocommerce_loop_add_to_cart_link_describedby_1528\" class=\"screen-reader-text\">\n\t\t\t<\/span>\n<\/li>\n<li class=\"product type-product post-1529 status-publish last instock product_cat-peinture product_cat-sculpture has-post-thumbnail featured shipping-taxable purchasable product-type-simple\">\n\t<a href=\"https:\/\/galerieresidenza.com\/index.php\/produit\/z-roc-bombe\/\" class=\"woocommerce-LoopProduct-link woocommerce-loop-product__link\"><img loading=\"lazy\" decoding=\"async\" width=\"230\" height=\"350\" src=\"https:\/\/galerieresidenza.com\/wp-content\/uploads\/2025\/12\/bombe-230x350.jpg\" class=\"attachment-woocommerce_thumbnail size-woocommerce_thumbnail\" alt=\"Bombe\" srcset=\"https:\/\/galerieresidenza.com\/wp-content\/uploads\/2025\/12\/bombe-230x350.jpg 230w, https:\/\/galerieresidenza.com\/wp-content\/uploads\/2025\/12\/bombe-460x700.jpg 460w\" sizes=\"(max-width: 230px) 100vw, 230px\" \/><h2 class=\"woocommerce-loop-product__title\">Bombe<\/h2>\n\t<span class=\"price\"><span class=\"woocommerce-Price-amount amount\"><bdi>400,00&nbsp;<span class=\"woocommerce-Price-currencySymbol\">&euro;<\/span><\/bdi><\/span><\/span>\n<\/a><a href=\"\/index.php\/wp-json\/wp\/v2\/pages\/1520?add-to-cart=1529\" aria-describedby=\"woocommerce_loop_add_to_cart_link_describedby_1529\" data-quantity=\"1\" class=\"button product_type_simple add_to_cart_button ajax_add_to_cart\" data-product_id=\"1529\" data-product_sku=\"\" aria-label=\"Ajouter au panier\u00a0: &ldquo;Bombe&rdquo;\" rel=\"nofollow\" data-success_message=\"\u00ab\u00a0Bombe\u00a0\u00bb a \u00e9t\u00e9 ajout\u00e9 \u00e0 votre panier\" role=\"button\">Ajouter au panier<\/a>\t<span id=\"woocommerce_loop_add_to_cart_link_describedby_1529\" class=\"screen-reader-text\">\n\t\t\t<\/span>\n<\/li>\n<li class=\"product type-product post-1540 status-publish first instock product_cat-peinture product_cat-sculpture has-post-thumbnail shipping-taxable purchasable product-type-simple\">\n\t<a href=\"https:\/\/galerieresidenza.com\/index.php\/produit\/zroc-damier\/\" class=\"woocommerce-LoopProduct-link woocommerce-loop-product__link\"><img loading=\"lazy\" decoding=\"async\" width=\"230\" height=\"350\" src=\"https:\/\/galerieresidenza.com\/wp-content\/uploads\/2025\/12\/damier-230x350.jpg\" class=\"attachment-woocommerce_thumbnail size-woocommerce_thumbnail\" alt=\"Damier\" srcset=\"https:\/\/galerieresidenza.com\/wp-content\/uploads\/2025\/12\/damier-230x350.jpg 230w, https:\/\/galerieresidenza.com\/wp-content\/uploads\/2025\/12\/damier-460x700.jpg 460w\" sizes=\"(max-width: 230px) 100vw, 230px\" \/><h2 class=\"woocommerce-loop-product__title\">Damier<\/h2>\n\t<span class=\"price\"><span class=\"woocommerce-Price-amount amount\"><bdi>2300,00&nbsp;<span class=\"woocommerce-Price-currencySymbol\">&euro;<\/span><\/bdi><\/span><\/span>\n<\/a><a href=\"\/index.php\/wp-json\/wp\/v2\/pages\/1520?add-to-cart=1540\" aria-describedby=\"woocommerce_loop_add_to_cart_link_describedby_1540\" data-quantity=\"1\" class=\"button product_type_simple add_to_cart_button ajax_add_to_cart\" data-product_id=\"1540\" data-product_sku=\"\" aria-label=\"Ajouter au panier\u00a0: &ldquo;Damier&rdquo;\" rel=\"nofollow\" data-success_message=\"\u00ab\u00a0Damier\u00a0\u00bb a \u00e9t\u00e9 ajout\u00e9 \u00e0 votre panier\" role=\"button\">Ajouter au panier<\/a>\t<span id=\"woocommerce_loop_add_to_cart_link_describedby_1540\" class=\"screen-reader-text\">\n\t\t\t<\/span>\n<\/li>\n<li class=\"product type-product post-1536 status-publish instock product_cat-peinture product_cat-sculpture has-post-thumbnail shipping-taxable purchasable product-type-simple\">\n\t<a href=\"https:\/\/galerieresidenza.com\/index.php\/produit\/zroc-enjoliveur\/\" class=\"woocommerce-LoopProduct-link woocommerce-loop-product__link\"><img loading=\"lazy\" decoding=\"async\" width=\"230\" height=\"350\" src=\"https:\/\/galerieresidenza.com\/wp-content\/uploads\/2025\/12\/enjoliveur-230x350.jpg\" class=\"attachment-woocommerce_thumbnail size-woocommerce_thumbnail\" alt=\"Enjoliveur\" srcset=\"https:\/\/galerieresidenza.com\/wp-content\/uploads\/2025\/12\/enjoliveur-230x350.jpg 230w, https:\/\/galerieresidenza.com\/wp-content\/uploads\/2025\/12\/enjoliveur-460x700.jpg 460w\" sizes=\"(max-width: 230px) 100vw, 230px\" \/><h2 class=\"woocommerce-loop-product__title\">Enjoliveur<\/h2>\n\t<span class=\"price\"><span class=\"woocommerce-Price-amount amount\"><bdi>300,00&nbsp;<span class=\"woocommerce-Price-currencySymbol\">&euro;<\/span><\/bdi><\/span><\/span>\n<\/a><a href=\"\/index.php\/wp-json\/wp\/v2\/pages\/1520?add-to-cart=1536\" aria-describedby=\"woocommerce_loop_add_to_cart_link_describedby_1536\" data-quantity=\"1\" class=\"button product_type_simple add_to_cart_button ajax_add_to_cart\" data-product_id=\"1536\" data-product_sku=\"\" aria-label=\"Ajouter au panier\u00a0: &ldquo;Enjoliveur&rdquo;\" rel=\"nofollow\" data-success_message=\"\u00ab\u00a0Enjoliveur\u00a0\u00bb a \u00e9t\u00e9 ajout\u00e9 \u00e0 votre panier\" role=\"button\">Ajouter au panier<\/a>\t<span id=\"woocommerce_loop_add_to_cart_link_describedby_1536\" class=\"screen-reader-text\">\n\t\t\t<\/span>\n<\/li>\n<li class=\"product type-product post-1542 status-publish last instock product_cat-peinture product_cat-sculpture has-post-thumbnail shipping-taxable purchasable product-type-simple\">\n\t<a href=\"https:\/\/galerieresidenza.com\/index.php\/produit\/zroc-malle\/\" class=\"woocommerce-LoopProduct-link woocommerce-loop-product__link\"><img loading=\"lazy\" decoding=\"async\" width=\"230\" height=\"350\" src=\"https:\/\/galerieresidenza.com\/wp-content\/uploads\/2025\/12\/malle-230x350.jpg\" class=\"attachment-woocommerce_thumbnail size-woocommerce_thumbnail\" alt=\"Malle\" srcset=\"https:\/\/galerieresidenza.com\/wp-content\/uploads\/2025\/12\/malle-230x350.jpg 230w, https:\/\/galerieresidenza.com\/wp-content\/uploads\/2025\/12\/malle-460x700.jpg 460w\" sizes=\"(max-width: 230px) 100vw, 230px\" \/><h2 class=\"woocommerce-loop-product__title\">Malle<\/h2>\n\t<span class=\"price\"><span class=\"woocommerce-Price-amount amount\"><bdi>2000,00&nbsp;<span class=\"woocommerce-Price-currencySymbol\">&euro;<\/span><\/bdi><\/span><\/span>\n<\/a><a href=\"\/index.php\/wp-json\/wp\/v2\/pages\/1520?add-to-cart=1542\" aria-describedby=\"woocommerce_loop_add_to_cart_link_describedby_1542\" data-quantity=\"1\" class=\"button product_type_simple add_to_cart_button ajax_add_to_cart\" data-product_id=\"1542\" data-product_sku=\"\" aria-label=\"Ajouter au panier\u00a0: &ldquo;Malle&rdquo;\" rel=\"nofollow\" data-success_message=\"\u00ab\u00a0Malle\u00a0\u00bb a \u00e9t\u00e9 ajout\u00e9 \u00e0 votre panier\" role=\"button\">Ajouter au panier<\/a>\t<span id=\"woocommerce_loop_add_to_cart_link_describedby_1542\" class=\"screen-reader-text\">\n\t\t\t<\/span>\n<\/li>\n<li class=\"product type-product post-1532 status-publish first instock product_cat-peinture product_cat-sculpture has-post-thumbnail shipping-taxable purchasable product-type-simple\">\n\t<a href=\"https:\/\/galerieresidenza.com\/index.php\/produit\/zroc-one-pice\/\" class=\"woocommerce-LoopProduct-link woocommerce-loop-product__link\"><img loading=\"lazy\" decoding=\"async\" width=\"230\" height=\"350\" src=\"https:\/\/galerieresidenza.com\/wp-content\/uploads\/2025\/12\/one-pice-230x350.jpg\" class=\"attachment-woocommerce_thumbnail size-woocommerce_thumbnail\" alt=\"One Pice\" srcset=\"https:\/\/galerieresidenza.com\/wp-content\/uploads\/2025\/12\/one-pice-230x350.jpg 230w, https:\/\/galerieresidenza.com\/wp-content\/uploads\/2025\/12\/one-pice-460x700.jpg 460w\" sizes=\"(max-width: 230px) 100vw, 230px\" \/><h2 class=\"woocommerce-loop-product__title\">One Pice<\/h2>\n\t<span class=\"price\"><span class=\"woocommerce-Price-amount amount\"><bdi>2500,00&nbsp;<span class=\"woocommerce-Price-currencySymbol\">&euro;<\/span><\/bdi><\/span><\/span>\n<\/a><a href=\"\/index.php\/wp-json\/wp\/v2\/pages\/1520?add-to-cart=1532\" aria-describedby=\"woocommerce_loop_add_to_cart_link_describedby_1532\" data-quantity=\"1\" class=\"button product_type_simple add_to_cart_button ajax_add_to_cart\" data-product_id=\"1532\" data-product_sku=\"\" aria-label=\"Ajouter au panier\u00a0: &ldquo;One Pice&rdquo;\" rel=\"nofollow\" data-success_message=\"\u00ab\u00a0One Pice\u00a0\u00bb a \u00e9t\u00e9 ajout\u00e9 \u00e0 votre panier\" role=\"button\">Ajouter au panier<\/a>\t<span id=\"woocommerce_loop_add_to_cart_link_describedby_1532\" class=\"screen-reader-text\">\n\t\t\t<\/span>\n<\/li>\n<li class=\"product type-product post-1534 status-publish instock product_cat-peinture product_cat-sculpture has-post-thumbnail shipping-taxable purchasable product-type-simple\">\n\t<a href=\"https:\/\/galerieresidenza.com\/index.php\/produit\/zroc-pacman\/\" class=\"woocommerce-LoopProduct-link woocommerce-loop-product__link\"><img loading=\"lazy\" decoding=\"async\" width=\"230\" height=\"350\" src=\"https:\/\/galerieresidenza.com\/wp-content\/uploads\/2025\/12\/pacman-230x350.jpg\" class=\"attachment-woocommerce_thumbnail size-woocommerce_thumbnail\" alt=\"Pac Man\" srcset=\"https:\/\/galerieresidenza.com\/wp-content\/uploads\/2025\/12\/pacman-230x350.jpg 230w, https:\/\/galerieresidenza.com\/wp-content\/uploads\/2025\/12\/pacman-460x700.jpg 460w\" sizes=\"(max-width: 230px) 100vw, 230px\" \/><h2 class=\"woocommerce-loop-product__title\">Pac Man<\/h2>\n\t<span class=\"price\"><span class=\"woocommerce-Price-amount amount\"><bdi>1000,00&nbsp;<span class=\"woocommerce-Price-currencySymbol\">&euro;<\/span><\/bdi><\/span><\/span>\n<\/a><a href=\"\/index.php\/wp-json\/wp\/v2\/pages\/1520?add-to-cart=1534\" aria-describedby=\"woocommerce_loop_add_to_cart_link_describedby_1534\" data-quantity=\"1\" class=\"button product_type_simple add_to_cart_button ajax_add_to_cart\" data-product_id=\"1534\" data-product_sku=\"\" aria-label=\"Ajouter au panier\u00a0: &ldquo;Pac Man&rdquo;\" rel=\"nofollow\" data-success_message=\"\u00ab\u00a0Pac Man\u00a0\u00bb a \u00e9t\u00e9 ajout\u00e9 \u00e0 votre panier\" role=\"button\">Ajouter au panier<\/a>\t<span id=\"woocommerce_loop_add_to_cart_link_describedby_1534\" class=\"screen-reader-text\">\n\t\t\t<\/span>\n<\/li>\n<li class=\"product type-product post-1524 status-publish last instock product_cat-peinture product_cat-sculpture has-post-thumbnail shipping-taxable purchasable product-type-simple\">\n\t<a href=\"https:\/\/galerieresidenza.com\/index.php\/produit\/z-roc-tracteur\/\" class=\"woocommerce-LoopProduct-link woocommerce-loop-product__link\"><img loading=\"lazy\" decoding=\"async\" width=\"230\" height=\"350\" src=\"https:\/\/galerieresidenza.com\/wp-content\/uploads\/2025\/12\/tracteur-230x350.jpg\" class=\"attachment-woocommerce_thumbnail size-woocommerce_thumbnail\" alt=\"Tracteur\" srcset=\"https:\/\/galerieresidenza.com\/wp-content\/uploads\/2025\/12\/tracteur-230x350.jpg 230w, https:\/\/galerieresidenza.com\/wp-content\/uploads\/2025\/12\/tracteur-460x700.jpg 460w\" sizes=\"(max-width: 230px) 100vw, 230px\" \/><h2 class=\"woocommerce-loop-product__title\">Tracteur<\/h2>\n\t<span class=\"price\"><span class=\"woocommerce-Price-amount amount\"><bdi>1500,00&nbsp;<span class=\"woocommerce-Price-currencySymbol\">&euro;<\/span><\/bdi><\/span><\/span>\n<\/a><a href=\"\/index.php\/wp-json\/wp\/v2\/pages\/1520?add-to-cart=1524\" aria-describedby=\"woocommerce_loop_add_to_cart_link_describedby_1524\" data-quantity=\"1\" class=\"button product_type_simple add_to_cart_button ajax_add_to_cart\" data-product_id=\"1524\" data-product_sku=\"\" aria-label=\"Ajouter au panier\u00a0: &ldquo;Tracteur&rdquo;\" rel=\"nofollow\" data-success_message=\"\u00ab\u00a0Tracteur\u00a0\u00bb a \u00e9t\u00e9 ajout\u00e9 \u00e0 votre panier\" role=\"button\">Ajouter au panier<\/a>\t<span id=\"woocommerce_loop_add_to_cart_link_describedby_1524\" class=\"screen-reader-text\">\n\t\t\t<\/span>\n<\/li>\n<\/ul>\n<\/div>\n\n\n\n<hr class=\"wp-block-separator has-alpha-channel-opacity is-style-default\" style=\"margin-top:var(--wp--preset--spacing--70);margin-bottom:var(--wp--preset--spacing--70)\"\/>\n","protected":false},"excerpt":{"rendered":"<p>Un artiste inattendu appara\u00eet sur la sc\u00e8ne Bastiaise. Z\u2019ROC est un peintre inclassable tant par son \u00e9criture que par les supports qu\u2019il utilise.&nbsp; Il ne travaille que sur des morceaux de carrosserie de voitures anciennes.&nbsp; Toutes les t\u00f4les qu\u2019il utilise sont issues de r\u00e9cup\u00e9ration dans des endroits insolites, le maquis [&hellip;]<\/p>\n","protected":false},"author":1,"featured_media":0,"parent":0,"menu_order":0,"comment_status":"closed","ping_status":"closed","template":"page-templates\/template-fullwidth.php","meta":{"footnotes":""},"class_list":["post-1520","page","type-page","status-publish","hentry"],"_links":{"self":[{"href":"https:\/\/galerieresidenza.com\/index.php\/wp-json\/wp\/v2\/pages\/1520","targetHints":{"allow":["GET"]}}],"collection":[{"href":"https:\/\/galerieresidenza.com\/index.php\/wp-json\/wp\/v2\/pages"}],"about":[{"href":"https:\/\/galerieresidenza.com\/index.php\/wp-json\/wp\/v2\/types\/page"}],"author":[{"embeddable":true,"href":"https:\/\/galerieresidenza.com\/index.php\/wp-json\/wp\/v2\/users\/1"}],"replies":[{"embeddable":true,"href":"https:\/\/galerieresidenza.com\/index.php\/wp-json\/wp\/v2\/comments?post=1520"}],"version-history":[{"count":3,"href":"https:\/\/galerieresidenza.com\/index.php\/wp-json\/wp\/v2\/pages\/1520\/revisions"}],"predecessor-version":[{"id":1544,"href":"https:\/\/galerieresidenza.com\/index.php\/wp-json\/wp\/v2\/pages\/1520\/revisions\/1544"}],"wp:attachment":[{"href":"https:\/\/galerieresidenza.com\/index.php\/wp-json\/wp\/v2\/media?parent=1520"}],"curies":[{"name":"wp","href":"https:\/\/api.w.org\/{rel}","templated":true}]}}