{"id":169,"date":"2024-10-10T21:03:55","date_gmt":"2024-10-10T19:03:55","guid":{"rendered":"http:\/\/tpatudv.cluster029.hosting.ovh.net\/?page_id=169"},"modified":"2026-04-09T15:28:00","modified_gmt":"2026-04-09T13:28:00","slug":"contact-residenza-innovaart","status":"publish","type":"page","link":"https:\/\/galerieresidenza.com\/index.php\/contact-residenza-innovaart\/","title":{"rendered":"Contact"},"content":{"rendered":"\t\t<div data-elementor-type=\"wp-page\" data-elementor-id=\"169\" class=\"elementor elementor-169\">\n\t\t\t\t<div class=\"elementor-element elementor-element-1409bc7 e-flex e-con-boxed e-con e-parent\" data-id=\"1409bc7\" data-element_type=\"container\" data-e-type=\"container\">\n\t\t\t\t\t<div class=\"e-con-inner\">\n\t\t\t\t<div class=\"elementor-element elementor-element-df2c859 elementor-widget elementor-widget-spacer\" data-id=\"df2c859\" data-element_type=\"widget\" data-e-type=\"widget\" data-widget_type=\"spacer.default\">\n\t\t\t\t<div class=\"elementor-widget-container\">\n\t\t\t\t\t\t\t<div class=\"elementor-spacer\">\n\t\t\t<div class=\"elementor-spacer-inner\"><\/div>\n\t\t<\/div>\n\t\t\t\t\t\t<\/div>\n\t\t\t\t<\/div>\n\t\t\t\t\t<\/div>\n\t\t\t\t<\/div>\n\t\t<div class=\"elementor-element elementor-element-08fd652 e-flex e-con-boxed e-con e-parent\" data-id=\"08fd652\" data-element_type=\"container\" data-e-type=\"container\">\n\t\t\t\t\t<div class=\"e-con-inner\">\n\t\t<div class=\"elementor-element elementor-element-0cf5ea0 e-con-full opaque e-flex e-con e-child\" data-id=\"0cf5ea0\" data-element_type=\"container\" data-e-type=\"container\" data-settings=\"{&quot;background_background&quot;:&quot;classic&quot;}\">\n\t\t\t\t<div class=\"elementor-element elementor-element-878d2ce elementor-widget elementor-widget-text-editor\" data-id=\"878d2ce\" data-element_type=\"widget\" data-e-type=\"widget\" data-widget_type=\"text-editor.default\">\n\t\t\t\t<div class=\"elementor-widget-container\">\n\t\t\t\t\t\t\t\t\t<p><div class=\"frm_forms  with_frm_style frm_style_style-formidable\" id=\"frm_form_1_container\" >\n<form enctype=\"multipart\/form-data\" method=\"post\" class=\"frm-show-form \" id=\"form_contact-form\" >\n<div class=\"frm_form_fields \">\n<fieldset>\n<legend class=\"frm_screen_reader\">Contact Us<\/legend>\r\n\r\n<div class=\"frm_fields_container\">\n<input type=\"hidden\" name=\"frm_action\" value=\"create\" \/>\n<input type=\"hidden\" name=\"form_id\" value=\"1\" \/>\n<input type=\"hidden\" name=\"frm_hide_fields_1\" id=\"frm_hide_fields_1\" value=\"\" \/>\n<input type=\"hidden\" name=\"form_key\" value=\"contact-form\" \/>\n<input type=\"hidden\" name=\"item_meta[0]\" value=\"\" \/>\n<input type=\"hidden\" id=\"frm_submit_entry_1\" name=\"frm_submit_entry_1\" value=\"e0df1268b3\" \/><input type=\"hidden\" name=\"_wp_http_referer\" value=\"\/index.php\/wp-json\/wp\/v2\/pages\/169\" \/><div id=\"frm_field_1_container\" class=\"frm_form_field form-field  frm_required_field frm_top_container frm_first frm_half\">\r\n\t<label for=\"field_qh4icy\" id=\"field_qh4icy_label\" class=\"frm_primary_label\">Nom\r\n\t\t<span class=\"frm_required\" aria-hidden=\"true\">*<\/span>\r\n\t<\/label>\r\n\t<input type=\"text\" id=\"field_qh4icy\" name=\"item_meta[1]\" value=\"\"  data-reqmsg=\"Nom ne peut pas \u00eatre vide.\" aria-required=\"true\" data-invmsg=\"Nom est non valide\" aria-invalid=\"false\"   aria-describedby=\"frm_desc_field_qh4icy\"\/>\r\n\t<div class=\"frm_description\" id=\"frm_desc_field_qh4icy\">First<\/div>\r\n\t\r\n<\/div>\n<div id=\"frm_field_2_container\" class=\"frm_form_field form-field  frm_hidden_container frm_half\">\r\n\t<label for=\"field_ocfup1\" id=\"field_ocfup1_label\" class=\"frm_primary_label\">Pr\u00e9nom\r\n\t\t<span class=\"frm_required\" aria-hidden=\"true\"><\/span>\r\n\t<\/label>\r\n\t<input type=\"text\" id=\"field_ocfup1\" name=\"item_meta[2]\" value=\"\"  data-invmsg=\"Pr\u00e9nom est non valide\" aria-invalid=\"false\"   aria-describedby=\"frm_desc_field_ocfup1\"\/>\r\n\t<div class=\"frm_description\" id=\"frm_desc_field_ocfup1\">Last<\/div>\r\n\t\r\n<\/div>\n<div id=\"frm_field_3_container\" class=\"frm_form_field form-field  frm_required_field frm_top_container frm_full\">\r\n\t<label for=\"field_29yf4d\" id=\"field_29yf4d_label\" class=\"frm_primary_label\">Email\r\n\t\t<span class=\"frm_required\" aria-hidden=\"true\">*<\/span>\r\n\t<\/label>\r\n\t<input type=\"email\" id=\"field_29yf4d\" name=\"item_meta[3]\" value=\"\"  data-reqmsg=\"Email ne peut pas \u00eatre vide.\" aria-required=\"true\" data-invmsg=\"Please enter a valid email address\" aria-invalid=\"false\"  \/>\r\n\t\r\n\t\r\n<\/div>\n<div id=\"frm_field_15_container\" class=\"frm_form_field form-field  frm_top_container\">\r\n\t<label for=\"field_t7rq8\" id=\"field_t7rq8_label\" class=\"frm_primary_label\">T\u00e9l\u00e9phone\r\n\t\t<span class=\"frm_required\" aria-hidden=\"true\"><\/span>\r\n\t<\/label>\r\n\t<input type=\"tel\" id=\"field_t7rq8\" name=\"item_meta[15]\" value=\"\"  data-invmsg=\"T\u00e9l\u00e9phone est non valide\" aria-invalid=\"false\" pattern=\"((\\+\\d{1,3}(-|.| )?\\(?\\d\\)?(-| |.)?\\d{1,5})|(\\(?\\d{2,6}\\)?))(-|.| )?(\\d{3,4})(-|.| )?(\\d{4})(( x| ext)\\d{1,5}){0,1}$\"  \/>\r\n\t\r\n\t\r\n<\/div>\n<div id=\"frm_field_4_container\" class=\"frm_form_field form-field  frm_required_field frm_top_container frm_full\">\r\n\t<label for=\"field_e6lis6\" id=\"field_e6lis6_label\" class=\"frm_primary_label\">Sujet\r\n\t\t<span class=\"frm_required\" aria-hidden=\"true\">*<\/span>\r\n\t<\/label>\r\n\t<input type=\"text\" id=\"field_e6lis6\" name=\"item_meta[4]\" value=\"\"  data-reqmsg=\"Sujet ne peut pas \u00eatre vide.\" aria-required=\"true\" data-invmsg=\"Sujet est non valide\" aria-invalid=\"false\"  \/>\r\n\t\r\n\t\r\n<\/div>\n<div id=\"frm_field_5_container\" class=\"frm_form_field form-field  frm_required_field frm_top_container frm_full\">\r\n\t<label for=\"field_9jv0r1\" id=\"field_9jv0r1_label\" class=\"frm_primary_label\">Message\r\n\t\t<span class=\"frm_required\" aria-hidden=\"true\">*<\/span>\r\n\t<\/label>\r\n\t<textarea name=\"item_meta[5]\" id=\"field_9jv0r1\" rows=\"5\"  data-reqmsg=\"Message ne peut pas \u00eatre vide.\" aria-required=\"true\" data-invmsg=\"Message est non valide\" aria-invalid=\"false\"  ><\/textarea>\r\n\t\r\n\t\r\n<\/div>\n<div id=\"frm_field_28_container\" class=\"frm_form_field form-field  frm_none_container\">\r\n\t<label for=\"g-recaptcha-response\" id=\"field_ruony_label\" class=\"frm_primary_label\">Captcha\r\n\t\t<span class=\"frm_required\" aria-hidden=\"true\"><\/span>\r\n\t<\/label>\r\n\t<div  id=\"field_ruony\" class=\"frm-g-recaptcha\" data-sitekey=\"6LcfuK0sAAAAANLQ6B-D7kFYlwwS6Hui-A1_FPCR\" data-size=\"invisible\" data-theme=\"light\"><\/div>\r\n\t\r\n\t\r\n<\/div>\n<div id=\"frm_field_14_container\" class=\"frm_form_field form-field \">\r\n\t<div class=\"frm_submit frm_flex\">\r\n<button class=\"frm_button_submit\" type=\"submit\"  >Envoyer<\/button>\r\n\r\n\r\n\r\n<\/div>\r\n<\/div>\n\t<input type=\"hidden\" name=\"item_key\" value=\"\" \/>\n\t\t\t<div id=\"frm_field_33_container\">\n\t\t\t<label for=\"field_i7ftm\" >\n\t\t\t\tSi vous \u00eates un humain, ne remplissez pas ce champ.\t\t\t<\/label>\n\t\t\t<input  id=\"field_i7ftm\" type=\"text\" class=\"frm_form_field form-field frm_verify\" name=\"item_meta[33]\" value=\"\"  \/>\n\t\t<\/div>\n\t\t<input name=\"frm_state\" type=\"hidden\" value=\"qrQsT1fwtdciybSoNByFTD1jmcgq0IOG4WtY41BgNKk=\" \/><\/div>\n<\/fieldset>\n<\/div>\n\n<\/form>\n<\/div>\n<\/p>\t\t\t\t\t\t\t\t<\/div>\n\t\t\t\t<\/div>\n\t\t\t\t<\/div>\n\t\t<div class=\"elementor-element elementor-element-944fb74 e-con-full e-flex e-con e-child\" data-id=\"944fb74\" data-element_type=\"container\" data-e-type=\"container\">\n\t\t\t\t<\/div>\n\t\t<div class=\"elementor-element elementor-element-8ac8ef2 e-con-full e-flex e-con e-child\" data-id=\"8ac8ef2\" data-element_type=\"container\" data-e-type=\"container\">\n\t\t\t\t<div class=\"elementor-element elementor-element-e02fce6 elementor-widget elementor-widget-text-editor\" data-id=\"e02fce6\" data-element_type=\"widget\" data-e-type=\"widget\" data-widget_type=\"text-editor.default\">\n\t\t\t\t<div class=\"elementor-widget-container\">\n\t\t\t\t\t\t\t\t\t<div class=\"wp-block-column\"><\/div>\n<!-- \/wp:column -->\n\n<!-- wp:column -->\n<div class=\"wp-block-column\"><!-- wp:paragraph {\"align\":\"left\",\"style\":{\"typography\":{\"fontSize\":14},\"color\":{\"text\":\"#999999\"}}} -->\n<h5 class=\"has-text-align-left has-text-color\"><i class=\"hgi hgi-stroke hgi-smart-phone-01\"><\/i> <strong><span class=\"lacquer\">Par t\u00e9l\u00e9phone<\/span><br \/><\/strong><\/h5>\n<!-- \/wp:paragraph -->\n\n<!-- wp:paragraph {\"align\":\"left\",\"style\":{\"color\":{\"text\":\"#999999\"},\"typography\":{\"fontSize\":14}}} -->\n<p class=\"has-text-align-left has-text-color\" style=\"font-size: 1.2em;\">MD. Leca<br \/>+336 105 872 31<\/p>\n<!-- \/wp:paragraph -->\n\n<!-- wp:heading {\"textAlign\":\"left\",\"level\":4,\"className\":\"hestia-title\",\"style\":{\"color\":{\"text\":\"#3c4858\"},\"typography\":{\"fontSize\":18}}} -->\n<h5 class=\"wp-block-heading has-text-align-left hestia-title has-text-color\"><i class=\"hgi hgi-stroke hgi-location-05\"><\/i> <strong><span class=\"lacquer\"> VENIR<br \/><\/span><\/strong><\/h5>\n<!-- \/wp:heading -->\n\n<!-- wp:paragraph {\"align\":\"left\",\"style\":{\"color\":{\"text\":\"#999999\"},\"typography\":{\"fontSize\":14}}} -->\n<p class=\"has-text-align-left has-text-color\" style=\"font-size: 1.2em;\">1 Rue Saint-Erasme, 20200 Bastia<br \/>Mardi au samedi, 14:00-19:00<\/p>\n\n<!-- wp:heading {\"textAlign\":\"left\",\"level\":4,\"className\":\"hestia-title\",\"style\":{\"color\":{\"text\":\"#3c4858\"},\"typography\":{\"fontSize\":18}}} -->\n<h5 class=\"wp-block-heading has-text-align-left hestia-title has-text-color\"><i class=\"hgi hgi-stroke hgi-register\"><\/i> <strong><span class=\"lacquer\"> Infos l\u00e9gales<br \/><\/span><\/strong><\/h5>\n<!-- \/wp:heading -->\n\n<!-- wp:paragraph {\"align\":\"left\",\"style\":{\"color\":{\"text\":\"#999999\"},\"typography\":{\"fontSize\":14}}} -->\n<p class=\"has-text-align-left has-text-color\" style=\"font-size: 1.2em;\">Residenza<br \/>Siret: 48137046800029<\/p>\n\n<\/div>\t\t\t\t\t\t\t\t<\/div>\n\t\t\t\t<\/div>\n\t\t\t\t<\/div>\n\t\t\t\t\t<\/div>\n\t\t\t\t<\/div>\n\t\t<div class=\"elementor-element elementor-element-532db7d e-flex e-con-boxed e-con e-parent\" data-id=\"532db7d\" data-element_type=\"container\" data-e-type=\"container\">\n\t\t\t\t\t<div class=\"e-con-inner\">\n\t\t\t\t\t<\/div>\n\t\t\t\t<\/div>\n\t\t<div class=\"elementor-element elementor-element-9d0cf87 e-flex e-con-boxed e-con e-parent\" data-id=\"9d0cf87\" data-element_type=\"container\" data-e-type=\"container\">\n\t\t\t\t\t<div class=\"e-con-inner\">\n\t\t\t\t<div class=\"elementor-element elementor-element-9e73b55 elementor-widget elementor-widget-spacer\" data-id=\"9e73b55\" data-element_type=\"widget\" data-e-type=\"widget\" data-widget_type=\"spacer.default\">\n\t\t\t\t<div class=\"elementor-widget-container\">\n\t\t\t\t\t\t\t<div class=\"elementor-spacer\">\n\t\t\t<div class=\"elementor-spacer-inner\"><\/div>\n\t\t<\/div>\n\t\t\t\t\t\t<\/div>\n\t\t\t\t<\/div>\n\t\t\t\t\t<\/div>\n\t\t\t\t<\/div>\n\t\t\t\t<\/div>\n\t\t","protected":false},"excerpt":{"rendered":"<p>1 Rue Saint-Erasme, 20200 BastiaMardi au samedi, 14:00-19:00 Infos l\u00e9gales ResidenzaSiret: 48137046800029 Par t\u00e9l\u00e9phone MD. Leca+336 105 872 31 VENIR 1 Rue Saint-Erasme, 20200 BastiaMardi au samedi, 14:00-19:00 Infos l\u00e9gales ResidenzaSiret: 48137046800029<\/p>\n","protected":false},"author":1,"featured_media":0,"parent":0,"menu_order":0,"comment_status":"closed","ping_status":"closed","template":"elementor_header_footer","meta":{"footnotes":""},"class_list":["post-169","page","type-page","status-publish","hentry"],"_links":{"self":[{"href":"https:\/\/galerieresidenza.com\/index.php\/wp-json\/wp\/v2\/pages\/169","targetHints":{"allow":["GET"]}}],"collection":[{"href":"https:\/\/galerieresidenza.com\/index.php\/wp-json\/wp\/v2\/pages"}],"about":[{"href":"https:\/\/galerieresidenza.com\/index.php\/wp-json\/wp\/v2\/types\/page"}],"author":[{"embeddable":true,"href":"https:\/\/galerieresidenza.com\/index.php\/wp-json\/wp\/v2\/users\/1"}],"replies":[{"embeddable":true,"href":"https:\/\/galerieresidenza.com\/index.php\/wp-json\/wp\/v2\/comments?post=169"}],"version-history":[{"count":125,"href":"https:\/\/galerieresidenza.com\/index.php\/wp-json\/wp\/v2\/pages\/169\/revisions"}],"predecessor-version":[{"id":1781,"href":"https:\/\/galerieresidenza.com\/index.php\/wp-json\/wp\/v2\/pages\/169\/revisions\/1781"}],"wp:attachment":[{"href":"https:\/\/galerieresidenza.com\/index.php\/wp-json\/wp\/v2\/media?parent=169"}],"curies":[{"name":"wp","href":"https:\/\/api.w.org\/{rel}","templated":true}]}}