{"id":557,"date":"2025-05-02T20:06:31","date_gmt":"2025-05-02T18:06:31","guid":{"rendered":"https:\/\/innovaartconceptstore.com\/?page_id=557"},"modified":"2025-10-31T16:22:37","modified_gmt":"2025-10-31T15:22:37","slug":"gregos","status":"publish","type":"page","link":"https:\/\/galerieresidenza.com\/index.php\/gregos\/","title":{"rendered":"Gregos"},"content":{"rendered":"\t\t<div data-elementor-type=\"wp-page\" data-elementor-id=\"557\" class=\"elementor elementor-557\">\n\t\t\t\t<div class=\"elementor-element elementor-element-b7a4316 e-grid e-con-boxed e-con e-parent\" data-id=\"b7a4316\" data-element_type=\"container\" data-e-type=\"container\">\n\t\t\t\t\t<div class=\"e-con-inner\">\n\t\t\t\t<div class=\"elementor-element elementor-element-0d50b11 elementor-widget elementor-widget-heading\" data-id=\"0d50b11\" data-element_type=\"widget\" data-e-type=\"widget\" data-widget_type=\"heading.default\">\n\t\t\t\t<div class=\"elementor-widget-container\">\n\t\t\t\t\t<h2 class=\"elementor-heading-title elementor-size-default\">Gregos<\/h2>\t\t\t\t<\/div>\n\t\t\t\t<\/div>\n\t\t\t\t\t<\/div>\n\t\t\t\t<\/div>\n\t\t<div class=\"elementor-element elementor-element-32aab4a e-flex e-con-boxed e-con e-parent\" data-id=\"32aab4a\" data-element_type=\"container\" data-e-type=\"container\">\n\t\t\t\t\t<div class=\"e-con-inner\">\n\t\t<div class=\"elementor-element elementor-element-6ec1ae5 e-con-full e-flex e-con e-child\" data-id=\"6ec1ae5\" data-element_type=\"container\" data-e-type=\"container\">\n\t\t\t\t<div class=\"elementor-element elementor-element-101eb3c elementor-widget elementor-widget-image\" data-id=\"101eb3c\" data-element_type=\"widget\" data-e-type=\"widget\" data-widget_type=\"image.default\">\n\t\t\t\t<div class=\"elementor-widget-container\">\n\t\t\t\t\t\t\t\t\t\t\t\t\t\t\t<img fetchpriority=\"high\" decoding=\"async\" width=\"820\" height=\"895\" src=\"https:\/\/galerieresidenza.com\/wp-content\/uploads\/2025\/05\/Gregos.jpg\" class=\"attachment-full size-full wp-image-558\" alt=\"Gregos\" srcset=\"https:\/\/galerieresidenza.com\/wp-content\/uploads\/2025\/05\/Gregos.jpg 820w, https:\/\/galerieresidenza.com\/wp-content\/uploads\/2025\/05\/Gregos-275x300.jpg 275w, https:\/\/galerieresidenza.com\/wp-content\/uploads\/2025\/05\/Gregos-768x838.jpg 768w, https:\/\/galerieresidenza.com\/wp-content\/uploads\/2025\/05\/Gregos-600x655.jpg 600w\" sizes=\"(max-width: 820px) 100vw, 820px\" \/>\t\t\t\t\t\t\t\t\t\t\t\t\t\t\t<\/div>\n\t\t\t\t<\/div>\n\t\t\t\t<\/div>\n\t\t<div class=\"elementor-element elementor-element-e607526 e-con-full e-flex e-con e-child\" data-id=\"e607526\" data-element_type=\"container\" data-e-type=\"container\">\n\t\t<div class=\"elementor-element elementor-element-8889fa3 e-con-full e-flex e-con e-child\" data-id=\"8889fa3\" data-element_type=\"container\" data-e-type=\"container\">\n\t\t\t\t<div class=\"elementor-element elementor-element-16eb4b0 elementor-widget elementor-widget-text-editor\" data-id=\"16eb4b0\" data-element_type=\"widget\" data-e-type=\"widget\" data-widget_type=\"text-editor.default\">\n\t\t\t\t<div class=\"elementor-widget-container\">\n\t\t\t\t\t\t\t\t\t<p>Si le nom de Gregos ne vous dit rien, vous avez certainement d\u00e9j\u00e0 crois\u00e9 son visage, dupliqu\u00e9 depuis plus de dix ans en des centaines de moulages que vous avez crois\u00e9 au hasard de vos d\u00e9ambulations. Une pi\u00e8ce devenue sa carte identit\u00e9.<\/p><p>Ce street artiste de 45 ans originaire du Val-d&rsquo;Oise a fait de l&rsquo;espace public son support d&rsquo;expression favori, un espace qu&rsquo;il d\u00e9couvre \u00e0 travers la culture du tags et des graffitis \u00e0 la fin des ann\u00e9es 1980<\/p><p>Apr\u00e8s un temps consacr\u00e9 aux voyages il pose de nouveau ces valises \u00e0 Paris, et cr\u00e9\u00e9 la premi\u00e8re empreinte de son visage tirant la langue. Il colle cette pi\u00e8ce dans une ruelle de Pigalle, d&rsquo;abord pour passer un message \u00e0 des \u00e9tudiants qui l&#8217;emp\u00eachent de dormir. C&rsquo;est le point de d\u00e9part de son parcours de cr\u00e9ateur, il multiplie les moulages et les collages dans les rues qui captent rapidement l&rsquo;attention.<\/p>\t\t\t\t\t\t\t\t<\/div>\n\t\t\t\t<\/div>\n\t\t\t\t<\/div>\n\t\t<div class=\"elementor-element elementor-element-75a72d9 e-con-full e-flex e-con e-child\" data-id=\"75a72d9\" data-element_type=\"container\" data-e-type=\"container\">\n\t\t\t\t<div class=\"elementor-element elementor-element-b8f8b91 elementor-align-center elementor-widget elementor-widget-button\" data-id=\"b8f8b91\" data-element_type=\"widget\" data-e-type=\"widget\" data-widget_type=\"button.default\">\n\t\t\t\t<div class=\"elementor-widget-container\">\n\t\t\t\t\t\t\t\t\t<div class=\"elementor-button-wrapper\">\n\t\t\t\t\t<a class=\"elementor-button elementor-button-link elementor-size-sm\" href=\"https:\/\/www.facebook.com\/profile.php?id=100050277438493\" target=\"_blank\">\n\t\t\t\t\t\t<span class=\"elementor-button-content-wrapper\">\n\t\t\t\t\t\t\t\t\t<span class=\"elementor-button-text\">MORE<\/span>\n\t\t\t\t\t<\/span>\n\t\t\t\t\t<\/a>\n\t\t\t\t<\/div>\n\t\t\t\t\t\t\t\t<\/div>\n\t\t\t\t<\/div>\n\t\t\t\t<\/div>\n\t\t\t\t<\/div>\n\t\t\t\t\t<\/div>\n\t\t\t\t<\/div>\n\t\t<div class=\"elementor-element elementor-element-3a33156 e-flex e-con-boxed e-con e-parent\" data-id=\"3a33156\" data-element_type=\"container\" data-e-type=\"container\">\n\t\t\t\t\t<div class=\"e-con-inner\">\n\t\t\t\t<div class=\"elementor-element elementor-element-ef6a88a elementor-widget elementor-widget-text-editor\" data-id=\"ef6a88a\" data-element_type=\"widget\" data-e-type=\"widget\" data-widget_type=\"text-editor.default\">\n\t\t\t\t<div class=\"elementor-widget-container\">\n\t\t\t\t\t\t\t\t\t<p><div class=\"woocommerce columns-3 \"><ul class=\"products columns-3\">\n<li class=\"product type-product post-801 status-publish first instock product_cat-street-art has-post-thumbnail sold-individually shipping-taxable purchasable product-type-simple\">\n\t<a href=\"https:\/\/galerieresidenza.com\/index.php\/produit\/gregos-53-springs\/\" class=\"woocommerce-LoopProduct-link woocommerce-loop-product__link\"><img decoding=\"async\" width=\"230\" height=\"350\" src=\"https:\/\/galerieresidenza.com\/wp-content\/uploads\/2025\/05\/53-springs-1-230x350.jpg\" class=\"attachment-woocommerce_thumbnail size-woocommerce_thumbnail\" alt=\"53 springs\" srcset=\"https:\/\/galerieresidenza.com\/wp-content\/uploads\/2025\/05\/53-springs-1-230x350.jpg 230w, https:\/\/galerieresidenza.com\/wp-content\/uploads\/2025\/05\/53-springs-1-460x700.jpg 460w\" sizes=\"(max-width: 230px) 100vw, 230px\" \/><h2 class=\"woocommerce-loop-product__title\">53 springs<\/h2>\n\t<span class=\"price\"><span class=\"woocommerce-Price-amount amount\"><bdi>900,00&nbsp;<span class=\"woocommerce-Price-currencySymbol\">&euro;<\/span><\/bdi><\/span><\/span>\n<\/a><a href=\"\/index.php\/wp-json\/wp\/v2\/pages\/557?add-to-cart=801\" aria-describedby=\"woocommerce_loop_add_to_cart_link_describedby_801\" data-quantity=\"1\" class=\"button product_type_simple add_to_cart_button ajax_add_to_cart\" data-product_id=\"801\" data-product_sku=\"\" aria-label=\"Ajouter au panier\u00a0: &ldquo;53 springs&rdquo;\" rel=\"nofollow\" data-success_message=\"\u00ab\u00a053 springs\u00a0\u00bb a \u00e9t\u00e9 ajout\u00e9 \u00e0 votre panier\" role=\"button\">Ajouter au panier<\/a>\t<span id=\"woocommerce_loop_add_to_cart_link_describedby_801\" class=\"screen-reader-text\">\n\t\t\t<\/span>\n<\/li>\n<li class=\"product type-product post-1287 status-publish instock product_cat-street-art product_tag-gregos product_tag-street-art has-post-thumbnail sold-individually shipping-taxable purchasable product-type-simple\">\n\t<a href=\"https:\/\/galerieresidenza.com\/index.php\/produit\/gregos-masque-bleu\/\" class=\"woocommerce-LoopProduct-link woocommerce-loop-product__link\"><img decoding=\"async\" width=\"230\" height=\"350\" src=\"https:\/\/galerieresidenza.com\/wp-content\/uploads\/2025\/10\/masque-bleu-230x350.jpg\" class=\"attachment-woocommerce_thumbnail size-woocommerce_thumbnail\" alt=\"Masque Bleu\" \/><h2 class=\"woocommerce-loop-product__title\">Masque Bleu<\/h2>\n\t<span class=\"price\"><span class=\"woocommerce-Price-amount amount\"><bdi>450,00&nbsp;<span class=\"woocommerce-Price-currencySymbol\">&euro;<\/span><\/bdi><\/span><\/span>\n<\/a><a href=\"\/index.php\/wp-json\/wp\/v2\/pages\/557?add-to-cart=1287\" aria-describedby=\"woocommerce_loop_add_to_cart_link_describedby_1287\" data-quantity=\"1\" class=\"button product_type_simple add_to_cart_button ajax_add_to_cart\" data-product_id=\"1287\" data-product_sku=\"\" aria-label=\"Ajouter au panier\u00a0: &ldquo;Masque Bleu&rdquo;\" rel=\"nofollow\" data-success_message=\"\u00ab\u00a0Masque Bleu\u00a0\u00bb a \u00e9t\u00e9 ajout\u00e9 \u00e0 votre panier\" role=\"button\">Ajouter au panier<\/a>\t<span id=\"woocommerce_loop_add_to_cart_link_describedby_1287\" class=\"screen-reader-text\">\n\t\t\t<\/span>\n<\/li>\n<li class=\"product type-product post-1289 status-publish last instock product_cat-street-art product_tag-gregos product_tag-street-art has-post-thumbnail sold-individually shipping-taxable purchasable product-type-simple\">\n\t<a href=\"https:\/\/galerieresidenza.com\/index.php\/produit\/masque-rose-gregos\/\" class=\"woocommerce-LoopProduct-link woocommerce-loop-product__link\"><img loading=\"lazy\" decoding=\"async\" width=\"230\" height=\"350\" src=\"https:\/\/galerieresidenza.com\/wp-content\/uploads\/2025\/10\/masque-rose-230x350.jpg\" class=\"attachment-woocommerce_thumbnail size-woocommerce_thumbnail\" alt=\"Masque Rose\" \/><h2 class=\"woocommerce-loop-product__title\">Masque Rose<\/h2>\n\t<span class=\"price\"><span class=\"woocommerce-Price-amount amount\"><bdi>450,00&nbsp;<span class=\"woocommerce-Price-currencySymbol\">&euro;<\/span><\/bdi><\/span><\/span>\n<\/a><a href=\"\/index.php\/wp-json\/wp\/v2\/pages\/557?add-to-cart=1289\" aria-describedby=\"woocommerce_loop_add_to_cart_link_describedby_1289\" data-quantity=\"1\" class=\"button product_type_simple add_to_cart_button ajax_add_to_cart\" data-product_id=\"1289\" data-product_sku=\"\" aria-label=\"Ajouter au panier\u00a0: &ldquo;Masque Rose&rdquo;\" rel=\"nofollow\" data-success_message=\"\u00ab\u00a0Masque Rose\u00a0\u00bb a \u00e9t\u00e9 ajout\u00e9 \u00e0 votre panier\" role=\"button\">Ajouter au panier<\/a>\t<span id=\"woocommerce_loop_add_to_cart_link_describedby_1289\" class=\"screen-reader-text\">\n\t\t\t<\/span>\n<\/li>\n<li class=\"product type-product post-872 status-publish first instock product_cat-street-art product_tag-gregos product_tag-street-art has-post-thumbnail featured sold-individually shipping-taxable purchasable product-type-simple\">\n\t<a href=\"https:\/\/galerieresidenza.com\/index.php\/produit\/gregos-masque-rouge\/\" class=\"woocommerce-LoopProduct-link woocommerce-loop-product__link\"><img loading=\"lazy\" decoding=\"async\" width=\"230\" height=\"350\" src=\"https:\/\/galerieresidenza.com\/wp-content\/uploads\/2025\/08\/masque-rouge-230x350.jpg\" class=\"attachment-woocommerce_thumbnail size-woocommerce_thumbnail\" alt=\"Masque Rouge\" \/><h2 class=\"woocommerce-loop-product__title\">Masque Rouge<\/h2>\n\t<span class=\"price\"><span class=\"woocommerce-Price-amount amount\"><bdi>450,00&nbsp;<span class=\"woocommerce-Price-currencySymbol\">&euro;<\/span><\/bdi><\/span><\/span>\n<\/a><a href=\"\/index.php\/wp-json\/wp\/v2\/pages\/557?add-to-cart=872\" aria-describedby=\"woocommerce_loop_add_to_cart_link_describedby_872\" data-quantity=\"1\" class=\"button product_type_simple add_to_cart_button ajax_add_to_cart\" data-product_id=\"872\" data-product_sku=\"\" aria-label=\"Ajouter au panier\u00a0: &ldquo;Masque Rouge&rdquo;\" rel=\"nofollow\" data-success_message=\"\u00ab\u00a0Masque Rouge\u00a0\u00bb a \u00e9t\u00e9 ajout\u00e9 \u00e0 votre panier\" role=\"button\">Ajouter au panier<\/a>\t<span id=\"woocommerce_loop_add_to_cart_link_describedby_872\" class=\"screen-reader-text\">\n\t\t\t<\/span>\n<\/li>\n<li class=\"product type-product post-1285 status-publish instock product_cat-street-art product_tag-gregos product_tag-street-art has-post-thumbnail sold-individually shipping-taxable purchasable product-type-simple\">\n\t<a href=\"https:\/\/galerieresidenza.com\/index.php\/produit\/masque-vert-gregos\/\" class=\"woocommerce-LoopProduct-link woocommerce-loop-product__link\"><img loading=\"lazy\" decoding=\"async\" width=\"230\" height=\"350\" src=\"https:\/\/galerieresidenza.com\/wp-content\/uploads\/2025\/10\/masque-vert-230x350.jpg\" class=\"attachment-woocommerce_thumbnail size-woocommerce_thumbnail\" alt=\"Masque Vert\" \/><h2 class=\"woocommerce-loop-product__title\">Masque Vert<\/h2>\n\t<span class=\"price\"><span class=\"woocommerce-Price-amount amount\"><bdi>450,00&nbsp;<span class=\"woocommerce-Price-currencySymbol\">&euro;<\/span><\/bdi><\/span><\/span>\n<\/a><a href=\"\/index.php\/wp-json\/wp\/v2\/pages\/557?add-to-cart=1285\" aria-describedby=\"woocommerce_loop_add_to_cart_link_describedby_1285\" data-quantity=\"1\" class=\"button product_type_simple add_to_cart_button ajax_add_to_cart\" data-product_id=\"1285\" data-product_sku=\"\" aria-label=\"Ajouter au panier\u00a0: &ldquo;Masque Vert&rdquo;\" rel=\"nofollow\" data-success_message=\"\u00ab\u00a0Masque Vert\u00a0\u00bb a \u00e9t\u00e9 ajout\u00e9 \u00e0 votre panier\" role=\"button\">Ajouter au panier<\/a>\t<span id=\"woocommerce_loop_add_to_cart_link_describedby_1285\" class=\"screen-reader-text\">\n\t\t\t<\/span>\n<\/li>\n<li class=\"product type-product post-796 status-publish last instock product_cat-street-art has-post-thumbnail sold-individually shipping-taxable purchasable product-type-simple\">\n\t<a href=\"https:\/\/galerieresidenza.com\/index.php\/produit\/gregos-newspap-heart\/\" class=\"woocommerce-LoopProduct-link woocommerce-loop-product__link\"><img loading=\"lazy\" decoding=\"async\" width=\"230\" height=\"350\" src=\"https:\/\/galerieresidenza.com\/wp-content\/uploads\/2025\/05\/Newspap-heart-3-230x350.jpg\" class=\"attachment-woocommerce_thumbnail size-woocommerce_thumbnail\" alt=\"Newspap\u2019heart\" srcset=\"https:\/\/galerieresidenza.com\/wp-content\/uploads\/2025\/05\/Newspap-heart-3-230x350.jpg 230w, https:\/\/galerieresidenza.com\/wp-content\/uploads\/2025\/05\/Newspap-heart-3-460x700.jpg 460w\" sizes=\"(max-width: 230px) 100vw, 230px\" \/><h2 class=\"woocommerce-loop-product__title\">Newspap\u2019heart<\/h2>\n\t<span class=\"price\"><span class=\"woocommerce-Price-amount amount\"><bdi>900,00&nbsp;<span class=\"woocommerce-Price-currencySymbol\">&euro;<\/span><\/bdi><\/span><\/span>\n<\/a><a href=\"\/index.php\/wp-json\/wp\/v2\/pages\/557?add-to-cart=796\" aria-describedby=\"woocommerce_loop_add_to_cart_link_describedby_796\" data-quantity=\"1\" class=\"button product_type_simple add_to_cart_button ajax_add_to_cart\" data-product_id=\"796\" data-product_sku=\"\" aria-label=\"Ajouter au panier\u00a0: &ldquo;Newspap\u2019heart&rdquo;\" rel=\"nofollow\" data-success_message=\"\u00ab\u00a0Newspap\u2019heart\u00a0\u00bb a \u00e9t\u00e9 ajout\u00e9 \u00e0 votre panier\" role=\"button\">Ajouter au panier<\/a>\t<span id=\"woocommerce_loop_add_to_cart_link_describedby_796\" class=\"screen-reader-text\">\n\t\t\t<\/span>\n<\/li>\n<\/ul>\n<\/div><\/p>\t\t\t\t\t\t\t\t<\/div>\n\t\t\t\t<\/div>\n\t\t\t\t\t<\/div>\n\t\t\t\t<\/div>\n\t\t\t\t<\/div>\n\t\t","protected":false},"excerpt":{"rendered":"<p>Gregos Si le nom de Gregos ne vous dit rien, vous avez certainement d\u00e9j\u00e0 crois\u00e9 son visage, dupliqu\u00e9 depuis plus de dix ans en des centaines de moulages que vous avez crois\u00e9 au hasard de vos d\u00e9ambulations. Une pi\u00e8ce devenue sa carte identit\u00e9. Ce street artiste de 45 ans originaire [&hellip;]<\/p>\n","protected":false},"author":1,"featured_media":0,"parent":0,"menu_order":0,"comment_status":"closed","ping_status":"closed","template":"page-templates\/template-pagebuilder-full-width.php","meta":{"footnotes":""},"class_list":["post-557","page","type-page","status-publish","hentry"],"_links":{"self":[{"href":"https:\/\/galerieresidenza.com\/index.php\/wp-json\/wp\/v2\/pages\/557","targetHints":{"allow":["GET"]}}],"collection":[{"href":"https:\/\/galerieresidenza.com\/index.php\/wp-json\/wp\/v2\/pages"}],"about":[{"href":"https:\/\/galerieresidenza.com\/index.php\/wp-json\/wp\/v2\/types\/page"}],"author":[{"embeddable":true,"href":"https:\/\/galerieresidenza.com\/index.php\/wp-json\/wp\/v2\/users\/1"}],"replies":[{"embeddable":true,"href":"https:\/\/galerieresidenza.com\/index.php\/wp-json\/wp\/v2\/comments?post=557"}],"version-history":[{"count":22,"href":"https:\/\/galerieresidenza.com\/index.php\/wp-json\/wp\/v2\/pages\/557\/revisions"}],"predecessor-version":[{"id":1306,"href":"https:\/\/galerieresidenza.com\/index.php\/wp-json\/wp\/v2\/pages\/557\/revisions\/1306"}],"wp:attachment":[{"href":"https:\/\/galerieresidenza.com\/index.php\/wp-json\/wp\/v2\/media?parent=557"}],"curies":[{"name":"wp","href":"https:\/\/api.w.org\/{rel}","templated":true}]}}