{"id":630,"date":"2025-05-03T22:19:23","date_gmt":"2025-05-03T20:19:23","guid":{"rendered":"https:\/\/innovaartconceptstore.com\/?page_id=630"},"modified":"2025-11-17T10:17:35","modified_gmt":"2025-11-17T09:17:35","slug":"maori-overstreet","status":"publish","type":"page","link":"https:\/\/galerieresidenza.com\/index.php\/maori-overstreet\/","title":{"rendered":"Maori Overstreet"},"content":{"rendered":"\t\t<div data-elementor-type=\"wp-page\" data-elementor-id=\"630\" class=\"elementor elementor-630\">\n\t\t\t\t<div class=\"elementor-element elementor-element-b7a4316 e-grid e-con-boxed e-con e-parent\" data-id=\"b7a4316\" data-element_type=\"container\" data-e-type=\"container\">\n\t\t\t\t\t<div class=\"e-con-inner\">\n\t\t\t\t<div class=\"elementor-element elementor-element-0d50b11 elementor-widget elementor-widget-heading\" data-id=\"0d50b11\" data-element_type=\"widget\" data-e-type=\"widget\" data-widget_type=\"heading.default\">\n\t\t\t\t<div class=\"elementor-widget-container\">\n\t\t\t\t\t<h2 class=\"elementor-heading-title elementor-size-default\">Maori Overstreet<\/h2>\t\t\t\t<\/div>\n\t\t\t\t<\/div>\n\t\t\t\t\t<\/div>\n\t\t\t\t<\/div>\n\t\t<div class=\"elementor-element elementor-element-32aab4a e-flex e-con-boxed e-con e-parent\" data-id=\"32aab4a\" data-element_type=\"container\" data-e-type=\"container\">\n\t\t\t\t\t<div class=\"e-con-inner\">\n\t\t<div class=\"elementor-element elementor-element-6ec1ae5 e-con-full e-flex e-con e-child\" data-id=\"6ec1ae5\" data-element_type=\"container\" data-e-type=\"container\">\n\t\t\t\t<div class=\"elementor-element elementor-element-101eb3c elementor-widget elementor-widget-image\" data-id=\"101eb3c\" data-element_type=\"widget\" data-e-type=\"widget\" data-widget_type=\"image.default\">\n\t\t\t\t<div class=\"elementor-widget-container\">\n\t\t\t\t\t\t\t\t\t\t\t\t\t\t\t<img fetchpriority=\"high\" decoding=\"async\" width=\"564\" height=\"600\" src=\"https:\/\/galerieresidenza.com\/wp-content\/uploads\/2025\/05\/Maori-overstreet.jpg\" class=\"attachment-full size-full wp-image-631\" alt=\"Maori Overstreet\" srcset=\"https:\/\/galerieresidenza.com\/wp-content\/uploads\/2025\/05\/Maori-overstreet.jpg 564w, https:\/\/galerieresidenza.com\/wp-content\/uploads\/2025\/05\/Maori-overstreet-282x300.jpg 282w\" sizes=\"(max-width: 564px) 100vw, 564px\" \/>\t\t\t\t\t\t\t\t\t\t\t\t\t\t\t<\/div>\n\t\t\t\t<\/div>\n\t\t\t\t<\/div>\n\t\t<div class=\"elementor-element elementor-element-e607526 e-con-full e-flex e-con e-child\" data-id=\"e607526\" data-element_type=\"container\" data-e-type=\"container\">\n\t\t<div class=\"elementor-element elementor-element-8889fa3 e-con-full e-flex e-con e-child\" data-id=\"8889fa3\" data-element_type=\"container\" data-e-type=\"container\">\n\t\t\t\t<div class=\"elementor-element elementor-element-16eb4b0 elementor-widget elementor-widget-text-editor\" data-id=\"16eb4b0\" data-element_type=\"widget\" data-e-type=\"widget\" data-widget_type=\"text-editor.default\">\n\t\t\t\t<div class=\"elementor-widget-container\">\n\t\t\t\t\t\t\t\t\t<p>N\u00e9e en 1967 \u00e0 Paris, Maori Overstreet baigne dans la cr\u00e9ation artistique depuis sa plus tendre enfance. Avec une famille d\u2019esth\u00e8tes, cette artiste suit sa voie qui l\u2019inspire depuis toujours. Au fil des ann\u00e9es, cette autodidacte passionn\u00e9e explore, d\u00e9couvre, cr\u00e9e pour trouver sa propre signature.<\/p><p>Elle lib\u00e8re son imaginaire en m\u00ealant la technique contemporaine de l\u2019a\u00e9rosol et du street art avec des \u00e9coles plus classiques telles que le cubisme et l\u2019impressionnisme.<br \/>Maori Overstreet s\u2019amuse des contrastes entre les lignes cin\u00e9tiques et g\u00e9om\u00e9triques du tableau qui donnent \u00e0 ses toiles un dynamisme certain, une impression de mouvement et les courbes de la femme, toutes en douceur. Tr\u00e8s inspir\u00e9e du pop art, elle \u00e9tire ces couleurs en fusion cin\u00e9tique comme l\u2019auraient fait Victor Vasarely ou Julio Le Parc.<\/p><p>Aujourd\u2019hui elle donne vie \u00e0 des portraits d\u2019hommes aux allures de pilotes de l\u00e9gende, griff\u00e9s d\u2019un style argentique. Une nouvelle empreinte affirm\u00e9e, un style, une signature.<\/p><p>Du Art Show Bastille Center de mars 2019 o\u00f9 elle a re\u00e7u le premier prix du public, au 20e Salon des Artistes contemporains de Saint-Tropez en 2016 dont elle \u00e9tait l\u2019invit\u00e9e d\u2019honneur en passant par L\u2019Art Expo de new York, Bruxelles, Montreux, Spectrum Miami, Art Capital Grand Palais.<br \/>Depuis 2020, les \u0153uvres de l\u2019artiste ont \u00e9t\u00e9 expos\u00e9es sur de grands lieux d\u2019affichages, m\u00e9tro La Fayette \u00e0 Paris, Station Zoologischer Garten \u00e0 Berlin, Barcelone, Monaco, Los Angeles, affiches mobiles \u00e0 Miami Beach pendant art Basel le plus grand salon d\u2019art contemporain et sur \u00e9cran digital en format XXL sur Times Square New York en 2023.<\/p><p>Prochaine exposition sur Barcelone<br \/>Nfts sur Opensea \u00e0 venir<\/p>\t\t\t\t\t\t\t\t<\/div>\n\t\t\t\t<\/div>\n\t\t\t\t<\/div>\n\t\t<div class=\"elementor-element elementor-element-75a72d9 e-con-full e-flex e-con e-child\" data-id=\"75a72d9\" data-element_type=\"container\" data-e-type=\"container\">\n\t\t\t\t<\/div>\n\t\t\t\t<\/div>\n\t\t\t\t\t<\/div>\n\t\t\t\t<\/div>\n\t\t<div class=\"elementor-element elementor-element-629c483 e-flex e-con-boxed e-con e-parent\" data-id=\"629c483\" data-element_type=\"container\" data-e-type=\"container\">\n\t\t\t\t\t<div class=\"e-con-inner\">\n\t\t\t\t<div class=\"elementor-element elementor-element-e567fd7 elementor-widget elementor-widget-text-editor\" data-id=\"e567fd7\" data-element_type=\"widget\" data-e-type=\"widget\" data-widget_type=\"text-editor.default\">\n\t\t\t\t<div class=\"elementor-widget-container\">\n\t\t\t\t\t\t\t\t\t<p><div class=\"woocommerce columns-2 \"><ul class=\"products columns-2\">\n<li class=\"product type-product post-1208 status-publish first instock product_cat-peinture has-post-thumbnail featured shipping-taxable purchasable product-type-simple\">\n\t<a href=\"https:\/\/galerieresidenza.com\/index.php\/produit\/mei-maori-overstreet\/\" class=\"woocommerce-LoopProduct-link woocommerce-loop-product__link\"><img decoding=\"async\" width=\"230\" height=\"350\" src=\"https:\/\/galerieresidenza.com\/wp-content\/uploads\/2025\/10\/maori-overstreet-mei-2-230x350.jpg\" class=\"attachment-woocommerce_thumbnail size-woocommerce_thumbnail\" alt=\"ME\u00cf\" srcset=\"https:\/\/galerieresidenza.com\/wp-content\/uploads\/2025\/10\/maori-overstreet-mei-2-230x350.jpg 230w, https:\/\/galerieresidenza.com\/wp-content\/uploads\/2025\/10\/maori-overstreet-mei-2-460x700.jpg 460w\" sizes=\"(max-width: 230px) 100vw, 230px\" \/><h2 class=\"woocommerce-loop-product__title\">ME\u00cf<\/h2>\n\t<span class=\"price\"><span class=\"woocommerce-Price-amount amount\"><bdi>6200,00&nbsp;<span class=\"woocommerce-Price-currencySymbol\">&euro;<\/span><\/bdi><\/span><\/span>\n<\/a><a href=\"\/index.php\/wp-json\/wp\/v2\/pages\/630?add-to-cart=1208\" aria-describedby=\"woocommerce_loop_add_to_cart_link_describedby_1208\" data-quantity=\"1\" class=\"button product_type_simple add_to_cart_button ajax_add_to_cart\" data-product_id=\"1208\" data-product_sku=\"\" aria-label=\"Ajouter au panier\u00a0: &ldquo;ME\u00cf&rdquo;\" rel=\"nofollow\" data-success_message=\"\u00ab\u00a0ME\u00cf\u00a0\u00bb a \u00e9t\u00e9 ajout\u00e9 \u00e0 votre panier\" role=\"button\">Ajouter au panier<\/a>\t<span id=\"woocommerce_loop_add_to_cart_link_describedby_1208\" class=\"screen-reader-text\">\n\t\t\t<\/span>\n<\/li>\n<li class=\"product type-product post-819 status-publish last instock product_cat-peinture has-post-thumbnail shipping-taxable purchasable product-type-simple\">\n\t<a href=\"https:\/\/galerieresidenza.com\/index.php\/produit\/maori-vstreet-orange-strip\/\" class=\"woocommerce-LoopProduct-link woocommerce-loop-product__link\"><img decoding=\"async\" width=\"230\" height=\"350\" src=\"https:\/\/galerieresidenza.com\/wp-content\/uploads\/2025\/05\/orange-strip-1-230x350.jpg\" class=\"attachment-woocommerce_thumbnail size-woocommerce_thumbnail\" alt=\"Orange Strip\" srcset=\"https:\/\/galerieresidenza.com\/wp-content\/uploads\/2025\/05\/orange-strip-1-230x350.jpg 230w, https:\/\/galerieresidenza.com\/wp-content\/uploads\/2025\/05\/orange-strip-1-460x700.jpg 460w\" sizes=\"(max-width: 230px) 100vw, 230px\" \/><h2 class=\"woocommerce-loop-product__title\">Orange Strip<\/h2>\n\t<span class=\"price\"><span class=\"woocommerce-Price-amount amount\"><bdi>4700,00&nbsp;<span class=\"woocommerce-Price-currencySymbol\">&euro;<\/span><\/bdi><\/span><\/span>\n<\/a><a href=\"\/index.php\/wp-json\/wp\/v2\/pages\/630?add-to-cart=819\" aria-describedby=\"woocommerce_loop_add_to_cart_link_describedby_819\" data-quantity=\"1\" class=\"button product_type_simple add_to_cart_button ajax_add_to_cart\" data-product_id=\"819\" data-product_sku=\"\" aria-label=\"Ajouter au panier\u00a0: &ldquo;Orange Strip&rdquo;\" rel=\"nofollow\" data-success_message=\"\u00ab\u00a0Orange Strip\u00a0\u00bb a \u00e9t\u00e9 ajout\u00e9 \u00e0 votre panier\" role=\"button\">Ajouter au panier<\/a>\t<span id=\"woocommerce_loop_add_to_cart_link_describedby_819\" class=\"screen-reader-text\">\n\t\t\t<\/span>\n<\/li>\n<\/ul>\n<\/div><\/p>\t\t\t\t\t\t\t\t<\/div>\n\t\t\t\t<\/div>\n\t\t\t\t\t<\/div>\n\t\t\t\t<\/div>\n\t\t<div class=\"elementor-element elementor-element-b41df2e e-flex e-con-boxed e-con e-parent\" data-id=\"b41df2e\" data-element_type=\"container\" data-e-type=\"container\">\n\t\t\t\t\t<div class=\"e-con-inner\">\n\t\t\t\t\t<\/div>\n\t\t\t\t<\/div>\n\t\t\t\t<\/div>\n\t\t","protected":false},"excerpt":{"rendered":"<p>Maori Overstreet N\u00e9e en 1967 \u00e0 Paris, Maori Overstreet baigne dans la cr\u00e9ation artistique depuis sa plus tendre enfance. Avec une famille d\u2019esth\u00e8tes, cette artiste suit sa voie qui l\u2019inspire depuis toujours. Au fil des ann\u00e9es, cette autodidacte passionn\u00e9e explore, d\u00e9couvre, cr\u00e9e pour trouver sa propre signature. Elle lib\u00e8re son [&hellip;]<\/p>\n","protected":false},"author":1,"featured_media":0,"parent":0,"menu_order":0,"comment_status":"closed","ping_status":"closed","template":"page-templates\/template-pagebuilder-full-width.php","meta":{"footnotes":""},"class_list":["post-630","page","type-page","status-publish","hentry"],"_links":{"self":[{"href":"https:\/\/galerieresidenza.com\/index.php\/wp-json\/wp\/v2\/pages\/630","targetHints":{"allow":["GET"]}}],"collection":[{"href":"https:\/\/galerieresidenza.com\/index.php\/wp-json\/wp\/v2\/pages"}],"about":[{"href":"https:\/\/galerieresidenza.com\/index.php\/wp-json\/wp\/v2\/types\/page"}],"author":[{"embeddable":true,"href":"https:\/\/galerieresidenza.com\/index.php\/wp-json\/wp\/v2\/users\/1"}],"replies":[{"embeddable":true,"href":"https:\/\/galerieresidenza.com\/index.php\/wp-json\/wp\/v2\/comments?post=630"}],"version-history":[{"count":24,"href":"https:\/\/galerieresidenza.com\/index.php\/wp-json\/wp\/v2\/pages\/630\/revisions"}],"predecessor-version":[{"id":1414,"href":"https:\/\/galerieresidenza.com\/index.php\/wp-json\/wp\/v2\/pages\/630\/revisions\/1414"}],"wp:attachment":[{"href":"https:\/\/galerieresidenza.com\/index.php\/wp-json\/wp\/v2\/media?parent=630"}],"curies":[{"name":"wp","href":"https:\/\/api.w.org\/{rel}","templated":true}]}}