{"id":648,"date":"2025-05-04T21:17:50","date_gmt":"2025-05-04T19:17:50","guid":{"rendered":"https:\/\/innovaartconceptstore.com\/?page_id=648"},"modified":"2025-05-22T00:15:28","modified_gmt":"2025-05-21T22:15:28","slug":"luma-rey","status":"publish","type":"page","link":"https:\/\/galerieresidenza.com\/index.php\/luma-rey\/","title":{"rendered":"Luma Rey"},"content":{"rendered":"\t\t<div data-elementor-type=\"wp-page\" data-elementor-id=\"648\" class=\"elementor elementor-648\">\n\t\t\t\t<div class=\"elementor-element elementor-element-b7a4316 e-grid e-con-boxed e-con e-parent\" data-id=\"b7a4316\" data-element_type=\"container\" data-e-type=\"container\">\n\t\t\t\t\t<div class=\"e-con-inner\">\n\t\t\t\t<div class=\"elementor-element elementor-element-0d50b11 elementor-widget elementor-widget-heading\" data-id=\"0d50b11\" data-element_type=\"widget\" data-e-type=\"widget\" data-widget_type=\"heading.default\">\n\t\t\t\t<div class=\"elementor-widget-container\">\n\t\t\t\t\t<h2 class=\"elementor-heading-title elementor-size-default\">Luma Rey<\/h2>\t\t\t\t<\/div>\n\t\t\t\t<\/div>\n\t\t\t\t\t<\/div>\n\t\t\t\t<\/div>\n\t\t<div class=\"elementor-element elementor-element-32aab4a e-flex e-con-boxed e-con e-parent\" data-id=\"32aab4a\" data-element_type=\"container\" data-e-type=\"container\">\n\t\t\t\t\t<div class=\"e-con-inner\">\n\t\t<div class=\"elementor-element elementor-element-6ec1ae5 e-con-full e-flex e-con e-child\" data-id=\"6ec1ae5\" data-element_type=\"container\" data-e-type=\"container\">\n\t\t\t\t<div class=\"elementor-element elementor-element-101eb3c elementor-widget elementor-widget-image\" data-id=\"101eb3c\" data-element_type=\"widget\" data-e-type=\"widget\" data-widget_type=\"image.default\">\n\t\t\t\t<div class=\"elementor-widget-container\">\n\t\t\t\t\t\t\t\t\t\t\t\t\t\t\t<img fetchpriority=\"high\" decoding=\"async\" width=\"599\" height=\"692\" src=\"https:\/\/galerieresidenza.com\/wp-content\/uploads\/2025\/05\/luma-rey.jpg\" class=\"attachment-full size-full wp-image-654\" alt=\"Luma Rey\" srcset=\"https:\/\/galerieresidenza.com\/wp-content\/uploads\/2025\/05\/luma-rey.jpg 599w, https:\/\/galerieresidenza.com\/wp-content\/uploads\/2025\/05\/luma-rey-260x300.jpg 260w\" sizes=\"(max-width: 599px) 100vw, 599px\" \/>\t\t\t\t\t\t\t\t\t\t\t\t\t\t\t<\/div>\n\t\t\t\t<\/div>\n\t\t\t\t<\/div>\n\t\t<div class=\"elementor-element elementor-element-e607526 e-con-full e-flex e-con e-child\" data-id=\"e607526\" data-element_type=\"container\" data-e-type=\"container\">\n\t\t<div class=\"elementor-element elementor-element-8889fa3 e-con-full e-flex e-con e-child\" data-id=\"8889fa3\" data-element_type=\"container\" data-e-type=\"container\">\n\t\t\t\t<div class=\"elementor-element elementor-element-16eb4b0 elementor-widget elementor-widget-text-editor\" data-id=\"16eb4b0\" data-element_type=\"widget\" data-e-type=\"widget\" data-widget_type=\"text-editor.default\">\n\t\t\t\t<div class=\"elementor-widget-container\">\n\t\t\t\t\t\t\t\t\t<p>Visions lumineuses, v\u00e9rit\u00e9s en clair-obscur<\/p><p>Luma Rey photographie comme on chuchote un secret au monde. Avec elle, la lumi\u00e8re devient langage : une joue effleur\u00e9e par le soleil, un reflet dans une vitre de m\u00e9tro, un regard perdu qui en dit long. \u00ab Luma \u00bb pour la clart\u00e9, \u00ab Rey \u00bb pour la souverainet\u00e9 du regard. Sa rue n\u2019est pas brute, elle est sacr\u00e9e.<\/p><p>N\u00e9e de mille cultures (ou du moins, c\u2019est ce que l\u2019on devine dans son \u0153il), Luma Rey marche lentement, appareil \u00e0 la main, comme une cartographe de l\u2019\u00e2me humaine.<\/p><p>Ses clich\u00e9s r\u00e9v\u00e8lent plus qu\u2019ils ne montrent. Elle ne capture pas les gens, elle les r\u00e9v\u00e8le \u00e0 eux-m\u00eames.<\/p>\t\t\t\t\t\t\t\t<\/div>\n\t\t\t\t<\/div>\n\t\t\t\t<\/div>\n\t\t<div class=\"elementor-element elementor-element-75a72d9 e-con-full e-flex e-con e-child\" data-id=\"75a72d9\" data-element_type=\"container\" data-e-type=\"container\">\n\t\t\t\t<div class=\"elementor-element elementor-element-b8f8b91 elementor-align-center elementor-widget elementor-widget-button\" data-id=\"b8f8b91\" data-element_type=\"widget\" data-e-type=\"widget\" data-widget_type=\"button.default\">\n\t\t\t\t<div class=\"elementor-widget-container\">\n\t\t\t\t\t\t\t\t\t<div class=\"elementor-button-wrapper\">\n\t\t\t\t\t<a class=\"elementor-button elementor-button-link elementor-size-sm\" href=\"#\" target=\"_blank\">\n\t\t\t\t\t\t<span class=\"elementor-button-content-wrapper\">\n\t\t\t\t\t\t\t\t\t<span class=\"elementor-button-text\">MORE<\/span>\n\t\t\t\t\t<\/span>\n\t\t\t\t\t<\/a>\n\t\t\t\t<\/div>\n\t\t\t\t\t\t\t\t<\/div>\n\t\t\t\t<\/div>\n\t\t\t\t<\/div>\n\t\t\t\t<\/div>\n\t\t\t\t\t<\/div>\n\t\t\t\t<\/div>\n\t\t<div class=\"elementor-element elementor-element-29a5999 e-flex e-con-boxed e-con e-parent\" data-id=\"29a5999\" data-element_type=\"container\" data-e-type=\"container\">\n\t\t\t\t\t<div class=\"e-con-inner\">\n\t\t\t\t<div class=\"elementor-element elementor-element-d785eb4 elementor-widget elementor-widget-text-editor\" data-id=\"d785eb4\" data-element_type=\"widget\" data-e-type=\"widget\" data-widget_type=\"text-editor.default\">\n\t\t\t\t<div class=\"elementor-widget-container\">\n\t\t\t\t\t\t\t\t\t<div class=\"woocommerce columns-3 \"><ul class=\"products columns-3\">\n<li class=\"product type-product post-678 status-publish first instock product_cat-photo has-post-thumbnail shipping-taxable purchasable product-type-simple\">\n\t<a href=\"https:\/\/galerieresidenza.com\/index.php\/produit\/luma-rey-leave-or-die\/\" class=\"woocommerce-LoopProduct-link woocommerce-loop-product__link\"><img decoding=\"async\" width=\"230\" height=\"350\" src=\"https:\/\/galerieresidenza.com\/wp-content\/uploads\/2025\/05\/Luma-Rey-11-230x350.jpg\" class=\"attachment-woocommerce_thumbnail size-woocommerce_thumbnail\" alt=\"Leave or die\" srcset=\"https:\/\/galerieresidenza.com\/wp-content\/uploads\/2025\/05\/Luma-Rey-11-230x350.jpg 230w, https:\/\/galerieresidenza.com\/wp-content\/uploads\/2025\/05\/Luma-Rey-11-460x700.jpg 460w\" sizes=\"(max-width: 230px) 100vw, 230px\" \/><h2 class=\"woocommerce-loop-product__title\">Leave or die<\/h2>\n\t<span class=\"price\"><span class=\"woocommerce-Price-amount amount\"><bdi>250,00&nbsp;<span class=\"woocommerce-Price-currencySymbol\">&euro;<\/span><\/bdi><\/span><\/span>\n<\/a><a href=\"\/index.php\/wp-json\/wp\/v2\/pages\/648?add-to-cart=678\" aria-describedby=\"woocommerce_loop_add_to_cart_link_describedby_678\" data-quantity=\"1\" class=\"button product_type_simple add_to_cart_button ajax_add_to_cart\" data-product_id=\"678\" data-product_sku=\"\" aria-label=\"Ajouter au panier\u00a0: &ldquo;Leave or die&rdquo;\" rel=\"nofollow\" data-success_message=\"\u00ab\u00a0Leave or die\u00a0\u00bb a \u00e9t\u00e9 ajout\u00e9 \u00e0 votre panier\" role=\"button\">Ajouter au panier<\/a>\t<span id=\"woocommerce_loop_add_to_cart_link_describedby_678\" class=\"screen-reader-text\">\n\t\t\t<\/span>\n<\/li>\n<li class=\"product type-product post-675 status-publish instock product_cat-photo has-post-thumbnail shipping-taxable purchasable product-type-simple\">\n\t<a href=\"https:\/\/galerieresidenza.com\/index.php\/produit\/luma-rey-with-diamonds\/\" class=\"woocommerce-LoopProduct-link woocommerce-loop-product__link\"><img decoding=\"async\" width=\"230\" height=\"350\" src=\"https:\/\/galerieresidenza.com\/wp-content\/uploads\/2025\/05\/luma-rey-11-1-230x350.jpg\" class=\"attachment-woocommerce_thumbnail size-woocommerce_thumbnail\" alt=\"With Diamonds\" srcset=\"https:\/\/galerieresidenza.com\/wp-content\/uploads\/2025\/05\/luma-rey-11-1-230x350.jpg 230w, https:\/\/galerieresidenza.com\/wp-content\/uploads\/2025\/05\/luma-rey-11-1-460x700.jpg 460w\" sizes=\"(max-width: 230px) 100vw, 230px\" \/><h2 class=\"woocommerce-loop-product__title\">With Diamonds<\/h2>\n\t<span class=\"price\"><span class=\"woocommerce-Price-amount amount\"><bdi>250,00&nbsp;<span class=\"woocommerce-Price-currencySymbol\">&euro;<\/span><\/bdi><\/span><\/span>\n<\/a><a href=\"\/index.php\/wp-json\/wp\/v2\/pages\/648?add-to-cart=675\" aria-describedby=\"woocommerce_loop_add_to_cart_link_describedby_675\" data-quantity=\"1\" class=\"button product_type_simple add_to_cart_button ajax_add_to_cart\" data-product_id=\"675\" data-product_sku=\"\" aria-label=\"Ajouter au panier\u00a0: &ldquo;With Diamonds&rdquo;\" rel=\"nofollow\" data-success_message=\"\u00ab\u00a0With Diamonds\u00a0\u00bb a \u00e9t\u00e9 ajout\u00e9 \u00e0 votre panier\" role=\"button\">Ajouter au panier<\/a>\t<span id=\"woocommerce_loop_add_to_cart_link_describedby_675\" class=\"screen-reader-text\">\n\t\t\t<\/span>\n<\/li>\n<\/ul>\n<\/div>\t\t\t\t\t\t\t\t<\/div>\n\t\t\t\t<\/div>\n\t\t\t\t\t<\/div>\n\t\t\t\t<\/div>\n\t\t<div class=\"elementor-element elementor-element-102b64e e-flex e-con-boxed e-con e-parent\" data-id=\"102b64e\" data-element_type=\"container\" data-e-type=\"container\">\n\t\t\t\t\t<div class=\"e-con-inner\">\n\t\t\t\t<div class=\"elementor-element elementor-element-b2e4fee elementor-align-center elementor-widget elementor-widget-button\" data-id=\"b2e4fee\" data-element_type=\"widget\" data-e-type=\"widget\" data-widget_type=\"button.default\">\n\t\t\t\t<div class=\"elementor-widget-container\">\n\t\t\t\t\t\t\t\t\t<div class=\"elementor-button-wrapper\">\n\t\t\t\t\t<a class=\"elementor-button elementor-button-link elementor-size-sm\" href=\"https:\/\/innovaartconceptstore.com\/index.php\/marque\/luma-rey\/\">\n\t\t\t\t\t\t<span class=\"elementor-button-content-wrapper\">\n\t\t\t\t\t\t\t\t\t<span class=\"elementor-button-text\">TOUT LUMA REY<\/span>\n\t\t\t\t\t<\/span>\n\t\t\t\t\t<\/a>\n\t\t\t\t<\/div>\n\t\t\t\t\t\t\t\t<\/div>\n\t\t\t\t<\/div>\n\t\t\t\t\t<\/div>\n\t\t\t\t<\/div>\n\t\t<div class=\"elementor-element elementor-element-996e89a e-flex e-con-boxed e-con e-parent\" data-id=\"996e89a\" data-element_type=\"container\" data-e-type=\"container\">\n\t\t\t\t\t<div class=\"e-con-inner\">\n\t\t\t\t<div class=\"elementor-element elementor-element-6e7fc2f elementor-widget elementor-widget-spacer\" data-id=\"6e7fc2f\" data-element_type=\"widget\" data-e-type=\"widget\" data-widget_type=\"spacer.default\">\n\t\t\t\t<div class=\"elementor-widget-container\">\n\t\t\t\t\t\t\t<div class=\"elementor-spacer\">\n\t\t\t<div class=\"elementor-spacer-inner\"><\/div>\n\t\t<\/div>\n\t\t\t\t\t\t<\/div>\n\t\t\t\t<\/div>\n\t\t\t\t\t<\/div>\n\t\t\t\t<\/div>\n\t\t<div class=\"elementor-element elementor-element-b41df2e e-flex e-con-boxed e-con e-parent\" data-id=\"b41df2e\" data-element_type=\"container\" data-e-type=\"container\">\n\t\t\t\t\t<div class=\"e-con-inner\">\n\t\t\t\t<div class=\"elementor-element elementor-element-ec57585 elementor-widget elementor-widget-wp-widget-foogallery_widget\" data-id=\"ec57585\" data-element_type=\"widget\" data-e-type=\"widget\" data-widget_type=\"wp-widget-foogallery_widget.default\">\n\t\t\t\t<div class=\"elementor-widget-container\">\n\t\t\t\t\t<style type=\"text\/css\">\n#foogallery-gallery-649.fg-masonry { --fg-gutter: 10px; }<\/style>\n\t\t\t<div class=\"foogallery foogallery-container foogallery-masonry foogallery-lightbox-foobox fg-center fg-masonry fg-ready fg-light fg-shadow-small fg-loading-default fg-loaded-fade-in fg-hover-fade fg-light-overlays fg-col3\" id=\"foogallery-gallery-649\" data-foogallery=\"{&quot;item&quot;:{&quot;showCaptionTitle&quot;:false,&quot;showCaptionDescription&quot;:false},&quot;lazy&quot;:true}\" style=\"--fg-title-line-clamp: 0; --fg-description-line-clamp: 0;\" >\n\t\t<div class=\"fg-column-width\"><\/div>\n\t<div class=\"fg-gutter-width\"><\/div>\n\t\t<div class=\"fg-item fg-type-image fg-idle\"><figure class=\"fg-item-inner\"><a href=\"https:\/\/galerieresidenza.com\/wp-content\/uploads\/2025\/05\/luma-rey-1.jpg\" data-attachment-id=\"650\" data-type=\"image\" class=\"fg-thumb\"><span class=\"fg-image-wrap\"><img decoding=\"async\" width=\"450\" height=\"596\" class=\"skip-lazy fg-image\" data-src-fg=\"https:\/\/galerieresidenza.com\/wp-content\/uploads\/cache\/2025\/05\/luma-rey-1\/3355426689.jpg\" src=\"data:image\/svg+xml,%3Csvg%20xmlns%3D%22http%3A%2F%2Fwww.w3.org%2F2000%2Fsvg%22%20width%3D%22450%22%20height%3D%22596%22%20viewBox%3D%220%200%20450%20596%22%3E%3C%2Fsvg%3E\" loading=\"eager\"><\/span><span class=\"fg-image-overlay\"><\/span><\/a><\/figure><div class=\"fg-loader\"><\/div><\/div><div class=\"fg-item fg-type-image fg-idle\"><figure class=\"fg-item-inner\"><a href=\"https:\/\/galerieresidenza.com\/wp-content\/uploads\/2025\/05\/luma-rey-2.jpg\" data-attachment-id=\"651\" data-type=\"image\" class=\"fg-thumb\"><span class=\"fg-image-wrap\"><img decoding=\"async\" width=\"450\" height=\"800\" class=\"skip-lazy fg-image\" data-src-fg=\"https:\/\/galerieresidenza.com\/wp-content\/uploads\/cache\/2025\/05\/luma-rey-2\/2854519682.jpg\" src=\"data:image\/svg+xml,%3Csvg%20xmlns%3D%22http%3A%2F%2Fwww.w3.org%2F2000%2Fsvg%22%20width%3D%22450%22%20height%3D%22800%22%20viewBox%3D%220%200%20450%20800%22%3E%3C%2Fsvg%3E\" loading=\"eager\"><\/span><span class=\"fg-image-overlay\"><\/span><\/a><\/figure><div class=\"fg-loader\"><\/div><\/div><div class=\"fg-item fg-type-image fg-idle\"><figure class=\"fg-item-inner\"><a href=\"https:\/\/galerieresidenza.com\/wp-content\/uploads\/2025\/05\/luma-rey-3.jpg\" data-attachment-id=\"652\" data-type=\"image\" class=\"fg-thumb\"><span class=\"fg-image-wrap\"><img decoding=\"async\" width=\"450\" height=\"489\" class=\"skip-lazy fg-image\" data-src-fg=\"https:\/\/galerieresidenza.com\/wp-content\/uploads\/cache\/2025\/05\/luma-rey-3\/2550385021.jpg\" data-srcset-fg=\"https:\/\/galerieresidenza.com\/wp-content\/uploads\/cache\/2025\/05\/luma-rey-3\/4119637478.jpg 4x\" src=\"data:image\/svg+xml,%3Csvg%20xmlns%3D%22http%3A%2F%2Fwww.w3.org%2F2000%2Fsvg%22%20width%3D%22450%22%20height%3D%22489%22%20viewBox%3D%220%200%20450%20489%22%3E%3C%2Fsvg%3E\" loading=\"eager\"><\/span><span class=\"fg-image-overlay\"><\/span><\/a><\/figure><div class=\"fg-loader\"><\/div><\/div><div class=\"fg-item fg-type-image fg-idle\"><figure class=\"fg-item-inner\"><a href=\"https:\/\/galerieresidenza.com\/wp-content\/uploads\/2025\/05\/luma-rey-4.jpg\" data-attachment-id=\"653\" data-type=\"image\" class=\"fg-thumb\"><span class=\"fg-image-wrap\"><img decoding=\"async\" width=\"450\" height=\"700\" class=\"skip-lazy fg-image\" data-src-fg=\"https:\/\/galerieresidenza.com\/wp-content\/uploads\/cache\/2025\/05\/luma-rey-4\/1905458052.jpg\" src=\"data:image\/svg+xml,%3Csvg%20xmlns%3D%22http%3A%2F%2Fwww.w3.org%2F2000%2Fsvg%22%20width%3D%22450%22%20height%3D%22700%22%20viewBox%3D%220%200%20450%20700%22%3E%3C%2Fsvg%3E\" loading=\"eager\"><\/span><span class=\"fg-image-overlay\"><\/span><\/a><\/figure><div class=\"fg-loader\"><\/div><\/div><\/div>\t\t\t\t<\/div>\n\t\t\t\t<\/div>\n\t\t\t\t\t<\/div>\n\t\t\t\t<\/div>\n\t\t\t\t<\/div>\n\t\t","protected":false},"excerpt":{"rendered":"<p>Luma Rey Visions lumineuses, v\u00e9rit\u00e9s en clair-obscur Luma Rey photographie comme on chuchote un secret au monde. Avec elle, la lumi\u00e8re devient langage : une joue effleur\u00e9e par le soleil, un reflet dans une vitre de m\u00e9tro, un regard perdu qui en dit long. \u00ab Luma \u00bb pour la clart\u00e9, [&hellip;]<\/p>\n","protected":false},"author":1,"featured_media":0,"parent":0,"menu_order":0,"comment_status":"closed","ping_status":"closed","template":"page-templates\/template-pagebuilder-full-width.php","meta":{"footnotes":""},"class_list":["post-648","page","type-page","status-publish","hentry"],"_links":{"self":[{"href":"https:\/\/galerieresidenza.com\/index.php\/wp-json\/wp\/v2\/pages\/648","targetHints":{"allow":["GET"]}}],"collection":[{"href":"https:\/\/galerieresidenza.com\/index.php\/wp-json\/wp\/v2\/pages"}],"about":[{"href":"https:\/\/galerieresidenza.com\/index.php\/wp-json\/wp\/v2\/types\/page"}],"author":[{"embeddable":true,"href":"https:\/\/galerieresidenza.com\/index.php\/wp-json\/wp\/v2\/users\/1"}],"replies":[{"embeddable":true,"href":"https:\/\/galerieresidenza.com\/index.php\/wp-json\/wp\/v2\/comments?post=648"}],"version-history":[{"count":18,"href":"https:\/\/galerieresidenza.com\/index.php\/wp-json\/wp\/v2\/pages\/648\/revisions"}],"predecessor-version":[{"id":1007,"href":"https:\/\/galerieresidenza.com\/index.php\/wp-json\/wp\/v2\/pages\/648\/revisions\/1007"}],"wp:attachment":[{"href":"https:\/\/galerieresidenza.com\/index.php\/wp-json\/wp\/v2\/media?parent=648"}],"curies":[{"name":"wp","href":"https:\/\/api.w.org\/{rel}","templated":true}]}}