{"id":735,"date":"2025-05-11T17:55:30","date_gmt":"2025-05-11T15:55:30","guid":{"rendered":"https:\/\/innovaartconceptstore.com\/?page_id=735"},"modified":"2025-06-02T17:05:47","modified_gmt":"2025-06-02T15:05:47","slug":"diana-k","status":"publish","type":"page","link":"https:\/\/galerieresidenza.com\/index.php\/diana-k\/","title":{"rendered":"Diana-K"},"content":{"rendered":"\t\t<div data-elementor-type=\"wp-page\" data-elementor-id=\"735\" class=\"elementor elementor-735\">\n\t\t\t\t<div class=\"elementor-element elementor-element-b7a4316 e-grid e-con-boxed e-con e-parent\" data-id=\"b7a4316\" data-element_type=\"container\" data-e-type=\"container\">\n\t\t\t\t\t<div class=\"e-con-inner\">\n\t\t\t\t<div class=\"elementor-element elementor-element-0d50b11 elementor-widget elementor-widget-heading\" data-id=\"0d50b11\" data-element_type=\"widget\" data-e-type=\"widget\" data-widget_type=\"heading.default\">\n\t\t\t\t<div class=\"elementor-widget-container\">\n\t\t\t\t\t<h2 class=\"elementor-heading-title elementor-size-default\">Diana K.<\/h2>\t\t\t\t<\/div>\n\t\t\t\t<\/div>\n\t\t\t\t\t<\/div>\n\t\t\t\t<\/div>\n\t\t<div class=\"elementor-element elementor-element-32aab4a e-flex e-con-boxed e-con e-parent\" data-id=\"32aab4a\" data-element_type=\"container\" data-e-type=\"container\">\n\t\t\t\t\t<div class=\"e-con-inner\">\n\t\t<div class=\"elementor-element elementor-element-6ec1ae5 e-con-full e-flex e-con e-child\" data-id=\"6ec1ae5\" data-element_type=\"container\" data-e-type=\"container\">\n\t\t\t\t<div class=\"elementor-element elementor-element-101eb3c elementor-widget elementor-widget-image\" data-id=\"101eb3c\" data-element_type=\"widget\" data-e-type=\"widget\" data-widget_type=\"image.default\">\n\t\t\t\t<div class=\"elementor-widget-container\">\n\t\t\t\t\t\t\t\t\t\t\t\t\t\t\t<img fetchpriority=\"high\" decoding=\"async\" width=\"1024\" height=\"1536\" src=\"https:\/\/galerieresidenza.com\/wp-content\/uploads\/2025\/05\/diana-k-avatar.jpg\" class=\"attachment-full size-full wp-image-740\" alt=\"Diana K\" srcset=\"https:\/\/galerieresidenza.com\/wp-content\/uploads\/2025\/05\/diana-k-avatar.jpg 1024w, https:\/\/galerieresidenza.com\/wp-content\/uploads\/2025\/05\/diana-k-avatar-200x300.jpg 200w, https:\/\/galerieresidenza.com\/wp-content\/uploads\/2025\/05\/diana-k-avatar-683x1024.jpg 683w, https:\/\/galerieresidenza.com\/wp-content\/uploads\/2025\/05\/diana-k-avatar-768x1152.jpg 768w, https:\/\/galerieresidenza.com\/wp-content\/uploads\/2025\/05\/diana-k-avatar-600x900.jpg 600w\" sizes=\"(max-width: 1024px) 100vw, 1024px\" \/>\t\t\t\t\t\t\t\t\t\t\t\t\t\t\t<\/div>\n\t\t\t\t<\/div>\n\t\t\t\t<\/div>\n\t\t<div class=\"elementor-element elementor-element-e607526 e-con-full e-flex e-con e-child\" data-id=\"e607526\" data-element_type=\"container\" data-e-type=\"container\">\n\t\t<div class=\"elementor-element elementor-element-8889fa3 e-con-full e-flex e-con e-child\" data-id=\"8889fa3\" data-element_type=\"container\" data-e-type=\"container\">\n\t\t\t\t<div class=\"elementor-element elementor-element-16eb4b0 elementor-widget elementor-widget-text-editor\" data-id=\"16eb4b0\" data-element_type=\"widget\" data-e-type=\"widget\" data-widget_type=\"text-editor.default\">\n\t\t\t\t<div class=\"elementor-widget-container\">\n\t\t\t\t\t\t\t\t\t<p>N\u00e9e dans les ann\u00e9es 80, vit et cr\u00e9e entre ombre et lumi\u00e8re.<\/p><p>Autodidacte passionn\u00e9e, Diana K. explore depuis plus de deux d\u00e9cennies les territoires sensibles de l\u2019\u00e2me \u00e0 travers l\u2019art digital. N\u00e9e dans les ann\u00e9es 80, elle d\u00e9veloppe tr\u00e8s t\u00f4t une relation visc\u00e9rale \u00e0 l\u2019image et \u00e0 l\u2019\u00e9motion, forgeant une \u0153uvre singuli\u00e8re o\u00f9 la douceur des formes contraste avec la densit\u00e9 des th\u00e8mes abord\u00e9s.<\/p><p>Ses tableaux, souvent nourris d\u2019instinct et de silence, racontent autant la joie brute que les douleurs muettes. Chaque cr\u00e9ation est une respiration visuelle, une tentative de capturer l\u2019instant fragile o\u00f9 la beaut\u00e9 dialogue avec la fragilit\u00e9.<\/p><p>Artiste engag\u00e9e et libre, Diana K. signe des s\u00e9ries poignantes comme Stolen Childhood, en \u00e9cho \u00e0 une \u00e9poque o\u00f9 l\u2019innocence se fracture trop t\u00f4t. Elle y m\u00eale technique num\u00e9rique et approche picturale, pour mieux brouiller les fronti\u00e8res entre le r\u00e9el et le ressenti.<\/p>\t\t\t\t\t\t\t\t<\/div>\n\t\t\t\t<\/div>\n\t\t\t\t<\/div>\n\t\t<div class=\"elementor-element elementor-element-75a72d9 e-con-full e-flex e-con e-child\" data-id=\"75a72d9\" data-element_type=\"container\" data-e-type=\"container\">\n\t\t\t\t<div class=\"elementor-element elementor-element-b8f8b91 elementor-align-center elementor-widget elementor-widget-button\" data-id=\"b8f8b91\" data-element_type=\"widget\" data-e-type=\"widget\" data-widget_type=\"button.default\">\n\t\t\t\t<div class=\"elementor-widget-container\">\n\t\t\t\t\t\t\t\t\t<div class=\"elementor-button-wrapper\">\n\t\t\t\t\t<a class=\"elementor-button elementor-button-link elementor-size-sm\" href=\"#\" target=\"_blank\">\n\t\t\t\t\t\t<span class=\"elementor-button-content-wrapper\">\n\t\t\t\t\t\t\t\t\t<span class=\"elementor-button-text\">MORE<\/span>\n\t\t\t\t\t<\/span>\n\t\t\t\t\t<\/a>\n\t\t\t\t<\/div>\n\t\t\t\t\t\t\t\t<\/div>\n\t\t\t\t<\/div>\n\t\t\t\t<\/div>\n\t\t\t\t<\/div>\n\t\t\t\t\t<\/div>\n\t\t\t\t<\/div>\n\t\t<div class=\"elementor-element elementor-element-3c3cb64 e-flex e-con-boxed e-con e-parent\" data-id=\"3c3cb64\" data-element_type=\"container\" data-e-type=\"container\">\n\t\t\t\t\t<div class=\"e-con-inner\">\n\t\t\t\t<div class=\"elementor-element elementor-element-618ce5b elementor-widget elementor-widget-text-editor\" data-id=\"618ce5b\" data-element_type=\"widget\" data-e-type=\"widget\" data-widget_type=\"text-editor.default\">\n\t\t\t\t<div class=\"elementor-widget-container\">\n\t\t\t\t\t\t\t\t\t<p><div class=\"woocommerce columns-3 \"><ul class=\"products columns-3\">\n<li class=\"product type-product post-750 status-publish first instock product_cat-digital has-post-thumbnail shipping-taxable purchasable product-type-simple\">\n\t<a href=\"https:\/\/galerieresidenza.com\/index.php\/produit\/diana-k-stolen-childhood-1\/\" class=\"woocommerce-LoopProduct-link woocommerce-loop-product__link\"><img decoding=\"async\" width=\"230\" height=\"350\" src=\"https:\/\/galerieresidenza.com\/wp-content\/uploads\/2025\/05\/diana-k-3-230x350.jpg\" class=\"attachment-woocommerce_thumbnail size-woocommerce_thumbnail\" alt=\"Facing the Silence\" srcset=\"https:\/\/galerieresidenza.com\/wp-content\/uploads\/2025\/05\/diana-k-3-230x350.jpg 230w, https:\/\/galerieresidenza.com\/wp-content\/uploads\/2025\/05\/diana-k-3-460x700.jpg 460w\" sizes=\"(max-width: 230px) 100vw, 230px\" \/><h2 class=\"woocommerce-loop-product__title\">Facing the Silence<\/h2>\n\t<span class=\"price\"><span class=\"woocommerce-Price-amount amount\"><bdi>250,00&nbsp;<span class=\"woocommerce-Price-currencySymbol\">&euro;<\/span><\/bdi><\/span><\/span>\n<\/a><a href=\"\/index.php\/wp-json\/wp\/v2\/pages\/735?add-to-cart=750\" aria-describedby=\"woocommerce_loop_add_to_cart_link_describedby_750\" data-quantity=\"1\" class=\"button product_type_simple add_to_cart_button ajax_add_to_cart\" data-product_id=\"750\" data-product_sku=\"\" aria-label=\"Ajouter au panier\u00a0: &ldquo;Facing the Silence&rdquo;\" rel=\"nofollow\" data-success_message=\"\u00ab\u00a0Facing the Silence\u00a0\u00bb a \u00e9t\u00e9 ajout\u00e9 \u00e0 votre panier\" role=\"button\">Ajouter au panier<\/a>\t<span id=\"woocommerce_loop_add_to_cart_link_describedby_750\" class=\"screen-reader-text\">\n\t\t\t<\/span>\n<\/li>\n<li class=\"product type-product post-751 status-publish instock product_cat-digital has-post-thumbnail shipping-taxable purchasable product-type-simple\">\n\t<a href=\"https:\/\/galerieresidenza.com\/index.php\/produit\/diana-k-pieces-of-us\/\" class=\"woocommerce-LoopProduct-link woocommerce-loop-product__link\"><img decoding=\"async\" width=\"230\" height=\"350\" src=\"https:\/\/galerieresidenza.com\/wp-content\/uploads\/2025\/05\/Pieces-of-Us-230x350.jpg\" class=\"attachment-woocommerce_thumbnail size-woocommerce_thumbnail\" alt=\"Pieces Of Us\" srcset=\"https:\/\/galerieresidenza.com\/wp-content\/uploads\/2025\/05\/Pieces-of-Us-230x350.jpg 230w, https:\/\/galerieresidenza.com\/wp-content\/uploads\/2025\/05\/Pieces-of-Us-460x700.jpg 460w\" sizes=\"(max-width: 230px) 100vw, 230px\" \/><h2 class=\"woocommerce-loop-product__title\">Pieces Of Us<\/h2>\n\t<span class=\"price\"><span class=\"woocommerce-Price-amount amount\"><bdi>250,00&nbsp;<span class=\"woocommerce-Price-currencySymbol\">&euro;<\/span><\/bdi><\/span><\/span>\n<\/a><a href=\"\/index.php\/wp-json\/wp\/v2\/pages\/735?add-to-cart=751\" aria-describedby=\"woocommerce_loop_add_to_cart_link_describedby_751\" data-quantity=\"1\" class=\"button product_type_simple add_to_cart_button ajax_add_to_cart\" data-product_id=\"751\" data-product_sku=\"\" aria-label=\"Ajouter au panier\u00a0: &ldquo;Pieces Of Us&rdquo;\" rel=\"nofollow\" data-success_message=\"\u00ab\u00a0Pieces Of Us\u00a0\u00bb a \u00e9t\u00e9 ajout\u00e9 \u00e0 votre panier\" role=\"button\">Ajouter au panier<\/a>\t<span id=\"woocommerce_loop_add_to_cart_link_describedby_751\" class=\"screen-reader-text\">\n\t\t\t<\/span>\n<\/li>\n<li class=\"product type-product post-752 status-publish last instock product_cat-digital has-post-thumbnail shipping-taxable purchasable product-type-simple\">\n\t<a href=\"https:\/\/galerieresidenza.com\/index.php\/produit\/diana-k-stolen-childhood-3\/\" class=\"woocommerce-LoopProduct-link woocommerce-loop-product__link\"><img loading=\"lazy\" decoding=\"async\" width=\"230\" height=\"350\" src=\"https:\/\/galerieresidenza.com\/wp-content\/uploads\/2025\/05\/diana-k-2-230x350.jpg\" class=\"attachment-woocommerce_thumbnail size-woocommerce_thumbnail\" alt=\"Veil of Grief\" srcset=\"https:\/\/galerieresidenza.com\/wp-content\/uploads\/2025\/05\/diana-k-2-230x350.jpg 230w, https:\/\/galerieresidenza.com\/wp-content\/uploads\/2025\/05\/diana-k-2-460x700.jpg 460w\" sizes=\"(max-width: 230px) 100vw, 230px\" \/><h2 class=\"woocommerce-loop-product__title\">Veil of Grief<\/h2>\n\t<span class=\"price\"><span class=\"woocommerce-Price-amount amount\"><bdi>250,00&nbsp;<span class=\"woocommerce-Price-currencySymbol\">&euro;<\/span><\/bdi><\/span><\/span>\n<\/a><a href=\"\/index.php\/wp-json\/wp\/v2\/pages\/735?add-to-cart=752\" aria-describedby=\"woocommerce_loop_add_to_cart_link_describedby_752\" data-quantity=\"1\" class=\"button product_type_simple add_to_cart_button ajax_add_to_cart\" data-product_id=\"752\" data-product_sku=\"\" aria-label=\"Ajouter au panier\u00a0: &ldquo;Veil of Grief&rdquo;\" rel=\"nofollow\" data-success_message=\"\u00ab\u00a0Veil of Grief\u00a0\u00bb a \u00e9t\u00e9 ajout\u00e9 \u00e0 votre panier\" role=\"button\">Ajouter au panier<\/a>\t<span id=\"woocommerce_loop_add_to_cart_link_describedby_752\" class=\"screen-reader-text\">\n\t\t\t<\/span>\n<\/li>\n<\/ul>\n<\/div><\/p>\t\t\t\t\t\t\t\t<\/div>\n\t\t\t\t<\/div>\n\t\t\t\t\t<\/div>\n\t\t\t\t<\/div>\n\t\t<div class=\"elementor-element elementor-element-d536bf0 e-flex e-con-boxed e-con e-parent\" data-id=\"d536bf0\" data-element_type=\"container\" data-e-type=\"container\">\n\t\t\t\t\t<div class=\"e-con-inner\">\n\t\t\t\t<div class=\"elementor-element elementor-element-03b39bc elementor-align-center elementor-widget elementor-widget-button\" data-id=\"03b39bc\" data-element_type=\"widget\" data-e-type=\"widget\" data-widget_type=\"button.default\">\n\t\t\t\t<div class=\"elementor-widget-container\">\n\t\t\t\t\t\t\t\t\t<div class=\"elementor-button-wrapper\">\n\t\t\t\t\t<a class=\"elementor-button elementor-button-link elementor-size-sm\" href=\"https:\/\/innovaartconceptstore.com\/index.php\/marque\/diana-k\/\">\n\t\t\t\t\t\t<span class=\"elementor-button-content-wrapper\">\n\t\t\t\t\t\t\t\t\t<span class=\"elementor-button-text\">TOUT DIANA K.<\/span>\n\t\t\t\t\t<\/span>\n\t\t\t\t\t<\/a>\n\t\t\t\t<\/div>\n\t\t\t\t\t\t\t\t<\/div>\n\t\t\t\t<\/div>\n\t\t\t\t\t<\/div>\n\t\t\t\t<\/div>\n\t\t<div class=\"elementor-element elementor-element-8afc73c e-flex e-con-boxed e-con e-parent\" data-id=\"8afc73c\" data-element_type=\"container\" data-e-type=\"container\">\n\t\t\t\t\t<div class=\"e-con-inner\">\n\t\t\t\t<div class=\"elementor-element elementor-element-4fbd768 elementor-widget elementor-widget-spacer\" data-id=\"4fbd768\" data-element_type=\"widget\" data-e-type=\"widget\" data-widget_type=\"spacer.default\">\n\t\t\t\t<div class=\"elementor-widget-container\">\n\t\t\t\t\t\t\t<div class=\"elementor-spacer\">\n\t\t\t<div class=\"elementor-spacer-inner\"><\/div>\n\t\t<\/div>\n\t\t\t\t\t\t<\/div>\n\t\t\t\t<\/div>\n\t\t\t\t\t<\/div>\n\t\t\t\t<\/div>\n\t\t<div class=\"elementor-element elementor-element-b41df2e e-flex e-con-boxed e-con e-parent\" data-id=\"b41df2e\" data-element_type=\"container\" data-e-type=\"container\">\n\t\t\t\t\t<div class=\"e-con-inner\">\n\t\t\t\t<div class=\"elementor-element elementor-element-ec57585 elementor-widget elementor-widget-wp-widget-foogallery_widget\" data-id=\"ec57585\" data-element_type=\"widget\" data-e-type=\"widget\" data-widget_type=\"wp-widget-foogallery_widget.default\">\n\t\t\t\t<div class=\"elementor-widget-container\">\n\t\t\t\t\t<style type=\"text\/css\">\n#foogallery-gallery-734.fg-masonry { --fg-gutter: 10px; }<\/style>\n\t\t\t<div class=\"foogallery foogallery-container foogallery-masonry foogallery-lightbox-foobox fg-center fg-masonry fg-ready fg-light fg-shadow-small fg-loading-default fg-loaded-fade-in fg-hover-fade fg-light-overlays fg-col3\" id=\"foogallery-gallery-734\" data-foogallery=\"{&quot;item&quot;:{&quot;showCaptionTitle&quot;:false,&quot;showCaptionDescription&quot;:false},&quot;lazy&quot;:true}\" style=\"--fg-title-line-clamp: 0; --fg-description-line-clamp: 0;\" >\n\t\t<div class=\"fg-column-width\"><\/div>\n\t<div class=\"fg-gutter-width\"><\/div>\n\t\t<div class=\"fg-item fg-type-image fg-idle\"><figure class=\"fg-item-inner\"><a href=\"https:\/\/galerieresidenza.com\/wp-content\/uploads\/2025\/05\/diana-k-6.jpg\" data-attachment-id=\"742\" data-type=\"image\" class=\"fg-thumb\"><span class=\"fg-image-wrap\"><img decoding=\"async\" width=\"450\" height=\"675\" class=\"skip-lazy fg-image\" data-src-fg=\"https:\/\/galerieresidenza.com\/wp-content\/uploads\/cache\/2025\/05\/diana-k-6\/18776396.jpg\" src=\"data:image\/svg+xml,%3Csvg%20xmlns%3D%22http%3A%2F%2Fwww.w3.org%2F2000%2Fsvg%22%20width%3D%22450%22%20height%3D%22675%22%20viewBox%3D%220%200%20450%20675%22%3E%3C%2Fsvg%3E\" loading=\"eager\"><\/span><span class=\"fg-image-overlay\"><\/span><\/a><\/figure><div class=\"fg-loader\"><\/div><\/div><div class=\"fg-item fg-type-image fg-idle\"><figure class=\"fg-item-inner\"><a href=\"https:\/\/galerieresidenza.com\/wp-content\/uploads\/2025\/05\/diana-k-5.jpg\" data-attachment-id=\"741\" data-type=\"image\" class=\"fg-thumb\"><span class=\"fg-image-wrap\"><img decoding=\"async\" width=\"450\" height=\"300\" class=\"skip-lazy fg-image\" data-src-fg=\"https:\/\/galerieresidenza.com\/wp-content\/uploads\/cache\/2025\/05\/diana-k-5\/3602944311.jpg\" src=\"data:image\/svg+xml,%3Csvg%20xmlns%3D%22http%3A%2F%2Fwww.w3.org%2F2000%2Fsvg%22%20width%3D%22450%22%20height%3D%22300%22%20viewBox%3D%220%200%20450%20300%22%3E%3C%2Fsvg%3E\" loading=\"eager\"><\/span><span class=\"fg-image-overlay\"><\/span><\/a><\/figure><div class=\"fg-loader\"><\/div><\/div><div class=\"fg-item fg-type-image fg-idle\"><figure class=\"fg-item-inner\"><a href=\"https:\/\/galerieresidenza.com\/wp-content\/uploads\/2025\/05\/diana-k-4.jpg\" data-attachment-id=\"739\" data-type=\"image\" class=\"fg-thumb\"><span class=\"fg-image-wrap\"><img decoding=\"async\" width=\"450\" height=\"675\" class=\"skip-lazy fg-image\" data-src-fg=\"https:\/\/galerieresidenza.com\/wp-content\/uploads\/cache\/2025\/05\/diana-k-4\/3181619915.jpg\" src=\"data:image\/svg+xml,%3Csvg%20xmlns%3D%22http%3A%2F%2Fwww.w3.org%2F2000%2Fsvg%22%20width%3D%22450%22%20height%3D%22675%22%20viewBox%3D%220%200%20450%20675%22%3E%3C%2Fsvg%3E\" loading=\"eager\"><\/span><span class=\"fg-image-overlay\"><\/span><\/a><\/figure><div class=\"fg-loader\"><\/div><\/div><div class=\"fg-item fg-type-image fg-idle\"><figure class=\"fg-item-inner\"><a href=\"https:\/\/galerieresidenza.com\/wp-content\/uploads\/2025\/05\/diana-k-3.jpg\" data-attachment-id=\"738\" data-type=\"image\" class=\"fg-thumb\"><span class=\"fg-image-wrap\"><img decoding=\"async\" alt=\"Facing the Silence\" width=\"450\" height=\"675\" class=\"skip-lazy fg-image\" data-src-fg=\"https:\/\/galerieresidenza.com\/wp-content\/uploads\/cache\/2025\/05\/diana-k-3\/2153140570.jpg\" src=\"data:image\/svg+xml,%3Csvg%20xmlns%3D%22http%3A%2F%2Fwww.w3.org%2F2000%2Fsvg%22%20width%3D%22450%22%20height%3D%22675%22%20viewBox%3D%220%200%20450%20675%22%3E%3C%2Fsvg%3E\" loading=\"eager\"><\/span><span class=\"fg-image-overlay\"><\/span><\/a><\/figure><div class=\"fg-loader\"><\/div><\/div><div class=\"fg-item fg-type-image fg-idle\"><figure class=\"fg-item-inner\"><a href=\"https:\/\/galerieresidenza.com\/wp-content\/uploads\/2025\/05\/diana-k-2.jpg\" data-attachment-id=\"737\" data-type=\"image\" class=\"fg-thumb\"><span class=\"fg-image-wrap\"><img decoding=\"async\" alt=\"Veil of Grief\" width=\"450\" height=\"675\" class=\"skip-lazy fg-image\" data-src-fg=\"https:\/\/galerieresidenza.com\/wp-content\/uploads\/cache\/2025\/05\/diana-k-2\/2878873213.jpg\" src=\"data:image\/svg+xml,%3Csvg%20xmlns%3D%22http%3A%2F%2Fwww.w3.org%2F2000%2Fsvg%22%20width%3D%22450%22%20height%3D%22675%22%20viewBox%3D%220%200%20450%20675%22%3E%3C%2Fsvg%3E\" loading=\"eager\"><\/span><span class=\"fg-image-overlay\"><\/span><\/a><\/figure><div class=\"fg-loader\"><\/div><\/div><div class=\"fg-item fg-type-image fg-idle\"><figure class=\"fg-item-inner\"><a href=\"https:\/\/galerieresidenza.com\/wp-content\/uploads\/2025\/05\/diana-k-1.jpg\" data-attachment-id=\"736\" data-type=\"image\" class=\"fg-thumb\"><span class=\"fg-image-wrap\"><img decoding=\"async\" alt=\"Curled in the Corner\" width=\"450\" height=\"450\" class=\"skip-lazy fg-image\" data-src-fg=\"https:\/\/galerieresidenza.com\/wp-content\/uploads\/cache\/2025\/05\/diana-k-1\/304605974.jpg\" src=\"data:image\/svg+xml,%3Csvg%20xmlns%3D%22http%3A%2F%2Fwww.w3.org%2F2000%2Fsvg%22%20width%3D%22450%22%20height%3D%22450%22%20viewBox%3D%220%200%20450%20450%22%3E%3C%2Fsvg%3E\" loading=\"eager\"><\/span><span class=\"fg-image-overlay\"><\/span><\/a><\/figure><div class=\"fg-loader\"><\/div><\/div><\/div>\t\t\t\t<\/div>\n\t\t\t\t<\/div>\n\t\t\t\t\t<\/div>\n\t\t\t\t<\/div>\n\t\t\t\t<\/div>\n\t\t","protected":false},"excerpt":{"rendered":"<p>Diana K. N\u00e9e dans les ann\u00e9es 80, vit et cr\u00e9e entre ombre et lumi\u00e8re. Autodidacte passionn\u00e9e, Diana K. explore depuis plus de deux d\u00e9cennies les territoires sensibles de l\u2019\u00e2me \u00e0 travers l\u2019art digital. N\u00e9e dans les ann\u00e9es 80, elle d\u00e9veloppe tr\u00e8s t\u00f4t une relation visc\u00e9rale \u00e0 l\u2019image et \u00e0 l\u2019\u00e9motion, [&hellip;]<\/p>\n","protected":false},"author":1,"featured_media":0,"parent":0,"menu_order":0,"comment_status":"closed","ping_status":"closed","template":"page-templates\/template-pagebuilder-full-width.php","meta":{"footnotes":""},"class_list":["post-735","page","type-page","status-publish","hentry"],"_links":{"self":[{"href":"https:\/\/galerieresidenza.com\/index.php\/wp-json\/wp\/v2\/pages\/735","targetHints":{"allow":["GET"]}}],"collection":[{"href":"https:\/\/galerieresidenza.com\/index.php\/wp-json\/wp\/v2\/pages"}],"about":[{"href":"https:\/\/galerieresidenza.com\/index.php\/wp-json\/wp\/v2\/types\/page"}],"author":[{"embeddable":true,"href":"https:\/\/galerieresidenza.com\/index.php\/wp-json\/wp\/v2\/users\/1"}],"replies":[{"embeddable":true,"href":"https:\/\/galerieresidenza.com\/index.php\/wp-json\/wp\/v2\/comments?post=735"}],"version-history":[{"count":12,"href":"https:\/\/galerieresidenza.com\/index.php\/wp-json\/wp\/v2\/pages\/735\/revisions"}],"predecessor-version":[{"id":1118,"href":"https:\/\/galerieresidenza.com\/index.php\/wp-json\/wp\/v2\/pages\/735\/revisions\/1118"}],"wp:attachment":[{"href":"https:\/\/galerieresidenza.com\/index.php\/wp-json\/wp\/v2\/media?parent=735"}],"curies":[{"name":"wp","href":"https:\/\/api.w.org\/{rel}","templated":true}]}}