{"id":943,"date":"2025-05-19T12:24:57","date_gmt":"2025-05-19T10:24:57","guid":{"rendered":"https:\/\/innovaartconceptstore.com\/?page_id=943"},"modified":"2025-10-06T19:38:21","modified_gmt":"2025-10-06T17:38:21","slug":"marcus-cederberg","status":"publish","type":"page","link":"https:\/\/galerieresidenza.com\/index.php\/marcus-cederberg\/","title":{"rendered":"Marcus Cederberg"},"content":{"rendered":"\t\t<div data-elementor-type=\"wp-page\" data-elementor-id=\"943\" class=\"elementor elementor-943\">\n\t\t\t\t<div class=\"elementor-element elementor-element-b7a4316 e-grid e-con-boxed e-con e-parent\" data-id=\"b7a4316\" data-element_type=\"container\" data-e-type=\"container\">\n\t\t\t\t\t<div class=\"e-con-inner\">\n\t\t\t\t<div class=\"elementor-element elementor-element-0d50b11 elementor-widget elementor-widget-heading\" data-id=\"0d50b11\" data-element_type=\"widget\" data-e-type=\"widget\" data-widget_type=\"heading.default\">\n\t\t\t\t<div class=\"elementor-widget-container\">\n\t\t\t\t\t<h2 class=\"elementor-heading-title elementor-size-default\">Marcus Cederberg<\/h2>\t\t\t\t<\/div>\n\t\t\t\t<\/div>\n\t\t\t\t\t<\/div>\n\t\t\t\t<\/div>\n\t\t<div class=\"elementor-element elementor-element-32aab4a e-flex e-con-boxed e-con e-parent\" data-id=\"32aab4a\" data-element_type=\"container\" data-e-type=\"container\">\n\t\t\t\t\t<div class=\"e-con-inner\">\n\t\t<div class=\"elementor-element elementor-element-6ec1ae5 e-con-full e-flex e-con e-child\" data-id=\"6ec1ae5\" data-element_type=\"container\" data-e-type=\"container\">\n\t\t\t\t<div class=\"elementor-element elementor-element-101eb3c elementor-widget elementor-widget-image\" data-id=\"101eb3c\" data-element_type=\"widget\" data-e-type=\"widget\" data-widget_type=\"image.default\">\n\t\t\t\t<div class=\"elementor-widget-container\">\n\t\t\t\t\t\t\t\t\t\t\t\t\t\t\t<img fetchpriority=\"high\" decoding=\"async\" width=\"1024\" height=\"1024\" src=\"https:\/\/galerieresidenza.com\/wp-content\/uploads\/2025\/05\/marcus-cederberg.jpg\" class=\"attachment-full size-full wp-image-944\" alt=\"Marcus Cederberg\" srcset=\"https:\/\/galerieresidenza.com\/wp-content\/uploads\/2025\/05\/marcus-cederberg.jpg 1024w, https:\/\/galerieresidenza.com\/wp-content\/uploads\/2025\/05\/marcus-cederberg-300x300.jpg 300w, https:\/\/galerieresidenza.com\/wp-content\/uploads\/2025\/05\/marcus-cederberg-150x150.jpg 150w, https:\/\/galerieresidenza.com\/wp-content\/uploads\/2025\/05\/marcus-cederberg-768x768.jpg 768w, https:\/\/galerieresidenza.com\/wp-content\/uploads\/2025\/05\/marcus-cederberg-600x600.jpg 600w, https:\/\/galerieresidenza.com\/wp-content\/uploads\/2025\/05\/marcus-cederberg-160x160.jpg 160w\" sizes=\"(max-width: 1024px) 100vw, 1024px\" \/>\t\t\t\t\t\t\t\t\t\t\t\t\t\t\t<\/div>\n\t\t\t\t<\/div>\n\t\t\t\t<\/div>\n\t\t<div class=\"elementor-element elementor-element-e607526 e-con-full e-flex e-con e-child\" data-id=\"e607526\" data-element_type=\"container\" data-e-type=\"container\">\n\t\t<div class=\"elementor-element elementor-element-8889fa3 e-con-full e-flex e-con e-child\" data-id=\"8889fa3\" data-element_type=\"container\" data-e-type=\"container\">\n\t\t\t\t<div class=\"elementor-element elementor-element-16eb4b0 elementor-widget elementor-widget-text-editor\" data-id=\"16eb4b0\" data-element_type=\"widget\" data-e-type=\"widget\" data-widget_type=\"text-editor.default\">\n\t\t\t\t<div class=\"elementor-widget-container\">\n\t\t\t\t\t\t\t\t\t<p>Tout a commenc\u00e9 en 2014 avec Instagram. J&rsquo;utilisais mon iPhone pour mes photos. J&rsquo;ai d\u00e9couvert que d&rsquo;autres personnes appr\u00e9ciaient aussi les motifs simples, \u00e9pur\u00e9s et minimalistes.<\/p><p>Le succ\u00e8s a \u00e9t\u00e9 imm\u00e9diat lorsque Instagram m&rsquo;a s\u00e9lectionn\u00e9 comme utilisateur sugg\u00e9r\u00e9 et mon fil d&rsquo;actualit\u00e9 a gagn\u00e9 des milliers d&rsquo;abonn\u00e9s en quelques semaines seulement. Aujourd&rsquo;hui, <a href=\"\u00ab\" https:=\"\" www=\"\" instagram=\"\" com=\"\" marcuscederberg=\"\">mon Instagram<\/a> est ma principale plateforme o\u00f9 j&rsquo;essaie d&rsquo;inspirer mes milliers d&rsquo;abonn\u00e9s en mati\u00e8re de photographie minimaliste.<\/p><p>Mes photos ont \u00e9t\u00e9 expos\u00e9es dans le monde entier, notamment \u00e0 New York, Los Angeles, Hong Kong, Berlin, Hyderabad, Tel Aviv, Copenhague et \u00d6rebro en Su\u00e8de. Je suis \u00e9galement repr\u00e9sent\u00e9 au <a href=\"https:\/\/www.fotografiska.com\/\" target=\"_blank\" rel=\"noopener noreferrer\">Mus\u00e9e su\u00e9dois de la photographie, Fotografiska<\/a>.<\/p>\t\t\t\t\t\t\t\t<\/div>\n\t\t\t\t<\/div>\n\t\t\t\t<\/div>\n\t\t<div class=\"elementor-element elementor-element-75a72d9 e-con-full e-flex e-con e-child\" data-id=\"75a72d9\" data-element_type=\"container\" data-e-type=\"container\">\n\t\t\t\t<div class=\"elementor-element elementor-element-b8f8b91 elementor-align-center elementor-widget elementor-widget-button\" data-id=\"b8f8b91\" data-element_type=\"widget\" data-e-type=\"widget\" data-widget_type=\"button.default\">\n\t\t\t\t<div class=\"elementor-widget-container\">\n\t\t\t\t\t\t\t\t\t<div class=\"elementor-button-wrapper\">\n\t\t\t\t\t<a class=\"elementor-button elementor-button-link elementor-size-sm\" href=\"https:\/\/minimalphotos.com\/\">\n\t\t\t\t\t\t<span class=\"elementor-button-content-wrapper\">\n\t\t\t\t\t\t\t\t\t<span class=\"elementor-button-text\">MORE<\/span>\n\t\t\t\t\t<\/span>\n\t\t\t\t\t<\/a>\n\t\t\t\t<\/div>\n\t\t\t\t\t\t\t\t<\/div>\n\t\t\t\t<\/div>\n\t\t\t\t<\/div>\n\t\t\t\t<\/div>\n\t\t\t\t\t<\/div>\n\t\t\t\t<\/div>\n\t\t<div class=\"elementor-element elementor-element-b41df2e e-flex e-con-boxed e-con e-parent\" data-id=\"b41df2e\" data-element_type=\"container\" data-e-type=\"container\">\n\t\t\t\t\t<div class=\"e-con-inner\">\n\t\t\t\t<div class=\"elementor-element elementor-element-7c64699 elementor-widget elementor-widget-text-editor\" data-id=\"7c64699\" data-element_type=\"widget\" data-e-type=\"widget\" data-widget_type=\"text-editor.default\">\n\t\t\t\t<div class=\"elementor-widget-container\">\n\t\t\t\t\t\t\t\t\t<p><div class=\"woocommerce columns-4 \"><ul class=\"products columns-4\">\n<li class=\"product type-product post-1168 status-publish first instock product_cat-photo has-post-thumbnail shipping-taxable purchasable product-type-simple\">\n\t<a href=\"https:\/\/galerieresidenza.com\/index.php\/produit\/greek-olive-tree-marcus-cederberg\/\" class=\"woocommerce-LoopProduct-link woocommerce-loop-product__link\"><img decoding=\"async\" width=\"230\" height=\"350\" src=\"https:\/\/galerieresidenza.com\/wp-content\/uploads\/2025\/05\/2228975_1_l-230x350.jpg\" class=\"attachment-woocommerce_thumbnail size-woocommerce_thumbnail\" alt=\"Greek olive tree\" srcset=\"https:\/\/galerieresidenza.com\/wp-content\/uploads\/2025\/05\/2228975_1_l-230x350.jpg 230w, https:\/\/galerieresidenza.com\/wp-content\/uploads\/2025\/05\/2228975_1_l-460x700.jpg 460w\" sizes=\"(max-width: 230px) 100vw, 230px\" \/><h2 class=\"woocommerce-loop-product__title\">Greek olive tree<\/h2>\n\t<span class=\"price\"><span class=\"woocommerce-Price-amount amount\"><bdi>450,00&nbsp;<span class=\"woocommerce-Price-currencySymbol\">&euro;<\/span><\/bdi><\/span><\/span>\n<\/a><a href=\"\/index.php\/wp-json\/wp\/v2\/pages\/943?add-to-cart=1168\" aria-describedby=\"woocommerce_loop_add_to_cart_link_describedby_1168\" data-quantity=\"1\" class=\"button product_type_simple add_to_cart_button ajax_add_to_cart\" data-product_id=\"1168\" data-product_sku=\"\" aria-label=\"Ajouter au panier\u00a0: &ldquo;Greek olive tree&rdquo;\" rel=\"nofollow\" data-success_message=\"\u00ab\u00a0Greek olive tree\u00a0\u00bb a \u00e9t\u00e9 ajout\u00e9 \u00e0 votre panier\" role=\"button\">Ajouter au panier<\/a>\t<span id=\"woocommerce_loop_add_to_cart_link_describedby_1168\" class=\"screen-reader-text\">\n\t\t\t<\/span>\n<\/li>\n<li class=\"product type-product post-1170 status-publish instock product_cat-photo has-post-thumbnail featured shipping-taxable purchasable product-type-simple\">\n\t<a href=\"https:\/\/galerieresidenza.com\/index.php\/produit\/hotel-by-the-lake-cederberg\/\" class=\"woocommerce-LoopProduct-link woocommerce-loop-product__link\"><img decoding=\"async\" width=\"230\" height=\"350\" src=\"https:\/\/galerieresidenza.com\/wp-content\/uploads\/2025\/10\/2228968_1_l-230x350.jpg\" class=\"attachment-woocommerce_thumbnail size-woocommerce_thumbnail\" alt=\"Hotel by the lake\" srcset=\"https:\/\/galerieresidenza.com\/wp-content\/uploads\/2025\/10\/2228968_1_l-230x350.jpg 230w, https:\/\/galerieresidenza.com\/wp-content\/uploads\/2025\/10\/2228968_1_l-460x700.jpg 460w\" sizes=\"(max-width: 230px) 100vw, 230px\" \/><h2 class=\"woocommerce-loop-product__title\">Hotel by the lake<\/h2>\n\t<span class=\"price\"><span class=\"woocommerce-Price-amount amount\"><bdi>450,00&nbsp;<span class=\"woocommerce-Price-currencySymbol\">&euro;<\/span><\/bdi><\/span><\/span>\n<\/a><a href=\"\/index.php\/wp-json\/wp\/v2\/pages\/943?add-to-cart=1170\" aria-describedby=\"woocommerce_loop_add_to_cart_link_describedby_1170\" data-quantity=\"1\" class=\"button product_type_simple add_to_cart_button ajax_add_to_cart\" data-product_id=\"1170\" data-product_sku=\"\" aria-label=\"Ajouter au panier\u00a0: &ldquo;Hotel by the lake&rdquo;\" rel=\"nofollow\" data-success_message=\"\u00ab\u00a0Hotel by the lake\u00a0\u00bb a \u00e9t\u00e9 ajout\u00e9 \u00e0 votre panier\" role=\"button\">Ajouter au panier<\/a>\t<span id=\"woocommerce_loop_add_to_cart_link_describedby_1170\" class=\"screen-reader-text\">\n\t\t\t<\/span>\n<\/li>\n<li class=\"product type-product post-1166 status-publish instock product_cat-photo has-post-thumbnail shipping-taxable purchasable product-type-simple\">\n\t<a href=\"https:\/\/galerieresidenza.com\/index.php\/produit\/laundry-time-marcus-cederbergs\/\" class=\"woocommerce-LoopProduct-link woocommerce-loop-product__link\"><img loading=\"lazy\" decoding=\"async\" width=\"230\" height=\"350\" src=\"https:\/\/galerieresidenza.com\/wp-content\/uploads\/2025\/04\/2348348_1_l-230x350.jpg\" class=\"attachment-woocommerce_thumbnail size-woocommerce_thumbnail\" alt=\"Laundry time\" srcset=\"https:\/\/galerieresidenza.com\/wp-content\/uploads\/2025\/04\/2348348_1_l-230x350.jpg 230w, https:\/\/galerieresidenza.com\/wp-content\/uploads\/2025\/04\/2348348_1_l-460x700.jpg 460w\" sizes=\"(max-width: 230px) 100vw, 230px\" \/><h2 class=\"woocommerce-loop-product__title\">Laundry time<\/h2>\n\t<span class=\"price\"><span class=\"woocommerce-Price-amount amount\"><bdi>450,00&nbsp;<span class=\"woocommerce-Price-currencySymbol\">&euro;<\/span><\/bdi><\/span><\/span>\n<\/a><a href=\"\/index.php\/wp-json\/wp\/v2\/pages\/943?add-to-cart=1166\" aria-describedby=\"woocommerce_loop_add_to_cart_link_describedby_1166\" data-quantity=\"1\" class=\"button product_type_simple add_to_cart_button ajax_add_to_cart\" data-product_id=\"1166\" data-product_sku=\"\" aria-label=\"Ajouter au panier\u00a0: &ldquo;Laundry time&rdquo;\" rel=\"nofollow\" data-success_message=\"\u00ab\u00a0Laundry time\u00a0\u00bb a \u00e9t\u00e9 ajout\u00e9 \u00e0 votre panier\" role=\"button\">Ajouter au panier<\/a>\t<span id=\"woocommerce_loop_add_to_cart_link_describedby_1166\" class=\"screen-reader-text\">\n\t\t\t<\/span>\n<\/li>\n<li class=\"product type-product post-1174 status-publish last instock product_cat-photo has-post-thumbnail shipping-taxable purchasable product-type-simple\">\n\t<a href=\"https:\/\/galerieresidenza.com\/index.php\/produit\/lisboa-walking-marcus-cederberg\/\" class=\"woocommerce-LoopProduct-link woocommerce-loop-product__link\"><img loading=\"lazy\" decoding=\"async\" width=\"230\" height=\"350\" src=\"https:\/\/galerieresidenza.com\/wp-content\/uploads\/2025\/04\/2264307_1_l-230x350.jpg\" class=\"attachment-woocommerce_thumbnail size-woocommerce_thumbnail\" alt=\"Lisboa walking\" srcset=\"https:\/\/galerieresidenza.com\/wp-content\/uploads\/2025\/04\/2264307_1_l-230x350.jpg 230w, https:\/\/galerieresidenza.com\/wp-content\/uploads\/2025\/04\/2264307_1_l-460x700.jpg 460w\" sizes=\"(max-width: 230px) 100vw, 230px\" \/><h2 class=\"woocommerce-loop-product__title\">Lisboa walking<\/h2>\n\t<span class=\"price\"><span class=\"woocommerce-Price-amount amount\"><bdi>450,00&nbsp;<span class=\"woocommerce-Price-currencySymbol\">&euro;<\/span><\/bdi><\/span><\/span>\n<\/a><a href=\"\/index.php\/wp-json\/wp\/v2\/pages\/943?add-to-cart=1174\" aria-describedby=\"woocommerce_loop_add_to_cart_link_describedby_1174\" data-quantity=\"1\" class=\"button product_type_simple add_to_cart_button ajax_add_to_cart\" data-product_id=\"1174\" data-product_sku=\"\" aria-label=\"Ajouter au panier\u00a0: &ldquo;Lisboa walking&rdquo;\" rel=\"nofollow\" data-success_message=\"\u00ab\u00a0Lisboa walking\u00a0\u00bb a \u00e9t\u00e9 ajout\u00e9 \u00e0 votre panier\" role=\"button\">Ajouter au panier<\/a>\t<span id=\"woocommerce_loop_add_to_cart_link_describedby_1174\" class=\"screen-reader-text\">\n\t\t\t<\/span>\n<\/li>\n<li class=\"product type-product post-1172 status-publish first instock product_cat-photo has-post-thumbnail shipping-taxable purchasable product-type-simple\">\n\t<a href=\"https:\/\/galerieresidenza.com\/index.php\/produit\/ocean-view-marcus-cederberg\/\" class=\"woocommerce-LoopProduct-link woocommerce-loop-product__link\"><img loading=\"lazy\" decoding=\"async\" width=\"230\" height=\"350\" src=\"https:\/\/galerieresidenza.com\/wp-content\/uploads\/2025\/04\/2228690_1_l-230x350.jpg\" class=\"attachment-woocommerce_thumbnail size-woocommerce_thumbnail\" alt=\"Ocean view\" srcset=\"https:\/\/galerieresidenza.com\/wp-content\/uploads\/2025\/04\/2228690_1_l-230x350.jpg 230w, https:\/\/galerieresidenza.com\/wp-content\/uploads\/2025\/04\/2228690_1_l-460x700.jpg 460w\" sizes=\"(max-width: 230px) 100vw, 230px\" \/><h2 class=\"woocommerce-loop-product__title\">Ocean view<\/h2>\n\t<span class=\"price\"><span class=\"woocommerce-Price-amount amount\"><bdi>450,00&nbsp;<span class=\"woocommerce-Price-currencySymbol\">&euro;<\/span><\/bdi><\/span><\/span>\n<\/a><a href=\"\/index.php\/wp-json\/wp\/v2\/pages\/943?add-to-cart=1172\" aria-describedby=\"woocommerce_loop_add_to_cart_link_describedby_1172\" data-quantity=\"1\" class=\"button product_type_simple add_to_cart_button ajax_add_to_cart\" data-product_id=\"1172\" data-product_sku=\"\" aria-label=\"Ajouter au panier\u00a0: &ldquo;Ocean view&rdquo;\" rel=\"nofollow\" data-success_message=\"\u00ab\u00a0Ocean view\u00a0\u00bb a \u00e9t\u00e9 ajout\u00e9 \u00e0 votre panier\" role=\"button\">Ajouter au panier<\/a>\t<span id=\"woocommerce_loop_add_to_cart_link_describedby_1172\" class=\"screen-reader-text\">\n\t\t\t<\/span>\n<\/li>\n<\/ul>\n<\/div><\/p>\t\t\t\t\t\t\t\t<\/div>\n\t\t\t\t<\/div>\n\t\t\t\t\t<\/div>\n\t\t\t\t<\/div>\n\t\t\t\t<\/div>\n\t\t","protected":false},"excerpt":{"rendered":"<p>Marcus Cederberg Tout a commenc\u00e9 en 2014 avec Instagram. J&rsquo;utilisais mon iPhone pour mes photos. J&rsquo;ai d\u00e9couvert que d&rsquo;autres personnes appr\u00e9ciaient aussi les motifs simples, \u00e9pur\u00e9s et minimalistes. Le succ\u00e8s a \u00e9t\u00e9 imm\u00e9diat lorsque Instagram m&rsquo;a s\u00e9lectionn\u00e9 comme utilisateur sugg\u00e9r\u00e9 et mon fil d&rsquo;actualit\u00e9 a gagn\u00e9 des milliers d&rsquo;abonn\u00e9s en [&hellip;]<\/p>\n","protected":false},"author":1,"featured_media":384,"parent":0,"menu_order":0,"comment_status":"closed","ping_status":"closed","template":"page-templates\/template-pagebuilder-full-width.php","meta":{"footnotes":""},"class_list":["post-943","page","type-page","status-publish","has-post-thumbnail","hentry"],"_links":{"self":[{"href":"https:\/\/galerieresidenza.com\/index.php\/wp-json\/wp\/v2\/pages\/943","targetHints":{"allow":["GET"]}}],"collection":[{"href":"https:\/\/galerieresidenza.com\/index.php\/wp-json\/wp\/v2\/pages"}],"about":[{"href":"https:\/\/galerieresidenza.com\/index.php\/wp-json\/wp\/v2\/types\/page"}],"author":[{"embeddable":true,"href":"https:\/\/galerieresidenza.com\/index.php\/wp-json\/wp\/v2\/users\/1"}],"replies":[{"embeddable":true,"href":"https:\/\/galerieresidenza.com\/index.php\/wp-json\/wp\/v2\/comments?post=943"}],"version-history":[{"count":12,"href":"https:\/\/galerieresidenza.com\/index.php\/wp-json\/wp\/v2\/pages\/943\/revisions"}],"predecessor-version":[{"id":1180,"href":"https:\/\/galerieresidenza.com\/index.php\/wp-json\/wp\/v2\/pages\/943\/revisions\/1180"}],"wp:featuredmedia":[{"embeddable":true,"href":"https:\/\/galerieresidenza.com\/index.php\/wp-json\/wp\/v2\/media\/384"}],"wp:attachment":[{"href":"https:\/\/galerieresidenza.com\/index.php\/wp-json\/wp\/v2\/media?parent=943"}],"curies":[{"name":"wp","href":"https:\/\/api.w.org\/{rel}","templated":true}]}}