{"id":1172,"date":"2025-04-06T18:38:00","date_gmt":"2025-04-06T16:38:00","guid":{"rendered":"https:\/\/innovaartconceptstore.com\/?post_type=product&#038;p=1172"},"modified":"2025-11-20T20:07:40","modified_gmt":"2025-11-20T19:07:40","slug":"ocean-view-marcus-cederberg","status":"publish","type":"product","link":"https:\/\/galerieresidenza.com\/index.php\/produit\/ocean-view-marcus-cederberg\/","title":{"rendered":"Ocean view"},"content":{"rendered":"<p>\u00ab\u00a0Allez l\u00e0 o\u00f9 le wi-fi est faible et le rhum est fort\u00a0\u00bb&#8230;<\/p>\n<p>J&rsquo;ai captur\u00e9 une vue tranquille sur l&rsquo;oc\u00e9an encadr\u00e9e par une fen\u00eatre ouverte. Le contraste entre l&rsquo;\u00e9treinte sombre de la pi\u00e8ce et la mer lumineuse au-del\u00e0 tisse un r\u00e9cit d&rsquo;\u00e9vasion et de s\u00e9r\u00e9nit\u00e9. C&rsquo;est un appel silencieux \u00e0 un monde de calme, vous invitant \u00e0 laisser le bleu frais impr\u00e9gner votre espace d&rsquo;une bouff\u00e9e d&rsquo;air frais et d&rsquo;un sentiment de possibilit\u00e9s illimit\u00e9es.<\/p>\n<p>Celle-ci est prise par une chaude matin\u00e9e d&rsquo;\u00e9t\u00e9 depuis l&rsquo;int\u00e9rieur d&rsquo;un ancien phare transform\u00e9 en h\u00f4tel dans le nord de la Su\u00e8de.<\/p>\n<p>Photographie : C-print<br \/>\n70 x 50 x 0.1 cm<\/p>\n<p>S\u00e9rie limit\u00e9e &#8211; \u0152uvre sign\u00e9e<\/p>\n<p>Vendue avec certificat d&rsquo;authenticit\u00e9 de l&rsquo;artiste<\/p>\n<p>Photographie sur Papier fine art<\/p>\n<p>Non encadr\u00e9e<\/p>\n","protected":false},"excerpt":{"rendered":"<p>Photographie<\/p>\n","protected":false},"featured_media":1457,"template":"","meta":[],"product_brand":[46],"product_cat":[33],"product_tag":[],"class_list":{"0":"post-1172","1":"product","2":"type-product","3":"status-publish","4":"has-post-thumbnail","6":"product_brand-marcus-cederbergs","7":"product_cat-photo","9":"first","10":"instock","11":"shipping-taxable","12":"purchasable","13":"product-type-simple"},"_links":{"self":[{"href":"https:\/\/galerieresidenza.com\/index.php\/wp-json\/wp\/v2\/product\/1172","targetHints":{"allow":["GET"]}}],"collection":[{"href":"https:\/\/galerieresidenza.com\/index.php\/wp-json\/wp\/v2\/product"}],"about":[{"href":"https:\/\/galerieresidenza.com\/index.php\/wp-json\/wp\/v2\/types\/product"}],"wp:featuredmedia":[{"embeddable":true,"href":"https:\/\/galerieresidenza.com\/index.php\/wp-json\/wp\/v2\/media\/1457"}],"wp:attachment":[{"href":"https:\/\/galerieresidenza.com\/index.php\/wp-json\/wp\/v2\/media?parent=1172"}],"wp:term":[{"taxonomy":"product_brand","embeddable":true,"href":"https:\/\/galerieresidenza.com\/index.php\/wp-json\/wp\/v2\/product_brand?post=1172"},{"taxonomy":"product_cat","embeddable":true,"href":"https:\/\/galerieresidenza.com\/index.php\/wp-json\/wp\/v2\/product_cat?post=1172"},{"taxonomy":"product_tag","embeddable":true,"href":"https:\/\/galerieresidenza.com\/index.php\/wp-json\/wp\/v2\/product_tag?post=1172"}],"curies":[{"name":"wp","href":"https:\/\/api.w.org\/{rel}","templated":true}]}}