{"id":1174,"date":"2025-04-06T18:39:12","date_gmt":"2025-04-06T16:39:12","guid":{"rendered":"https:\/\/innovaartconceptstore.com\/?post_type=product&#038;p=1174"},"modified":"2025-11-20T20:06:02","modified_gmt":"2025-11-20T19:06:02","slug":"lisboa-walking-marcus-cederberg","status":"publish","type":"product","link":"https:\/\/galerieresidenza.com\/index.php\/produit\/lisboa-walking-marcus-cederberg\/","title":{"rendered":"Lisboa walking"},"content":{"rendered":"<p>Cette \u0153uvre est un remarquable exemple de photographie urbaine minimaliste.<\/p>\n<p>Le choix d\u2019une couleur vive et satur\u00e9e contrastant avec la simplicit\u00e9 de la composition assure que la pi\u00e8ce reste captivante et suscite la r\u00e9flexion.<\/p>\n<p>Photographi\u00e9e \u00e0 Lisbonne, Portugal.<\/p>\n<p>Photographie : C-print<\/p>\n<p>70 x 50 x 0.1 cm<\/p>\n<p>S\u00e9rie limit\u00e9e &#8211; \u0152uvre sign\u00e9e<\/p>\n<p>Vendue avec certificat d&rsquo;authenticit\u00e9 de l&rsquo;artiste<\/p>\n<p>Photographie sur Papier fine art<\/p>\n<p>Non encadr\u00e9e<\/p>\n","protected":false},"excerpt":{"rendered":"<p>Photographie<\/p>\n","protected":false},"featured_media":1456,"template":"","meta":[],"product_brand":[46],"product_cat":[33],"product_tag":[],"class_list":{"0":"post-1174","1":"product","2":"type-product","3":"status-publish","4":"has-post-thumbnail","6":"product_brand-marcus-cederbergs","7":"product_cat-photo","9":"first","10":"instock","11":"shipping-taxable","12":"purchasable","13":"product-type-simple"},"_links":{"self":[{"href":"https:\/\/galerieresidenza.com\/index.php\/wp-json\/wp\/v2\/product\/1174","targetHints":{"allow":["GET"]}}],"collection":[{"href":"https:\/\/galerieresidenza.com\/index.php\/wp-json\/wp\/v2\/product"}],"about":[{"href":"https:\/\/galerieresidenza.com\/index.php\/wp-json\/wp\/v2\/types\/product"}],"wp:featuredmedia":[{"embeddable":true,"href":"https:\/\/galerieresidenza.com\/index.php\/wp-json\/wp\/v2\/media\/1456"}],"wp:attachment":[{"href":"https:\/\/galerieresidenza.com\/index.php\/wp-json\/wp\/v2\/media?parent=1174"}],"wp:term":[{"taxonomy":"product_brand","embeddable":true,"href":"https:\/\/galerieresidenza.com\/index.php\/wp-json\/wp\/v2\/product_brand?post=1174"},{"taxonomy":"product_cat","embeddable":true,"href":"https:\/\/galerieresidenza.com\/index.php\/wp-json\/wp\/v2\/product_cat?post=1174"},{"taxonomy":"product_tag","embeddable":true,"href":"https:\/\/galerieresidenza.com\/index.php\/wp-json\/wp\/v2\/product_tag?post=1174"}],"curies":[{"name":"wp","href":"https:\/\/api.w.org\/{rel}","templated":true}]}}