{"id":1246,"date":"2025-10-22T12:45:19","date_gmt":"2025-10-22T10:45:19","guid":{"rendered":"https:\/\/innovaartconceptstore.com\/?post_type=product&#038;p=1246"},"modified":"2025-11-10T19:59:54","modified_gmt":"2025-11-10T18:59:54","slug":"skate-stelesang-hugo-w2cj","status":"publish","type":"product","link":"https:\/\/galerieresidenza.com\/index.php\/produit\/skate-stelesang-hugo-w2cj\/","title":{"rendered":"Skate \u00ab STELESANG \u00bb N*28"},"content":{"rendered":"<p>Skate \u00ab STELESANG \u00bb N*28<\/p>\n<p>&#8211; Planche de skate customis\u00e9es<br \/>\n&#8211; \u0152uvre unique peintes \u00e0 la main a\u00e9rosol et acrylique , vernis carrosserie<br \/>\n&#8211; H 45 x L 22 cm<br \/>\n&#8211; 2025<\/p>\n","protected":false},"excerpt":{"rendered":"<p>Skate \u00ab STELESANG \u00bb N*28<\/p>\n","protected":false},"featured_media":1248,"template":"","meta":[],"product_brand":[48],"product_cat":[31,34],"product_tag":[],"class_list":{"0":"post-1246","1":"product","2":"type-product","3":"status-publish","4":"has-post-thumbnail","6":"product_brand-hugo-w2cj","7":"product_cat-sculpture","8":"product_cat-street-art","10":"first","11":"instock","12":"shipping-taxable","13":"purchasable","14":"product-type-simple"},"_links":{"self":[{"href":"https:\/\/galerieresidenza.com\/index.php\/wp-json\/wp\/v2\/product\/1246","targetHints":{"allow":["GET"]}}],"collection":[{"href":"https:\/\/galerieresidenza.com\/index.php\/wp-json\/wp\/v2\/product"}],"about":[{"href":"https:\/\/galerieresidenza.com\/index.php\/wp-json\/wp\/v2\/types\/product"}],"wp:featuredmedia":[{"embeddable":true,"href":"https:\/\/galerieresidenza.com\/index.php\/wp-json\/wp\/v2\/media\/1248"}],"wp:attachment":[{"href":"https:\/\/galerieresidenza.com\/index.php\/wp-json\/wp\/v2\/media?parent=1246"}],"wp:term":[{"taxonomy":"product_brand","embeddable":true,"href":"https:\/\/galerieresidenza.com\/index.php\/wp-json\/wp\/v2\/product_brand?post=1246"},{"taxonomy":"product_cat","embeddable":true,"href":"https:\/\/galerieresidenza.com\/index.php\/wp-json\/wp\/v2\/product_cat?post=1246"},{"taxonomy":"product_tag","embeddable":true,"href":"https:\/\/galerieresidenza.com\/index.php\/wp-json\/wp\/v2\/product_tag?post=1246"}],"curies":[{"name":"wp","href":"https:\/\/api.w.org\/{rel}","templated":true}]}}