{"id":1251,"date":"2025-03-22T15:28:52","date_gmt":"2025-03-22T14:28:52","guid":{"rendered":"https:\/\/innovaartconceptstore.com\/?post_type=product&#038;p=1251"},"modified":"2025-11-10T20:00:15","modified_gmt":"2025-11-10T19:00:15","slug":"roger-le-flamand-rose-1-hugo-w2cj","status":"publish","type":"product","link":"https:\/\/galerieresidenza.com\/index.php\/produit\/roger-le-flamand-rose-1-hugo-w2cj\/","title":{"rendered":"Roger le Flamant rose n*1"},"content":{"rendered":"<p>Sculpture Roger le Flamant rose n*1<\/p>\n<p>&#8211; Noir Brillant<br \/>\n&#8211; S\u00e9rie limit\u00e9e 30 exemplaires<br \/>\n&#8211; \u0152uvre unique en r\u00e9sine , peinte \u00e0 la main , vernis carrosserie<br \/>\n&#8211; H 36 x L 26 x l 12 cm<br \/>\n&#8211; 2025<\/p>\n","protected":false},"excerpt":{"rendered":"<p>Sculpture Roger le Flamant rose n*1<\/p>\n","protected":false},"featured_media":1252,"template":"","meta":[],"product_brand":[48],"product_cat":[31,34],"product_tag":[],"class_list":{"0":"post-1251","1":"product","2":"type-product","3":"status-publish","4":"has-post-thumbnail","6":"product_brand-hugo-w2cj","7":"product_cat-sculpture","8":"product_cat-street-art","10":"first","11":"instock","12":"shipping-taxable","13":"purchasable","14":"product-type-simple"},"_links":{"self":[{"href":"https:\/\/galerieresidenza.com\/index.php\/wp-json\/wp\/v2\/product\/1251","targetHints":{"allow":["GET"]}}],"collection":[{"href":"https:\/\/galerieresidenza.com\/index.php\/wp-json\/wp\/v2\/product"}],"about":[{"href":"https:\/\/galerieresidenza.com\/index.php\/wp-json\/wp\/v2\/types\/product"}],"wp:featuredmedia":[{"embeddable":true,"href":"https:\/\/galerieresidenza.com\/index.php\/wp-json\/wp\/v2\/media\/1252"}],"wp:attachment":[{"href":"https:\/\/galerieresidenza.com\/index.php\/wp-json\/wp\/v2\/media?parent=1251"}],"wp:term":[{"taxonomy":"product_brand","embeddable":true,"href":"https:\/\/galerieresidenza.com\/index.php\/wp-json\/wp\/v2\/product_brand?post=1251"},{"taxonomy":"product_cat","embeddable":true,"href":"https:\/\/galerieresidenza.com\/index.php\/wp-json\/wp\/v2\/product_cat?post=1251"},{"taxonomy":"product_tag","embeddable":true,"href":"https:\/\/galerieresidenza.com\/index.php\/wp-json\/wp\/v2\/product_tag?post=1251"}],"curies":[{"name":"wp","href":"https:\/\/api.w.org\/{rel}","templated":true}]}}