{"id":1276,"date":"2025-03-30T15:20:40","date_gmt":"2025-03-30T13:20:40","guid":{"rendered":"https:\/\/innovaartconceptstore.com\/?post_type=product&#038;p=1276"},"modified":"2025-10-30T15:22:03","modified_gmt":"2025-10-30T14:22:03","slug":"citadelle-aurel","status":"publish","type":"product","link":"https:\/\/galerieresidenza.com\/index.php\/produit\/citadelle-aurel\/","title":{"rendered":"Citadelle"},"content":{"rendered":"<p>Photographie noir et blanc &#8211; 60 x 60 cm<\/p>\n<p>Tirage original<\/p>\n<hr \/>\n<p>Son regard capte l\u2019essentiel \u2014 la lumi\u00e8re, la solitude, le mouvement.<br \/>\n\u00c0 travers ses photographies en noir et blanc, Aurel joue avec les lignes, les ombres et les perspectives comme un po\u00e8te de l\u2019espace.<br \/>\nChaque clich\u00e9 devient un voyage int\u00e9rieur, entre architecture et humanit\u00e9, o\u00f9 le silence en dit long.<\/p>\n","protected":false},"excerpt":{"rendered":"<p>Photographie<\/p>\n","protected":false},"featured_media":1277,"template":"","meta":[],"product_brand":[49],"product_cat":[33],"product_tag":[],"class_list":{"0":"post-1276","1":"product","2":"type-product","3":"status-publish","4":"has-post-thumbnail","6":"product_brand-aurel","7":"product_cat-photo","9":"first","10":"instock","11":"shipping-taxable","12":"purchasable","13":"product-type-simple"},"_links":{"self":[{"href":"https:\/\/galerieresidenza.com\/index.php\/wp-json\/wp\/v2\/product\/1276","targetHints":{"allow":["GET"]}}],"collection":[{"href":"https:\/\/galerieresidenza.com\/index.php\/wp-json\/wp\/v2\/product"}],"about":[{"href":"https:\/\/galerieresidenza.com\/index.php\/wp-json\/wp\/v2\/types\/product"}],"wp:featuredmedia":[{"embeddable":true,"href":"https:\/\/galerieresidenza.com\/index.php\/wp-json\/wp\/v2\/media\/1277"}],"wp:attachment":[{"href":"https:\/\/galerieresidenza.com\/index.php\/wp-json\/wp\/v2\/media?parent=1276"}],"wp:term":[{"taxonomy":"product_brand","embeddable":true,"href":"https:\/\/galerieresidenza.com\/index.php\/wp-json\/wp\/v2\/product_brand?post=1276"},{"taxonomy":"product_cat","embeddable":true,"href":"https:\/\/galerieresidenza.com\/index.php\/wp-json\/wp\/v2\/product_cat?post=1276"},{"taxonomy":"product_tag","embeddable":true,"href":"https:\/\/galerieresidenza.com\/index.php\/wp-json\/wp\/v2\/product_tag?post=1276"}],"curies":[{"name":"wp","href":"https:\/\/api.w.org\/{rel}","templated":true}]}}