{"id":1287,"date":"2025-05-10T16:19:44","date_gmt":"2025-05-10T14:19:44","guid":{"rendered":"https:\/\/innovaartconceptstore.com\/?post_type=product&#038;p=1287"},"modified":"2025-11-10T19:24:28","modified_gmt":"2025-11-10T18:24:28","slug":"gregos-masque-bleu","status":"publish","type":"product","link":"https:\/\/galerieresidenza.com\/index.php\/produit\/gregos-masque-bleu\/","title":{"rendered":"Masque Bleu"},"content":{"rendered":"<p>\u0152uvre unique &#8211; 2024<\/p>\n<p>Techniques : r\u00e9sine et acrylique sur support bois.<\/p>\n<p>Dimension : 30 cm x 30 cm<\/p>\n<hr 70=\"\" \/>\n<p>Gr\u00e9gos \u2013 L\u2019homme aux visages color\u00e9s<\/p>\n<p>Artiste de rue fran\u00e7ais reconnu, Gr\u00e9gos est avant tout un sculpteur d\u2019\u00e9motions. N\u00e9 \u00e0 Paris, il d\u00e9bute dans les ann\u00e9es 90 avant de se faire conna\u00eetre gr\u00e2ce \u00e0 ses visages moul\u00e9s qu\u2019il appose sur les murs du monde entier \u2014 de Montmartre \u00e0 New York, de Lisbonne \u00e0 Tokyo.<\/p>\n<p>Chacun de ses masques expressifs est un autoportrait, une r\u00e9flexion sur l\u2019identit\u00e9, la libert\u00e9 et la singularit\u00e9. Sculpt\u00e9s, peints et r\u00e9interpr\u00e9t\u00e9s selon l\u2019humeur ou l\u2019inspiration, ils deviennent des ic\u00f4nes urbaines : tant\u00f4t espi\u00e8gles, tant\u00f4t po\u00e9tiques, mais toujours profond\u00e9ment humains.<\/p>\n<p>Chez Galerie R\u00e9sidenza, Gr\u00e9gos pr\u00e9sente une s\u00e9lection exclusive de masques color\u00e9s, o\u00f9 chaque teinte raconte une \u00e9motion : le rouge de la passion, le bleu du r\u00eave, le dor\u00e9 de la lumi\u00e8re.<br \/>\nUne invitation \u00e0 voir la ville \u2014 et soi-m\u00eame \u2014 autrement.<\/p>\n","protected":false},"excerpt":{"rendered":"<p>Tableau r\u00e9sine et acrylique<\/p>\n","protected":false},"featured_media":1288,"template":"","meta":[],"product_brand":[37],"product_cat":[34],"product_tag":[42,43],"class_list":{"0":"post-1287","1":"product","2":"type-product","3":"status-publish","4":"has-post-thumbnail","6":"product_brand-gregos","7":"product_cat-street-art","8":"product_tag-gregos","9":"product_tag-street-art","11":"first","12":"instock","13":"sold-individually","14":"shipping-taxable","15":"purchasable","16":"product-type-simple"},"_links":{"self":[{"href":"https:\/\/galerieresidenza.com\/index.php\/wp-json\/wp\/v2\/product\/1287","targetHints":{"allow":["GET"]}}],"collection":[{"href":"https:\/\/galerieresidenza.com\/index.php\/wp-json\/wp\/v2\/product"}],"about":[{"href":"https:\/\/galerieresidenza.com\/index.php\/wp-json\/wp\/v2\/types\/product"}],"wp:featuredmedia":[{"embeddable":true,"href":"https:\/\/galerieresidenza.com\/index.php\/wp-json\/wp\/v2\/media\/1288"}],"wp:attachment":[{"href":"https:\/\/galerieresidenza.com\/index.php\/wp-json\/wp\/v2\/media?parent=1287"}],"wp:term":[{"taxonomy":"product_brand","embeddable":true,"href":"https:\/\/galerieresidenza.com\/index.php\/wp-json\/wp\/v2\/product_brand?post=1287"},{"taxonomy":"product_cat","embeddable":true,"href":"https:\/\/galerieresidenza.com\/index.php\/wp-json\/wp\/v2\/product_cat?post=1287"},{"taxonomy":"product_tag","embeddable":true,"href":"https:\/\/galerieresidenza.com\/index.php\/wp-json\/wp\/v2\/product_tag?post=1287"}],"curies":[{"name":"wp","href":"https:\/\/api.w.org\/{rel}","templated":true}]}}