{"id":1307,"date":"2025-04-05T19:31:55","date_gmt":"2025-04-05T17:31:55","guid":{"rendered":"https:\/\/innovaartconceptstore.com\/?post_type=product&#038;p=1307"},"modified":"2025-11-10T20:03:37","modified_gmt":"2025-11-10T19:03:37","slug":"hope-dog-hope","status":"publish","type":"product","link":"https:\/\/galerieresidenza.com\/index.php\/produit\/hope-dog-hope\/","title":{"rendered":"Hope Dog"},"content":{"rendered":"<p>Sculpture : acrylique, Porcelaine<\/p>\n<p>Acrylique vernis sur sculpture chien en c\u00e9ramique.<\/p>\n<p>13 x 11 x 8 cm<\/p>\n<p>\u0152uvre unique, sign\u00e9e \u00e0 la main<\/p>\n","protected":false},"excerpt":{"rendered":"<p>Sculpture : acrylique, Porcelaine Acrylique vernis sur sculpture chien en c\u00e9ramique. 13 x 11 x 8 cm \u0152uvre unique, sign\u00e9e \u00e0 la main<\/p>\n","protected":false},"featured_media":1308,"template":"","meta":[],"product_brand":[51],"product_cat":[31,34],"product_tag":[],"class_list":{"0":"post-1307","1":"product","2":"type-product","3":"status-publish","4":"has-post-thumbnail","6":"product_brand-mr-hope","7":"product_cat-sculpture","8":"product_cat-street-art","10":"first","11":"instock","12":"shipping-taxable","13":"purchasable","14":"product-type-simple"},"_links":{"self":[{"href":"https:\/\/galerieresidenza.com\/index.php\/wp-json\/wp\/v2\/product\/1307","targetHints":{"allow":["GET"]}}],"collection":[{"href":"https:\/\/galerieresidenza.com\/index.php\/wp-json\/wp\/v2\/product"}],"about":[{"href":"https:\/\/galerieresidenza.com\/index.php\/wp-json\/wp\/v2\/types\/product"}],"wp:featuredmedia":[{"embeddable":true,"href":"https:\/\/galerieresidenza.com\/index.php\/wp-json\/wp\/v2\/media\/1308"}],"wp:attachment":[{"href":"https:\/\/galerieresidenza.com\/index.php\/wp-json\/wp\/v2\/media?parent=1307"}],"wp:term":[{"taxonomy":"product_brand","embeddable":true,"href":"https:\/\/galerieresidenza.com\/index.php\/wp-json\/wp\/v2\/product_brand?post=1307"},{"taxonomy":"product_cat","embeddable":true,"href":"https:\/\/galerieresidenza.com\/index.php\/wp-json\/wp\/v2\/product_cat?post=1307"},{"taxonomy":"product_tag","embeddable":true,"href":"https:\/\/galerieresidenza.com\/index.php\/wp-json\/wp\/v2\/product_tag?post=1307"}],"curies":[{"name":"wp","href":"https:\/\/api.w.org\/{rel}","templated":true}]}}