{"id":1309,"date":"2025-05-05T19:38:25","date_gmt":"2025-05-05T17:38:25","guid":{"rendered":"https:\/\/innovaartconceptstore.com\/?post_type=product&#038;p=1309"},"modified":"2025-11-10T20:02:16","modified_gmt":"2025-11-10T19:02:16","slug":"hope-ourson-color","status":"publish","type":"product","link":"https:\/\/galerieresidenza.com\/index.php\/produit\/hope-ourson-color\/","title":{"rendered":"Ourson Color"},"content":{"rendered":"<p>Sculpture : acrylique, Plastique<\/p>\n<p>17 x 10 x 5 cm<\/p>\n<p>\u0152uvre unique, sign\u00e9e \u00e0 la main<\/p>\n","protected":false},"excerpt":{"rendered":"<p>Sculpture : acrylique, Plastique 17 x 10 x 5 cm \u0152uvre unique, sign\u00e9e \u00e0 la main<\/p>\n","protected":false},"featured_media":1310,"template":"","meta":[],"product_brand":[51],"product_cat":[31,34],"product_tag":[],"class_list":{"0":"post-1309","1":"product","2":"type-product","3":"status-publish","4":"has-post-thumbnail","6":"product_brand-mr-hope","7":"product_cat-sculpture","8":"product_cat-street-art","10":"first","11":"instock","12":"shipping-taxable","13":"purchasable","14":"product-type-simple"},"_links":{"self":[{"href":"https:\/\/galerieresidenza.com\/index.php\/wp-json\/wp\/v2\/product\/1309","targetHints":{"allow":["GET"]}}],"collection":[{"href":"https:\/\/galerieresidenza.com\/index.php\/wp-json\/wp\/v2\/product"}],"about":[{"href":"https:\/\/galerieresidenza.com\/index.php\/wp-json\/wp\/v2\/types\/product"}],"wp:featuredmedia":[{"embeddable":true,"href":"https:\/\/galerieresidenza.com\/index.php\/wp-json\/wp\/v2\/media\/1310"}],"wp:attachment":[{"href":"https:\/\/galerieresidenza.com\/index.php\/wp-json\/wp\/v2\/media?parent=1309"}],"wp:term":[{"taxonomy":"product_brand","embeddable":true,"href":"https:\/\/galerieresidenza.com\/index.php\/wp-json\/wp\/v2\/product_brand?post=1309"},{"taxonomy":"product_cat","embeddable":true,"href":"https:\/\/galerieresidenza.com\/index.php\/wp-json\/wp\/v2\/product_cat?post=1309"},{"taxonomy":"product_tag","embeddable":true,"href":"https:\/\/galerieresidenza.com\/index.php\/wp-json\/wp\/v2\/product_tag?post=1309"}],"curies":[{"name":"wp","href":"https:\/\/api.w.org\/{rel}","templated":true}]}}