{"id":1311,"date":"2025-11-05T19:42:02","date_gmt":"2025-11-05T18:42:02","guid":{"rendered":"https:\/\/innovaartconceptstore.com\/?post_type=product&#038;p=1311"},"modified":"2026-03-02T19:19:31","modified_gmt":"2026-03-02T18:19:31","slug":"hope-star","status":"publish","type":"product","link":"https:\/\/galerieresidenza.com\/index.php\/produit\/hope-star\/","title":{"rendered":"Star"},"content":{"rendered":"<p>Sculpture : acrylique<\/p>\n<p>Acrylique sur sculpture en forme d&rsquo;\u00e9toile en c\u00e9ramique.<\/p>\n<p>30 x 30 x 5 cm<\/p>\n<p>\u0152uvre unique, sign\u00e9e \u00e0 la main<\/p>\n","protected":false},"excerpt":{"rendered":"<p>Sculpture : acrylique Acrylique sur sculpture en forme d&rsquo;\u00e9toile en c\u00e9ramique. 30 x 30 x 5 cm \u0152uvre unique, sign\u00e9e \u00e0 la main<\/p>\n","protected":false},"featured_media":1312,"template":"","meta":[],"product_brand":[51],"product_cat":[31,34],"product_tag":[],"class_list":{"0":"post-1311","1":"product","2":"type-product","3":"status-publish","4":"has-post-thumbnail","6":"product_brand-mr-hope","7":"product_cat-sculpture","8":"product_cat-street-art","10":"first","11":"instock","12":"featured","13":"shipping-taxable","14":"purchasable","15":"product-type-simple"},"_links":{"self":[{"href":"https:\/\/galerieresidenza.com\/index.php\/wp-json\/wp\/v2\/product\/1311","targetHints":{"allow":["GET"]}}],"collection":[{"href":"https:\/\/galerieresidenza.com\/index.php\/wp-json\/wp\/v2\/product"}],"about":[{"href":"https:\/\/galerieresidenza.com\/index.php\/wp-json\/wp\/v2\/types\/product"}],"wp:featuredmedia":[{"embeddable":true,"href":"https:\/\/galerieresidenza.com\/index.php\/wp-json\/wp\/v2\/media\/1312"}],"wp:attachment":[{"href":"https:\/\/galerieresidenza.com\/index.php\/wp-json\/wp\/v2\/media?parent=1311"}],"wp:term":[{"taxonomy":"product_brand","embeddable":true,"href":"https:\/\/galerieresidenza.com\/index.php\/wp-json\/wp\/v2\/product_brand?post=1311"},{"taxonomy":"product_cat","embeddable":true,"href":"https:\/\/galerieresidenza.com\/index.php\/wp-json\/wp\/v2\/product_cat?post=1311"},{"taxonomy":"product_tag","embeddable":true,"href":"https:\/\/galerieresidenza.com\/index.php\/wp-json\/wp\/v2\/product_tag?post=1311"}],"curies":[{"name":"wp","href":"https:\/\/api.w.org\/{rel}","templated":true}]}}