{"id":1315,"date":"2025-04-05T20:55:36","date_gmt":"2025-04-05T18:55:36","guid":{"rendered":"https:\/\/innovaartconceptstore.com\/?post_type=product&#038;p=1315"},"modified":"2025-11-10T20:02:53","modified_gmt":"2025-11-10T19:02:53","slug":"hope-dans-la-couleur","status":"publish","type":"product","link":"https:\/\/galerieresidenza.com\/index.php\/produit\/hope-dans-la-couleur\/","title":{"rendered":"Mr.Hope dans la couleur"},"content":{"rendered":"<p>Peinture sur toile sur chassis : acrylique, toile<\/p>\n<p>50 x 40 x 1 cm<\/p>\n<p>\u0152uvre unique, sign\u00e9e \u00e0 la main<\/p>\n","protected":false},"excerpt":{"rendered":"<p>Peinture sur toile sur chassis : acrylique, toile 50 x 40 x 1 cm \u0152uvre unique, sign\u00e9e \u00e0 la main<\/p>\n","protected":false},"featured_media":1316,"template":"","meta":[],"product_brand":[51],"product_cat":[25],"product_tag":[],"class_list":{"0":"post-1315","1":"product","2":"type-product","3":"status-publish","4":"has-post-thumbnail","6":"product_brand-mr-hope","7":"product_cat-peinture","9":"first","10":"instock","11":"shipping-taxable","12":"purchasable","13":"product-type-simple"},"_links":{"self":[{"href":"https:\/\/galerieresidenza.com\/index.php\/wp-json\/wp\/v2\/product\/1315","targetHints":{"allow":["GET"]}}],"collection":[{"href":"https:\/\/galerieresidenza.com\/index.php\/wp-json\/wp\/v2\/product"}],"about":[{"href":"https:\/\/galerieresidenza.com\/index.php\/wp-json\/wp\/v2\/types\/product"}],"wp:featuredmedia":[{"embeddable":true,"href":"https:\/\/galerieresidenza.com\/index.php\/wp-json\/wp\/v2\/media\/1316"}],"wp:attachment":[{"href":"https:\/\/galerieresidenza.com\/index.php\/wp-json\/wp\/v2\/media?parent=1315"}],"wp:term":[{"taxonomy":"product_brand","embeddable":true,"href":"https:\/\/galerieresidenza.com\/index.php\/wp-json\/wp\/v2\/product_brand?post=1315"},{"taxonomy":"product_cat","embeddable":true,"href":"https:\/\/galerieresidenza.com\/index.php\/wp-json\/wp\/v2\/product_cat?post=1315"},{"taxonomy":"product_tag","embeddable":true,"href":"https:\/\/galerieresidenza.com\/index.php\/wp-json\/wp\/v2\/product_tag?post=1315"}],"curies":[{"name":"wp","href":"https:\/\/api.w.org\/{rel}","templated":true}]}}