{"id":1346,"date":"2025-05-10T14:51:21","date_gmt":"2025-05-10T12:51:21","guid":{"rendered":"https:\/\/innovaartconceptstore.com\/?post_type=product&#038;p=1346"},"modified":"2025-11-10T16:30:03","modified_gmt":"2025-11-10T15:30:03","slug":"alain-somma-harmonie-douce","status":"publish","type":"product","link":"https:\/\/galerieresidenza.com\/index.php\/produit\/alain-somma-harmonie-douce\/","title":{"rendered":"Harmonie douce"},"content":{"rendered":"<p>Technique : TECHNIQUE MIXTE<br \/>\nSupport : TOILE<br \/>\nDimensions : [80 x 80 cm]<br \/>\n\u00c9dition : Unique<\/p>\n<p>Harmonie douce est une invitation au calme et \u00e0 la contemplation. Sur un fond de jaune d\u00e9licat, l\u2019artiste esquisse des formes l\u00e9g\u00e8res et mouvantes, presque effac\u00e9es, comme des souvenirs qui se dissipent \u00e0 la lumi\u00e8re du jour.<\/p>\n<p>Les nuances tendres de vert et de rose se r\u00e9pondent avec pudeur, sugg\u00e9rant un paysage int\u00e9rieur o\u00f9 la nature semble rena\u00eetre sous une brume l\u00e9g\u00e8re.<\/p>\n<p>C\u2019est une \u0153uvre empreinte de s\u00e9r\u00e9nit\u00e9, o\u00f9 le geste minimaliste devient po\u00e9sie visuelle, entre abstraction et \u00e9motion pure.<\/p>\n","protected":false},"excerpt":{"rendered":"<p>Technique : TECHNIQUE MIXTE Support : TOILE Dimensions : [80 x 80 cm] \u00c9dition : Unique Harmonie douce est une invitation au calme et \u00e0 la contemplation. Sur un fond de jaune d\u00e9licat, l\u2019artiste esquisse des formes l\u00e9g\u00e8res et mouvantes, presque effac\u00e9es, comme des souvenirs qui se dissipent \u00e0 la [&hellip;]<\/p>\n","protected":false},"featured_media":1347,"template":"","meta":[],"product_brand":[52],"product_cat":[25],"product_tag":[],"class_list":{"0":"post-1346","1":"product","2":"type-product","3":"status-publish","4":"has-post-thumbnail","6":"product_brand-alain-somma","7":"product_cat-peinture","9":"first","10":"instock","11":"shipping-taxable","12":"purchasable","13":"product-type-simple"},"_links":{"self":[{"href":"https:\/\/galerieresidenza.com\/index.php\/wp-json\/wp\/v2\/product\/1346","targetHints":{"allow":["GET"]}}],"collection":[{"href":"https:\/\/galerieresidenza.com\/index.php\/wp-json\/wp\/v2\/product"}],"about":[{"href":"https:\/\/galerieresidenza.com\/index.php\/wp-json\/wp\/v2\/types\/product"}],"wp:featuredmedia":[{"embeddable":true,"href":"https:\/\/galerieresidenza.com\/index.php\/wp-json\/wp\/v2\/media\/1347"}],"wp:attachment":[{"href":"https:\/\/galerieresidenza.com\/index.php\/wp-json\/wp\/v2\/media?parent=1346"}],"wp:term":[{"taxonomy":"product_brand","embeddable":true,"href":"https:\/\/galerieresidenza.com\/index.php\/wp-json\/wp\/v2\/product_brand?post=1346"},{"taxonomy":"product_cat","embeddable":true,"href":"https:\/\/galerieresidenza.com\/index.php\/wp-json\/wp\/v2\/product_cat?post=1346"},{"taxonomy":"product_tag","embeddable":true,"href":"https:\/\/galerieresidenza.com\/index.php\/wp-json\/wp\/v2\/product_tag?post=1346"}],"curies":[{"name":"wp","href":"https:\/\/api.w.org\/{rel}","templated":true}]}}