{"id":1350,"date":"2025-05-10T14:57:05","date_gmt":"2025-05-10T12:57:05","guid":{"rendered":"https:\/\/innovaartconceptstore.com\/?post_type=product&#038;p=1350"},"modified":"2025-12-03T16:28:02","modified_gmt":"2025-12-03T15:28:02","slug":"interaction-alain-somma","status":"publish","type":"product","link":"https:\/\/galerieresidenza.com\/index.php\/produit\/interaction-alain-somma\/","title":{"rendered":"Interaction"},"content":{"rendered":"<p><strong>VENDU &#8211; \u0152uvre non disponible<\/strong><\/p>\n<p>&#8212;&#8212;&#8212;&#8212;&#8212;&#8212;&#8212;&#8212;&#8212;&#8212;&#8212;&#8212;&#8212;&#8212;&#8212;&#8212;&#8212;-<\/p>\n<p>Technique : TECHNIQUE MIXTE<br \/>\nSupport : TOILE<br \/>\nDimensions : [80 x 80 cm]<br \/>\n\u00c9dition : Unique<\/p>\n<p>Interaction explore le dialogue entre la lumi\u00e8re et l\u2019obscurit\u00e9, entre le chaos et l\u2019harmonie. Sur un fond noir profond, des \u00e9clats de bleu, de rouge et de rose surgissent comme des impulsions vitales, des chocs d\u2019\u00e9nergie pure.<br \/>\nChaque projection, chaque trace gestuelle semble traduire une tension int\u00e9rieure : celle du monde en mouvement, celle de l\u2019artiste en qu\u00eate d\u2019\u00e9quilibre.<br \/>\nLa composition, \u00e0 la fois explosive et ma\u00eetris\u00e9e, \u00e9voque une rencontre entre forces oppos\u00e9es \u2014 un instant suspendu o\u00f9 la mati\u00e8re et l\u2019\u00e9motion s\u2019entrechoquent pour ne faire plus qu\u2019un.<\/p>\n","protected":false},"excerpt":{"rendered":"<p>VENDU &#8211; \u0152uvre non disponible &#8212;&#8212;&#8212;&#8212;&#8212;&#8212;&#8212;&#8212;&#8212;&#8212;&#8212;&#8212;&#8212;&#8212;&#8212;&#8212;&#8212;- Technique : TECHNIQUE MIXTE Support : TOILE Dimensions : [80 x 80 cm] \u00c9dition : Unique Interaction explore le dialogue entre la lumi\u00e8re et l\u2019obscurit\u00e9, entre le chaos et l\u2019harmonie. Sur un fond noir profond, des \u00e9clats de bleu, de rouge et de rose [&hellip;]<\/p>\n","protected":false},"featured_media":1516,"template":"","meta":[],"product_brand":[52],"product_cat":[25],"product_tag":[],"class_list":{"0":"post-1350","1":"product","2":"type-product","3":"status-publish","4":"has-post-thumbnail","6":"product_brand-alain-somma","7":"product_cat-peinture","9":"first","10":"outofstock","11":"shipping-taxable","12":"purchasable","13":"product-type-simple"},"_links":{"self":[{"href":"https:\/\/galerieresidenza.com\/index.php\/wp-json\/wp\/v2\/product\/1350","targetHints":{"allow":["GET"]}}],"collection":[{"href":"https:\/\/galerieresidenza.com\/index.php\/wp-json\/wp\/v2\/product"}],"about":[{"href":"https:\/\/galerieresidenza.com\/index.php\/wp-json\/wp\/v2\/types\/product"}],"wp:featuredmedia":[{"embeddable":true,"href":"https:\/\/galerieresidenza.com\/index.php\/wp-json\/wp\/v2\/media\/1516"}],"wp:attachment":[{"href":"https:\/\/galerieresidenza.com\/index.php\/wp-json\/wp\/v2\/media?parent=1350"}],"wp:term":[{"taxonomy":"product_brand","embeddable":true,"href":"https:\/\/galerieresidenza.com\/index.php\/wp-json\/wp\/v2\/product_brand?post=1350"},{"taxonomy":"product_cat","embeddable":true,"href":"https:\/\/galerieresidenza.com\/index.php\/wp-json\/wp\/v2\/product_cat?post=1350"},{"taxonomy":"product_tag","embeddable":true,"href":"https:\/\/galerieresidenza.com\/index.php\/wp-json\/wp\/v2\/product_tag?post=1350"}],"curies":[{"name":"wp","href":"https:\/\/api.w.org\/{rel}","templated":true}]}}