{"id":1352,"date":"2025-11-10T15:01:39","date_gmt":"2025-11-10T14:01:39","guid":{"rendered":"https:\/\/innovaartconceptstore.com\/?post_type=product&#038;p=1352"},"modified":"2025-11-10T15:04:24","modified_gmt":"2025-11-10T14:04:24","slug":"alain-somma-patience","status":"publish","type":"product","link":"https:\/\/galerieresidenza.com\/index.php\/produit\/alain-somma-patience\/","title":{"rendered":"Patience"},"content":{"rendered":"<p>Technique : TECHNIQUE MIXTE<br \/>\nSupport : TOILE<br \/>\nDimensions : [80 x 80 cm]<br \/>\n\u00c9dition : Unique<\/p>\n<p>Entre explosion et silence, Patience traduit le moment suspendu entre le chaos et la ma\u00eetrise.<br \/>\nSur un fond solaire, presque m\u00e9ditatif, les \u00e9clats noirs semblent lutter pour trouver leur \u00e9quilibre.<br \/>\nChaque geste, chaque \u00e9claboussure t\u00e9moigne d\u2019un mouvement contenu, d\u2019une tension int\u00e9rieure canalis\u00e9e par l\u2019artiste.<br \/>\nCette \u0153uvre invite \u00e0 la contemplation du temps qui passe, de l\u2019attente f\u00e9conde, de cette respiration avant l\u2019\u00e9lan.<br \/>\nUn hymne \u00e0 la r\u00e9silience, \u00e0 la force tranquille qui pr\u00e9c\u00e8de toute renaissance.<\/p>\n","protected":false},"excerpt":{"rendered":"<p>Technique : TECHNIQUE MIXTE Support : TOILE Dimensions : [80 x 80 cm] \u00c9dition : Unique Entre explosion et silence, Patience traduit le moment suspendu entre le chaos et la ma\u00eetrise. Sur un fond solaire, presque m\u00e9ditatif, les \u00e9clats noirs semblent lutter pour trouver leur \u00e9quilibre. Chaque geste, chaque \u00e9claboussure [&hellip;]<\/p>\n","protected":false},"featured_media":1348,"template":"","meta":[],"product_brand":[52],"product_cat":[25],"product_tag":[],"class_list":{"0":"post-1352","1":"product","2":"type-product","3":"status-publish","4":"has-post-thumbnail","6":"product_brand-alain-somma","7":"product_cat-peinture","9":"first","10":"instock","11":"shipping-taxable","12":"purchasable","13":"product-type-simple"},"_links":{"self":[{"href":"https:\/\/galerieresidenza.com\/index.php\/wp-json\/wp\/v2\/product\/1352","targetHints":{"allow":["GET"]}}],"collection":[{"href":"https:\/\/galerieresidenza.com\/index.php\/wp-json\/wp\/v2\/product"}],"about":[{"href":"https:\/\/galerieresidenza.com\/index.php\/wp-json\/wp\/v2\/types\/product"}],"wp:featuredmedia":[{"embeddable":true,"href":"https:\/\/galerieresidenza.com\/index.php\/wp-json\/wp\/v2\/media\/1348"}],"wp:attachment":[{"href":"https:\/\/galerieresidenza.com\/index.php\/wp-json\/wp\/v2\/media?parent=1352"}],"wp:term":[{"taxonomy":"product_brand","embeddable":true,"href":"https:\/\/galerieresidenza.com\/index.php\/wp-json\/wp\/v2\/product_brand?post=1352"},{"taxonomy":"product_cat","embeddable":true,"href":"https:\/\/galerieresidenza.com\/index.php\/wp-json\/wp\/v2\/product_cat?post=1352"},{"taxonomy":"product_tag","embeddable":true,"href":"https:\/\/galerieresidenza.com\/index.php\/wp-json\/wp\/v2\/product_tag?post=1352"}],"curies":[{"name":"wp","href":"https:\/\/api.w.org\/{rel}","templated":true}]}}