{"id":1354,"date":"2025-11-10T15:14:03","date_gmt":"2025-11-10T14:14:03","guid":{"rendered":"https:\/\/innovaartconceptstore.com\/?post_type=product&#038;p=1354"},"modified":"2026-03-02T19:19:15","modified_gmt":"2026-03-02T18:19:15","slug":"artmj-inner-liberation","status":"publish","type":"product","link":"https:\/\/galerieresidenza.com\/index.php\/produit\/artmj-inner-liberation\/","title":{"rendered":"Inner Liberation"},"content":{"rendered":"<p>L\u00a0\u00bbabandon de l&rsquo;\u00e2me \u00e0 la force intrins\u00e8que de la nature &#8230; Le plaisir.<\/p>\n","protected":false},"excerpt":{"rendered":"<p>L\u00a0\u00bbabandon de l&rsquo;\u00e2me \u00e0 la force intrins\u00e8que de la nature &#8230; Le plaisir.<\/p>\n","protected":false},"featured_media":1355,"template":"","meta":[],"product_brand":[53],"product_cat":[33],"product_tag":[],"class_list":{"0":"post-1354","1":"product","2":"type-product","3":"status-publish","4":"has-post-thumbnail","6":"product_brand-artmj","7":"product_cat-photo","9":"first","10":"instock","11":"featured","12":"shipping-taxable","13":"purchasable","14":"product-type-simple"},"_links":{"self":[{"href":"https:\/\/galerieresidenza.com\/index.php\/wp-json\/wp\/v2\/product\/1354","targetHints":{"allow":["GET"]}}],"collection":[{"href":"https:\/\/galerieresidenza.com\/index.php\/wp-json\/wp\/v2\/product"}],"about":[{"href":"https:\/\/galerieresidenza.com\/index.php\/wp-json\/wp\/v2\/types\/product"}],"wp:featuredmedia":[{"embeddable":true,"href":"https:\/\/galerieresidenza.com\/index.php\/wp-json\/wp\/v2\/media\/1355"}],"wp:attachment":[{"href":"https:\/\/galerieresidenza.com\/index.php\/wp-json\/wp\/v2\/media?parent=1354"}],"wp:term":[{"taxonomy":"product_brand","embeddable":true,"href":"https:\/\/galerieresidenza.com\/index.php\/wp-json\/wp\/v2\/product_brand?post=1354"},{"taxonomy":"product_cat","embeddable":true,"href":"https:\/\/galerieresidenza.com\/index.php\/wp-json\/wp\/v2\/product_cat?post=1354"},{"taxonomy":"product_tag","embeddable":true,"href":"https:\/\/galerieresidenza.com\/index.php\/wp-json\/wp\/v2\/product_tag?post=1354"}],"curies":[{"name":"wp","href":"https:\/\/api.w.org\/{rel}","templated":true}]}}