{"id":1360,"date":"2025-06-10T15:23:04","date_gmt":"2025-06-10T13:23:04","guid":{"rendered":"https:\/\/innovaartconceptstore.com\/?post_type=product&#038;p=1360"},"modified":"2025-11-10T15:44:35","modified_gmt":"2025-11-10T14:44:35","slug":"artmj-wounded-soul","status":"publish","type":"product","link":"https:\/\/galerieresidenza.com\/index.php\/produit\/artmj-wounded-soul\/","title":{"rendered":"Wounded Soul"},"content":{"rendered":"<p>L&rsquo;\u00e2me bless\u00e9e reste douce et r\u00e9siliente &#8230; Elle pardonne.<\/p>\n","protected":false},"excerpt":{"rendered":"<p>L&rsquo;\u00e2me bless\u00e9e reste douce et r\u00e9siliente &#8230; Elle pardonne.<\/p>\n","protected":false},"featured_media":1357,"template":"","meta":[],"product_brand":[53],"product_cat":[33],"product_tag":[],"class_list":{"0":"post-1360","1":"product","2":"type-product","3":"status-publish","4":"has-post-thumbnail","6":"product_brand-artmj","7":"product_cat-photo","9":"first","10":"instock","11":"shipping-taxable","12":"purchasable","13":"product-type-simple"},"_links":{"self":[{"href":"https:\/\/galerieresidenza.com\/index.php\/wp-json\/wp\/v2\/product\/1360","targetHints":{"allow":["GET"]}}],"collection":[{"href":"https:\/\/galerieresidenza.com\/index.php\/wp-json\/wp\/v2\/product"}],"about":[{"href":"https:\/\/galerieresidenza.com\/index.php\/wp-json\/wp\/v2\/types\/product"}],"wp:featuredmedia":[{"embeddable":true,"href":"https:\/\/galerieresidenza.com\/index.php\/wp-json\/wp\/v2\/media\/1357"}],"wp:attachment":[{"href":"https:\/\/galerieresidenza.com\/index.php\/wp-json\/wp\/v2\/media?parent=1360"}],"wp:term":[{"taxonomy":"product_brand","embeddable":true,"href":"https:\/\/galerieresidenza.com\/index.php\/wp-json\/wp\/v2\/product_brand?post=1360"},{"taxonomy":"product_cat","embeddable":true,"href":"https:\/\/galerieresidenza.com\/index.php\/wp-json\/wp\/v2\/product_cat?post=1360"},{"taxonomy":"product_tag","embeddable":true,"href":"https:\/\/galerieresidenza.com\/index.php\/wp-json\/wp\/v2\/product_tag?post=1360"}],"curies":[{"name":"wp","href":"https:\/\/api.w.org\/{rel}","templated":true}]}}