{"id":1361,"date":"2025-04-10T15:24:57","date_gmt":"2025-04-10T13:24:57","guid":{"rendered":"https:\/\/innovaartconceptstore.com\/?post_type=product&#038;p=1361"},"modified":"2025-11-10T15:44:26","modified_gmt":"2025-11-10T14:44:26","slug":"artmj-miroir-naturel","status":"publish","type":"product","link":"https:\/\/galerieresidenza.com\/index.php\/produit\/artmj-miroir-naturel\/","title":{"rendered":"Miroir Naturel"},"content":{"rendered":"<p>Ou la r\u00e9v\u00e9lation de la connexion profonde entre notre Terre et l&rsquo;\u00e2me humaine.<br \/>\nAborder comment les \u00e9l\u00e9ments naturels refl\u00e8tent et nourrissent notre force int\u00e9rieure.<\/p>\n","protected":false},"excerpt":{"rendered":"<p>Ou la r\u00e9v\u00e9lation de la connexion profonde entre notre Terre et l&rsquo;\u00e2me humaine. Aborder comment les \u00e9l\u00e9ments naturels refl\u00e8tent et nourrissent notre force int\u00e9rieure.<\/p>\n","protected":false},"featured_media":1356,"template":"","meta":[],"product_brand":[53],"product_cat":[33],"product_tag":[],"class_list":{"0":"post-1361","1":"product","2":"type-product","3":"status-publish","4":"has-post-thumbnail","6":"product_brand-artmj","7":"product_cat-photo","9":"first","10":"instock","11":"shipping-taxable","12":"purchasable","13":"product-type-simple"},"_links":{"self":[{"href":"https:\/\/galerieresidenza.com\/index.php\/wp-json\/wp\/v2\/product\/1361","targetHints":{"allow":["GET"]}}],"collection":[{"href":"https:\/\/galerieresidenza.com\/index.php\/wp-json\/wp\/v2\/product"}],"about":[{"href":"https:\/\/galerieresidenza.com\/index.php\/wp-json\/wp\/v2\/types\/product"}],"wp:featuredmedia":[{"embeddable":true,"href":"https:\/\/galerieresidenza.com\/index.php\/wp-json\/wp\/v2\/media\/1356"}],"wp:attachment":[{"href":"https:\/\/galerieresidenza.com\/index.php\/wp-json\/wp\/v2\/media?parent=1361"}],"wp:term":[{"taxonomy":"product_brand","embeddable":true,"href":"https:\/\/galerieresidenza.com\/index.php\/wp-json\/wp\/v2\/product_brand?post=1361"},{"taxonomy":"product_cat","embeddable":true,"href":"https:\/\/galerieresidenza.com\/index.php\/wp-json\/wp\/v2\/product_cat?post=1361"},{"taxonomy":"product_tag","embeddable":true,"href":"https:\/\/galerieresidenza.com\/index.php\/wp-json\/wp\/v2\/product_tag?post=1361"}],"curies":[{"name":"wp","href":"https:\/\/api.w.org\/{rel}","templated":true}]}}