{"id":1489,"date":"2025-11-25T14:25:48","date_gmt":"2025-11-25T13:25:48","guid":{"rendered":"https:\/\/innovaartconceptstore.com\/?post_type=product&#038;p=1489"},"modified":"2026-03-02T19:18:31","modified_gmt":"2026-03-02T18:18:31","slug":"bamba-maeryn-halo","status":"publish","type":"product","link":"https:\/\/galerieresidenza.com\/index.php\/produit\/bamba-maeryn-halo\/","title":{"rendered":"Maeryn Halo"},"content":{"rendered":"<p>Technique : ACRYLIQUE<br \/>\nSupport : TOILE<br \/>\nFormat : 18 X 24 cm<\/p>\n<p>\u0152uvre originale<br \/>\nCertificat d&rsquo;authenticit\u00e9 fourni.<\/p>\n<p>Bamba, le serpent punk cosmique.<br \/>\nBamba n&rsquo;est pas juste une \u0153uvre.<br \/>\nC&rsquo;est une pr\u00e9sence, un \u00e9clat venu d&rsquo;ailleurs.<\/p>\n<p>Car chaque Bamba est unique.<br \/>\nChaque \u00eatre humain a son Bamba.<\/p>\n<p>Parfois c&rsquo;est lui qui vous choisit, parfois c&rsquo;est vous qui le reconnaissez.<br \/>\nPartout o\u00f9 il passe, il rappelle que l&rsquo;art peut prot\u00e9ger, que la tendresse est une force, et que l&rsquo;amour c&rsquo;est du courage.<br \/>\nBamba c&rsquo;est une vibration. et si vous la reconnaissez&#8230; C&rsquo;est qu&rsquo;il est d\u00e9j\u00e0 en vous.<\/p>\n","protected":false},"excerpt":{"rendered":"<p>Technique : ACRYLIQUE Support : TOILE Format : 18 X 24 cm \u0152uvre originale Certificat d&rsquo;authenticit\u00e9 fourni. Bamba, le serpent punk cosmique. Bamba n&rsquo;est pas juste une \u0153uvre. C&rsquo;est une pr\u00e9sence, un \u00e9clat venu d&rsquo;ailleurs. Car chaque Bamba est unique. Chaque \u00eatre humain a son Bamba. Parfois c&rsquo;est lui qui [&hellip;]<\/p>\n","protected":false},"featured_media":1490,"template":"","meta":[],"product_brand":[55],"product_cat":[25],"product_tag":[],"class_list":{"0":"post-1489","1":"product","2":"type-product","3":"status-publish","4":"has-post-thumbnail","6":"product_brand-bamba","7":"product_cat-peinture","9":"first","10":"instock","11":"featured","12":"shipping-taxable","13":"purchasable","14":"product-type-simple"},"_links":{"self":[{"href":"https:\/\/galerieresidenza.com\/index.php\/wp-json\/wp\/v2\/product\/1489","targetHints":{"allow":["GET"]}}],"collection":[{"href":"https:\/\/galerieresidenza.com\/index.php\/wp-json\/wp\/v2\/product"}],"about":[{"href":"https:\/\/galerieresidenza.com\/index.php\/wp-json\/wp\/v2\/types\/product"}],"wp:featuredmedia":[{"embeddable":true,"href":"https:\/\/galerieresidenza.com\/index.php\/wp-json\/wp\/v2\/media\/1490"}],"wp:attachment":[{"href":"https:\/\/galerieresidenza.com\/index.php\/wp-json\/wp\/v2\/media?parent=1489"}],"wp:term":[{"taxonomy":"product_brand","embeddable":true,"href":"https:\/\/galerieresidenza.com\/index.php\/wp-json\/wp\/v2\/product_brand?post=1489"},{"taxonomy":"product_cat","embeddable":true,"href":"https:\/\/galerieresidenza.com\/index.php\/wp-json\/wp\/v2\/product_cat?post=1489"},{"taxonomy":"product_tag","embeddable":true,"href":"https:\/\/galerieresidenza.com\/index.php\/wp-json\/wp\/v2\/product_tag?post=1489"}],"curies":[{"name":"wp","href":"https:\/\/api.w.org\/{rel}","templated":true}]}}