{"id":1513,"date":"2025-12-03T16:15:07","date_gmt":"2025-12-03T15:15:07","guid":{"rendered":"https:\/\/innovaartconceptstore.com\/?post_type=product&#038;p=1513"},"modified":"2026-03-02T19:18:20","modified_gmt":"2026-03-02T18:18:20","slug":"philippe-para-midnight-flight","status":"publish","type":"product","link":"https:\/\/galerieresidenza.com\/index.php\/produit\/philippe-para-midnight-flight\/","title":{"rendered":"Midnight Flight"},"content":{"rendered":"<p>\u0152uvre Unique<br \/>\nC\u00e9ramique avec Or et Platine<br \/>\nPeinture sur Sph\u00e8re<\/p>\n<p>Sph\u00e8re r\u00e9alis\u00e9e sur mesure au sein des \u00c9maux de Longwi, l\u2019une des plus anciennes fabriques de c\u00e9ramique fran\u00e7aises, fond\u00e9e \u00e0 la fin du XVIII\u1d49 si\u00e8cle (vers 1780).<br \/>\nLeur savoir-faire repose sur des techniques d\u2019\u00e9maillage traditionnel tr\u00e8s sp\u00e9cifiques, ce qui conf\u00e8re \u00e0 la sph\u00e8re une valeur artistique et patrimoniale particuli\u00e8re.<\/p>\n<p>Certificat d&rsquo;authenticit\u00e9 fourni.<\/p>\n","protected":false},"excerpt":{"rendered":"<p>\u0152uvre Unique C\u00e9ramique avec Or et Platine Peinture sur Sph\u00e8re Sph\u00e8re r\u00e9alis\u00e9e sur mesure au sein des \u00c9maux de Longwi, l\u2019une des plus anciennes fabriques de c\u00e9ramique fran\u00e7aises, fond\u00e9e \u00e0 la fin du XVIII\u1d49 si\u00e8cle (vers 1780). Leur savoir-faire repose sur des techniques d\u2019\u00e9maillage traditionnel tr\u00e8s sp\u00e9cifiques, ce qui conf\u00e8re [&hellip;]<\/p>\n","protected":false},"featured_media":1514,"template":"","meta":[],"product_brand":[57],"product_cat":[56,25],"product_tag":[],"class_list":{"0":"post-1513","1":"product","2":"type-product","3":"status-publish","4":"has-post-thumbnail","6":"product_brand-philippe-para","7":"product_cat-design","8":"product_cat-peinture","10":"first","11":"instock","12":"featured","13":"shipping-taxable","14":"purchasable","15":"product-type-simple"},"_links":{"self":[{"href":"https:\/\/galerieresidenza.com\/index.php\/wp-json\/wp\/v2\/product\/1513","targetHints":{"allow":["GET"]}}],"collection":[{"href":"https:\/\/galerieresidenza.com\/index.php\/wp-json\/wp\/v2\/product"}],"about":[{"href":"https:\/\/galerieresidenza.com\/index.php\/wp-json\/wp\/v2\/types\/product"}],"wp:featuredmedia":[{"embeddable":true,"href":"https:\/\/galerieresidenza.com\/index.php\/wp-json\/wp\/v2\/media\/1514"}],"wp:attachment":[{"href":"https:\/\/galerieresidenza.com\/index.php\/wp-json\/wp\/v2\/media?parent=1513"}],"wp:term":[{"taxonomy":"product_brand","embeddable":true,"href":"https:\/\/galerieresidenza.com\/index.php\/wp-json\/wp\/v2\/product_brand?post=1513"},{"taxonomy":"product_cat","embeddable":true,"href":"https:\/\/galerieresidenza.com\/index.php\/wp-json\/wp\/v2\/product_cat?post=1513"},{"taxonomy":"product_tag","embeddable":true,"href":"https:\/\/galerieresidenza.com\/index.php\/wp-json\/wp\/v2\/product_tag?post=1513"}],"curies":[{"name":"wp","href":"https:\/\/api.w.org\/{rel}","templated":true}]}}