{"id":1548,"date":"2025-08-16T11:09:41","date_gmt":"2025-08-16T09:09:41","guid":{"rendered":"https:\/\/innovaartconceptstore.com\/?post_type=product&#038;p=1548"},"modified":"2025-12-16T11:12:56","modified_gmt":"2025-12-16T10:12:56","slug":"carbussica-skate-symboles","status":"publish","type":"product","link":"https:\/\/galerieresidenza.com\/index.php\/produit\/carbussica-skate-symboles\/","title":{"rendered":"Skate N\u00b07 Symboles"},"content":{"rendered":"<p>Pi\u00e8ce n\u00b07 d&rsquo;une collection de 10 pi\u00e8ces num\u00e9rot\u00e9es<\/p>\n<p>Dimensions : 80 cm x 20 cm<\/p>\n<p>Pi\u00e8ce unique<\/p>\n","protected":false},"excerpt":{"rendered":"<p>Pi\u00e8ce n\u00b07 d&rsquo;une collection de 10 pi\u00e8ces num\u00e9rot\u00e9es Dimensions : 80 cm x 20 cm Pi\u00e8ce unique<\/p>\n","protected":false},"featured_media":1549,"template":"","meta":[],"product_brand":[38],"product_cat":[56,25],"product_tag":[],"class_list":{"0":"post-1548","1":"product","2":"type-product","3":"status-publish","4":"has-post-thumbnail","6":"product_brand-isabelle-carbuccia","7":"product_cat-design","8":"product_cat-peinture","10":"first","11":"instock","12":"shipping-taxable","13":"purchasable","14":"product-type-simple"},"_links":{"self":[{"href":"https:\/\/galerieresidenza.com\/index.php\/wp-json\/wp\/v2\/product\/1548","targetHints":{"allow":["GET"]}}],"collection":[{"href":"https:\/\/galerieresidenza.com\/index.php\/wp-json\/wp\/v2\/product"}],"about":[{"href":"https:\/\/galerieresidenza.com\/index.php\/wp-json\/wp\/v2\/types\/product"}],"wp:featuredmedia":[{"embeddable":true,"href":"https:\/\/galerieresidenza.com\/index.php\/wp-json\/wp\/v2\/media\/1549"}],"wp:attachment":[{"href":"https:\/\/galerieresidenza.com\/index.php\/wp-json\/wp\/v2\/media?parent=1548"}],"wp:term":[{"taxonomy":"product_brand","embeddable":true,"href":"https:\/\/galerieresidenza.com\/index.php\/wp-json\/wp\/v2\/product_brand?post=1548"},{"taxonomy":"product_cat","embeddable":true,"href":"https:\/\/galerieresidenza.com\/index.php\/wp-json\/wp\/v2\/product_cat?post=1548"},{"taxonomy":"product_tag","embeddable":true,"href":"https:\/\/galerieresidenza.com\/index.php\/wp-json\/wp\/v2\/product_tag?post=1548"}],"curies":[{"name":"wp","href":"https:\/\/api.w.org\/{rel}","templated":true}]}}