{"id":1551,"date":"2025-08-16T11:20:11","date_gmt":"2025-08-16T09:20:11","guid":{"rendered":"https:\/\/innovaartconceptstore.com\/?post_type=product&#038;p=1551"},"modified":"2025-12-16T11:24:26","modified_gmt":"2025-12-16T10:24:26","slug":"carbuccia-mickey-arty","status":"publish","type":"product","link":"https:\/\/galerieresidenza.com\/index.php\/produit\/carbuccia-mickey-arty\/","title":{"rendered":"Mickey Arty #4"},"content":{"rendered":"<p>\u0152uvre issue d&rsquo;une collection num\u00e9rot\u00e9es de sculpture en acier r\u00e9alis\u00e9es \u00e0 la main<\/p>\n<p>Travail de peinture et de feuille d&rsquo;or 24 carats<\/p>\n<p>Sculpture N\u00b04 &#8211; Mickey Arty<\/p>\n<p>Dimensions : 45 cm x 29 cm<\/p>\n<p>Socle : 24 cm X 12 cm<\/p>\n<p>Pi\u00e8ce unique<\/p>\n<p>Certificat d&rsquo;authenticit\u00e9<\/p>\n","protected":false},"excerpt":{"rendered":"<p>\u0152uvre issue d&rsquo;une collection num\u00e9rot\u00e9es de sculpture en acier r\u00e9alis\u00e9es \u00e0 la main Travail de peinture et de feuille d&rsquo;or 24 carats Sculpture N\u00b04 &#8211; Mickey Arty Dimensions : 45 cm x 29 cm Socle : 24 cm X 12 cm Pi\u00e8ce unique Certificat d&rsquo;authenticit\u00e9<\/p>\n","protected":false},"featured_media":1552,"template":"","meta":[],"product_brand":[38],"product_cat":[31],"product_tag":[],"class_list":{"0":"post-1551","1":"product","2":"type-product","3":"status-publish","4":"has-post-thumbnail","6":"product_brand-isabelle-carbuccia","7":"product_cat-sculpture","9":"first","10":"instock","11":"shipping-taxable","12":"purchasable","13":"product-type-simple"},"_links":{"self":[{"href":"https:\/\/galerieresidenza.com\/index.php\/wp-json\/wp\/v2\/product\/1551","targetHints":{"allow":["GET"]}}],"collection":[{"href":"https:\/\/galerieresidenza.com\/index.php\/wp-json\/wp\/v2\/product"}],"about":[{"href":"https:\/\/galerieresidenza.com\/index.php\/wp-json\/wp\/v2\/types\/product"}],"wp:featuredmedia":[{"embeddable":true,"href":"https:\/\/galerieresidenza.com\/index.php\/wp-json\/wp\/v2\/media\/1552"}],"wp:attachment":[{"href":"https:\/\/galerieresidenza.com\/index.php\/wp-json\/wp\/v2\/media?parent=1551"}],"wp:term":[{"taxonomy":"product_brand","embeddable":true,"href":"https:\/\/galerieresidenza.com\/index.php\/wp-json\/wp\/v2\/product_brand?post=1551"},{"taxonomy":"product_cat","embeddable":true,"href":"https:\/\/galerieresidenza.com\/index.php\/wp-json\/wp\/v2\/product_cat?post=1551"},{"taxonomy":"product_tag","embeddable":true,"href":"https:\/\/galerieresidenza.com\/index.php\/wp-json\/wp\/v2\/product_tag?post=1551"}],"curies":[{"name":"wp","href":"https:\/\/api.w.org\/{rel}","templated":true}]}}