{"id":1553,"date":"2025-08-16T11:26:23","date_gmt":"2025-08-16T09:26:23","guid":{"rendered":"https:\/\/innovaartconceptstore.com\/?post_type=product&#038;p=1553"},"modified":"2025-12-16T11:29:07","modified_gmt":"2025-12-16T10:29:07","slug":"carbuccia-vase-a-toi","status":"publish","type":"product","link":"https:\/\/galerieresidenza.com\/index.php\/produit\/carbuccia-vase-a-toi\/","title":{"rendered":"A toi"},"content":{"rendered":"<p>Vase travaill\u00e9 en peinture et feuille d&rsquo;or 24 carats<\/p>\n<p>Dimensions : 40 cm x 40 cm<\/p>\n<p>Pi\u00e8ce unique<\/p>\n<p>Certificat d&rsquo;authenticit\u00e9<\/p>\n","protected":false},"excerpt":{"rendered":"<p>Vase travaill\u00e9 en peinture et feuille d&rsquo;or 24 carats Dimensions : 40 cm x 40 cm Pi\u00e8ce unique Certificat d&rsquo;authenticit\u00e9<\/p>\n","protected":false},"featured_media":1554,"template":"","meta":[],"product_brand":[38],"product_cat":[59],"product_tag":[],"class_list":{"0":"post-1553","1":"product","2":"type-product","3":"status-publish","4":"has-post-thumbnail","6":"product_brand-isabelle-carbuccia","7":"product_cat-vase","9":"first","10":"instock","11":"shipping-taxable","12":"purchasable","13":"product-type-simple"},"_links":{"self":[{"href":"https:\/\/galerieresidenza.com\/index.php\/wp-json\/wp\/v2\/product\/1553","targetHints":{"allow":["GET"]}}],"collection":[{"href":"https:\/\/galerieresidenza.com\/index.php\/wp-json\/wp\/v2\/product"}],"about":[{"href":"https:\/\/galerieresidenza.com\/index.php\/wp-json\/wp\/v2\/types\/product"}],"wp:featuredmedia":[{"embeddable":true,"href":"https:\/\/galerieresidenza.com\/index.php\/wp-json\/wp\/v2\/media\/1554"}],"wp:attachment":[{"href":"https:\/\/galerieresidenza.com\/index.php\/wp-json\/wp\/v2\/media?parent=1553"}],"wp:term":[{"taxonomy":"product_brand","embeddable":true,"href":"https:\/\/galerieresidenza.com\/index.php\/wp-json\/wp\/v2\/product_brand?post=1553"},{"taxonomy":"product_cat","embeddable":true,"href":"https:\/\/galerieresidenza.com\/index.php\/wp-json\/wp\/v2\/product_cat?post=1553"},{"taxonomy":"product_tag","embeddable":true,"href":"https:\/\/galerieresidenza.com\/index.php\/wp-json\/wp\/v2\/product_tag?post=1553"}],"curies":[{"name":"wp","href":"https:\/\/api.w.org\/{rel}","templated":true}]}}