{"id":1599,"date":"2026-03-02T14:49:22","date_gmt":"2026-03-02T13:49:22","guid":{"rendered":"https:\/\/innovaartconceptstore.com\/?post_type=product&#038;p=1599"},"modified":"2026-03-02T14:50:59","modified_gmt":"2026-03-02T13:50:59","slug":"street-street-diptyque","status":"publish","type":"product","link":"https:\/\/galerieresidenza.com\/index.php\/produit\/street-street-diptyque\/","title":{"rendered":"Street &#038; Street 2"},"content":{"rendered":"<p>S\u00e9rie STREET THERAPY<\/p>\n<p>Diptyque<\/p>\n<ul>\n<li>65 X 80 cm<\/li>\n<\/ul>\n<p>Peut \u00eatre venu \u00e0 l&rsquo;unit\u00e9, 1 300 \u20ac le tableau<\/p>\n","protected":false},"excerpt":{"rendered":"<p>S\u00e9rie STREET THERAPY Diptyque 65 X 80 cm Peut \u00eatre venu \u00e0 l&rsquo;unit\u00e9, 1 300 \u20ac le tableau<\/p>\n","protected":false},"featured_media":1600,"template":"","meta":[],"product_brand":[48],"product_cat":[25],"product_tag":[],"class_list":{"0":"post-1599","1":"product","2":"type-product","3":"status-publish","4":"has-post-thumbnail","6":"product_brand-hugo-w2cj","7":"product_cat-peinture","9":"first","10":"instock","11":"shipping-taxable","12":"purchasable","13":"product-type-simple"},"_links":{"self":[{"href":"https:\/\/galerieresidenza.com\/index.php\/wp-json\/wp\/v2\/product\/1599","targetHints":{"allow":["GET"]}}],"collection":[{"href":"https:\/\/galerieresidenza.com\/index.php\/wp-json\/wp\/v2\/product"}],"about":[{"href":"https:\/\/galerieresidenza.com\/index.php\/wp-json\/wp\/v2\/types\/product"}],"wp:featuredmedia":[{"embeddable":true,"href":"https:\/\/galerieresidenza.com\/index.php\/wp-json\/wp\/v2\/media\/1600"}],"wp:attachment":[{"href":"https:\/\/galerieresidenza.com\/index.php\/wp-json\/wp\/v2\/media?parent=1599"}],"wp:term":[{"taxonomy":"product_brand","embeddable":true,"href":"https:\/\/galerieresidenza.com\/index.php\/wp-json\/wp\/v2\/product_brand?post=1599"},{"taxonomy":"product_cat","embeddable":true,"href":"https:\/\/galerieresidenza.com\/index.php\/wp-json\/wp\/v2\/product_cat?post=1599"},{"taxonomy":"product_tag","embeddable":true,"href":"https:\/\/galerieresidenza.com\/index.php\/wp-json\/wp\/v2\/product_tag?post=1599"}],"curies":[{"name":"wp","href":"https:\/\/api.w.org\/{rel}","templated":true}]}}