{"id":751,"date":"2025-05-11T18:09:21","date_gmt":"2025-05-11T16:09:21","guid":{"rendered":"https:\/\/innovaartconceptstore.com\/?post_type=product&#038;p=751"},"modified":"2025-07-18T16:41:35","modified_gmt":"2025-07-18T14:41:35","slug":"diana-k-pieces-of-us","status":"publish","type":"product","link":"https:\/\/galerieresidenza.com\/index.php\/produit\/diana-k-pieces-of-us\/","title":{"rendered":"Pieces Of Us"},"content":{"rendered":"<p>Technique mixte \u2013 Collage num\u00e9rique &amp; art brut<br \/>\n\u00c9dition limit\u00e9e : 7 exemplaires (sign\u00e9s &amp; num\u00e9rot\u00e9s)<br \/>\nCertificat d&rsquo;authenticit\u00e9<br \/>\nFormat : A3 \u2013 Impression haute d\u00e9finition sur papier textur\u00e9 350g<\/p>\n","protected":false},"excerpt":{"rendered":"<p>Cr\u00e9ation digitale<\/p>\n","protected":false},"featured_media":1159,"template":"","meta":[],"product_brand":[41],"product_cat":[26],"product_tag":[],"class_list":{"0":"post-751","1":"product","2":"type-product","3":"status-publish","4":"has-post-thumbnail","6":"product_brand-diana-k","7":"product_cat-digital","9":"first","10":"instock","11":"shipping-taxable","12":"purchasable","13":"product-type-simple"},"_links":{"self":[{"href":"https:\/\/galerieresidenza.com\/index.php\/wp-json\/wp\/v2\/product\/751","targetHints":{"allow":["GET"]}}],"collection":[{"href":"https:\/\/galerieresidenza.com\/index.php\/wp-json\/wp\/v2\/product"}],"about":[{"href":"https:\/\/galerieresidenza.com\/index.php\/wp-json\/wp\/v2\/types\/product"}],"wp:featuredmedia":[{"embeddable":true,"href":"https:\/\/galerieresidenza.com\/index.php\/wp-json\/wp\/v2\/media\/1159"}],"wp:attachment":[{"href":"https:\/\/galerieresidenza.com\/index.php\/wp-json\/wp\/v2\/media?parent=751"}],"wp:term":[{"taxonomy":"product_brand","embeddable":true,"href":"https:\/\/galerieresidenza.com\/index.php\/wp-json\/wp\/v2\/product_brand?post=751"},{"taxonomy":"product_cat","embeddable":true,"href":"https:\/\/galerieresidenza.com\/index.php\/wp-json\/wp\/v2\/product_cat?post=751"},{"taxonomy":"product_tag","embeddable":true,"href":"https:\/\/galerieresidenza.com\/index.php\/wp-json\/wp\/v2\/product_tag?post=751"}],"curies":[{"name":"wp","href":"https:\/\/api.w.org\/{rel}","templated":true}]}}