{"id":964,"date":"2025-02-19T22:37:58","date_gmt":"2025-02-19T21:37:58","guid":{"rendered":"https:\/\/innovaartconceptstore.com\/?post_type=product&#038;p=964"},"modified":"2025-10-08T21:19:08","modified_gmt":"2025-10-08T19:19:08","slug":"diana-k-presonne-ne-viendra","status":"publish","type":"product","link":"https:\/\/galerieresidenza.com\/index.php\/produit\/diana-k-presonne-ne-viendra\/","title":{"rendered":"413 \u2013 Personne ne viendra"},"content":{"rendered":"<p>Technique mixte sur toile num\u00e9rique<\/p>\n<p>Elle regarde devant elle, mais ce n\u2019est pas un r\u00eave qu\u2019elle voit, c\u2019est un vertige.<br \/>\nTrop de tours, trop hautes. Trop de vide entre chaque parole entendue.<br \/>\nElle comprend, d\u00e9j\u00e0, qu\u2019elle devra faire seule. Qu\u2019il n\u2019y aura pas de sauveur.<br \/>\nQu\u2019on l\u2019a mise en route sans carte, sans guide, sans abri.<br \/>\nEt pourtant, elle avance. Pas \u00e0 pas. Parce qu\u2019elle n\u2019a pas le choix.<\/p>\n<p>\u00ab J\u2019ai compris tr\u00e8s t\u00f4t que je devrais \u00eatre l\u2019adulte que personne ne serait pour moi. \u00bb<\/p>\n","protected":false},"excerpt":{"rendered":"<p>Technique mixte num\u00e9rique<\/p>\n","protected":false},"featured_media":965,"template":"","meta":[],"product_brand":[41],"product_cat":[26],"product_tag":[],"class_list":{"0":"post-964","1":"product","2":"type-product","3":"status-publish","4":"has-post-thumbnail","6":"product_brand-diana-k","7":"product_cat-digital","9":"first","10":"instock","11":"shipping-taxable","12":"purchasable","13":"product-type-simple"},"_links":{"self":[{"href":"https:\/\/galerieresidenza.com\/index.php\/wp-json\/wp\/v2\/product\/964","targetHints":{"allow":["GET"]}}],"collection":[{"href":"https:\/\/galerieresidenza.com\/index.php\/wp-json\/wp\/v2\/product"}],"about":[{"href":"https:\/\/galerieresidenza.com\/index.php\/wp-json\/wp\/v2\/types\/product"}],"wp:featuredmedia":[{"embeddable":true,"href":"https:\/\/galerieresidenza.com\/index.php\/wp-json\/wp\/v2\/media\/965"}],"wp:attachment":[{"href":"https:\/\/galerieresidenza.com\/index.php\/wp-json\/wp\/v2\/media?parent=964"}],"wp:term":[{"taxonomy":"product_brand","embeddable":true,"href":"https:\/\/galerieresidenza.com\/index.php\/wp-json\/wp\/v2\/product_brand?post=964"},{"taxonomy":"product_cat","embeddable":true,"href":"https:\/\/galerieresidenza.com\/index.php\/wp-json\/wp\/v2\/product_cat?post=964"},{"taxonomy":"product_tag","embeddable":true,"href":"https:\/\/galerieresidenza.com\/index.php\/wp-json\/wp\/v2\/product_tag?post=964"}],"curies":[{"name":"wp","href":"https:\/\/api.w.org\/{rel}","templated":true}]}}